{"id":47437,"date":"2022-11-29T18:36:20","date_gmt":"2022-11-29T17:36:20","guid":{"rendered":"https:\/\/sagradafamilia-tickets.com\/?page_id=47437"},"modified":"2023-03-22T15:49:18","modified_gmt":"2023-03-22T14:49:18","slug":"informativa-sulla-privacy","status":"publish","type":"page","link":"https:\/\/sagradafamilia-tickets.com\/it\/informativa-sulla-privacy\/","title":{"rendered":"Informativa sulla privacy"},"content":{"rendered":"\t\t<div data-elementor-type=\"wp-page\" data-elementor-id=\"47437\" class=\"elementor elementor-47437 elementor-8776\">\n\t\t\t\t\t\t<div class=\"elementor-inner\">\n\t\t\t\t<div class=\"elementor-section-wrap\">\n\t\t\t\t\t\t\t\t\t<section class=\"elementor-section elementor-top-section elementor-element elementor-element-6da2feec elementor-section-boxed elementor-section-height-default elementor-section-height-default\" data-id=\"6da2feec\" data-element_type=\"section\">\n\t\t\t\t\t\t<div class=\"elementor-container elementor-column-gap-default\">\n\t\t\t\t\t\t\t<div class=\"elementor-row\">\n\t\t\t\t\t<div class=\"elementor-column elementor-col-100 elementor-top-column elementor-element elementor-element-60728d45\" data-id=\"60728d45\" data-element_type=\"column\">\n\t\t\t<div class=\"elementor-column-wrap elementor-element-populated\">\n\t\t\t\t\t\t\t<div class=\"elementor-widget-wrap\">\n\t\t\t\t\t\t<div class=\"elementor-element elementor-element-1fecd9b2 elementor-widget elementor-widget-text-editor\" data-id=\"1fecd9b2\" data-element_type=\"widget\" data-widget_type=\"text-editor.default\">\n\t\t\t\t<div class=\"elementor-widget-container\">\n\t\t\t\t\t\t\t\t<div class=\"elementor-text-editor elementor-clearfix\">\n\t\t\t\t<h2><strong>INFORMATIVA SULLA PRIVACY<\/strong><\/h2><p>\u00a0<\/p><ol><li><strong>IDENTIFICAZIONE E DATI DI CONTATTO DELLA PERSONA RESPONSABILE<\/strong><\/li><\/ol><p><span style=\"font-weight: 400;\"><b><img loading=\"lazy\" class=\"alignnone size-full wp-image-75740\" src=\"https:\/\/sagradafamilia-tickets.com\/wp-content\/uploads\/2023\/03\/Itcubation-S.R.L.png\" alt=\"\" width=\"254\" height=\"16\" \/><\/b>, con codice fiscale n\u00ba Number <i style=\"font-weight: inherit;\"><img loading=\"lazy\" class=\" wp-image-42095 alignnone\" src=\"https:\/\/sagradafamilia-tickets.com\/wp-content\/uploads\/2022\/10\/B67624437.png\" alt=\"\" width=\"72\" height=\"11\" \/><\/i>, <\/span>con sede legale in Calle Balmes n\u00ba 32, Principal 2\u00aa, C.P. 08007 nella citt\u00e0 di Barcellona (Spagna) e iscritta al Registro Mercantile di (Barcellona) al Volume 47314, Folio 29 (di seguito, il &#8220;Titolare\u201d), \u00e8 responsabile del trattamento dei dati raccolti o generati a seguito dell&#8217;accesso, dell&#8217;utilizzo e della navigazione da parte degli utenti del sito www. sagradafamilia-tickets.com (di seguito, rispettivamente, l&#8217; \u201cUtente\u201d o gli \u201cUtenti\u201c e il \u201cSito Web\u201d o il \u201cSito\u201d), e utilizza i cookie per monitorare le abitudini di navigazione degli Utenti su questo Sito, come indicato nella presente informativa sui cookie (di seguito, la \u201cInformativa sui cookie\u201c).<\/p><p>Il Titolare informa gli Utenti del Sito attraverso la presente informativa sulla privacy (di seguito, l\u2019 \u201dInformativa sulla privacy\u201d) sul trattamento e la protezione dei loro dati personali che possono essere raccolti attraverso la navigazione o la contrattazione di servizi sul Sito. L&#8217;utilizzo del Sito da parte dell&#8217;Utente implica l&#8217;accettazione della presente Informativa sulla privacy.<\/p><ol start=\"2\"><li><strong>DATI RACCOLTI<\/strong><\/li><\/ol><p>Per il solo fatto di visitare e navigare in questo Sito, non vengono registrati automaticamente dati che consentano di identificare gli Utenti per nome. Tuttavia, alcune informazioni vengono raccolte e registrate nei sistemi del Titolare (ad esempio, il tipo di browser Internet, il sistema operativo, l&#8217;indirizzo IP da cui si accede al Sito) al fine di migliorare la navigazione dell&#8217;Utente e la gestione del Sito stesso. Allo stesso modo, il Sito Web pu\u00f2 utilizzare cookie e tecnologie simili il cui uso \u00e8 soggetto al consenso degli Utenti in conformit\u00e0 con la <a href=\"https:\/\/sagradafamilia-tickets.com\/it\/informativa-sui-cookie\/\">Politica sui cookie<\/a>.<\/p><p>Fatto salvo quanto sopra, per l&#8217;utilizzo di determinati contenuti o servizi offerti sul Sito web, il Titolare pu\u00f2 richiedere all&#8217;Utente alcuni dati personali (ad esempio, nome, cognome, numero di carta d&#8217;identit\u00e0 nazionale o di straniero, indirizzo, numero di telefono, numero di cellulare, indirizzo e-mail, o altri dati forniti dagli Utenti stessi nei campi aperti dei moduli presenti sul Sito web); in tal caso, il Titolare fornir\u00e0 all&#8217;Utente le informazioni necessarie prima di procedere al trattamento dei suoi dati.<\/p><p>Nel caso in cui l&#8217;Utente fornisca dati di terzi, l&#8217;Utente dichiara di avere il consenso degli stessi o una sufficiente legittimazione, e si impegna a trasferire all&#8217;interessato, titolare di tali dati, l&#8217;informativa contenuta nella presente Privacy Policy, esonerando il Titolare da qualsiasi responsabilit\u00e0 al riguardo. Tuttavia, il Titolare del trattamento potr\u00e0 effettuare le verifiche necessarie per accertare tale circostanza, adottando le corrispondenti misure di due diligence, in conformit\u00e0 alla normativa applicabile in materia di protezione dei dati.<\/p><p>Allo stesso modo, l&#8217;Utente garantisce di avere pi\u00f9 di diciotto (18) anni e che i dati forniti al Titolare sono veri, accurati, completi e aggiornati. A tal fine, l&#8217;Utente \u00e8 responsabile della veridicit\u00e0 di tutti i dati forniti e manterr\u00e0 le informazioni fornite adeguatamente aggiornate, in modo che corrispondano alla sua situazione reale.<br \/>Infine, l&#8217;Utente sar\u00e0 responsabile di qualsiasi informazione falsa o inesatta fornita attraverso il Sito e di qualsiasi danno, diretto o indiretto, che ci\u00f2 possa causare al Titolare o a terzi.<\/p><ol start=\"3\"><li><strong>OBBLIGO DI FORNIRE I DATI<\/strong><\/li><\/ol><p>I dati richiesti nei moduli predisposti sul Sito sono, in generale, obbligatori (salvo diversa indicazione nel campo obbligatorio) al fine di ottemperare alle finalit\u00e0 di cui alla sezione 4 che segue. Pertanto, se tali dati non vengono forniti o non sono corretti o veritieri, il Titolare non potr\u00e0 rispondere.<\/p><ol start=\"4\"><li><strong>FINALIT\u00c0 DEL TRATTAMENTO<\/strong><\/li><\/ol><p>Oltre a gestire le richieste di informazioni e contenuti, o a fornire servizi espressamente richiesti dagli Utenti o con il loro consenso, il Titolare del trattamento ha un legittimo interesse a utilizzare le informazioni raccolte o generate per tutti i seguenti scopi:<\/p><ol><li>Gestire le Sue richieste di contatto con il Titolare attraverso i canali previsti a tal fine sul Sito web.<\/li><li>Gestire la contrattazione dei servizi svolti nell&#8217;ambito del Sito web, compresa la gestione del pagamento e della remissione dell&#8217;ordine.<\/li><li>Migliorare il sito web, la sua gestione e la sua sicurezza.<\/li><li>Gestire l&#8217;invio di comunicazioni commerciali sui servizi del Titolare del trattamento, a meno che l&#8217;Utente non indichi diversamente, spuntando la casella corrispondente, o manifesti la propria opposizione a tale trattamento.<\/li><li>Inviare all&#8217;Utente comunicazioni commerciali (offerte, promozioni, ecc.) con mezzi elettronici e\/o convenzionali, su prodotti e servizi di societ\u00e0 terze con cui il Titolare collabora, a condizione che l&#8217;Utente vi acconsenta selezionando la casella corrispondente.<\/li><li>Effettuare studi per analizzare la rilevanza e l&#8217;utilizzo del sito web, anche attraverso informazioni anonime.<\/li><li>Per gestire richieste, reclami e incidenti trasferiti attraverso i nostri canali di contatto incorporati nel sito web.<\/li><li>Comprendere il comportamento dell&#8217;Utente all&#8217;interno del Sito Web al fine di individuare eventuali attacchi informatici allo stesso.<\/li><li>Rispettare gli obblighi di legge direttamente applicabili e che regolano l&#8217;attivit\u00e0 del Titolare.<\/li><\/ol><ol start=\"5\"><li><strong>COMUNICAZIONI COMMERCIALI E PROMOZIONALI<\/strong><\/li><\/ol><p>Una delle finalit\u00e0 per cui il Titolare tratta i dati personali forniti dagli Utenti \u00e8 quella di inviare loro comunicazioni elettroniche con informazioni relative a servizi, promozioni, offerte, eventi o notizie rilevanti per loro. Ogni comunicazione di questo tipo sar\u00e0 indirizzata solo ed esclusivamente agli Utenti che non abbiano precedentemente espresso il proprio rifiuto a riceverla o che l&#8217;abbiano espressamente autorizzata.<\/p><p>Per svolgere il suddetto compito, il Titolare del trattamento potr\u00e0 analizzare i dati ottenuti al fine di elaborare profili dell&#8217;Utente che consentano di definire pi\u00f9 dettagliatamente i servizi che possono essere di interesse per l&#8217;Utente.<br \/>Nel caso in cui l&#8217;Utente desideri non ricevere pi\u00f9 comunicazioni commerciali o promozionali da parte del Titolare, potr\u00e0 richiedere la cancellazione dal servizio cliccando sull&#8217;apposito link presente nel corpo di tali comunicazioni commerciali o inviando un&#8217;e-mail al seguente indirizzo di posta elettronica: support@sagradafamilia-tickets.com e indicando il proprio rifiuto a ricevere tali comunicazioni barrando l&#8217;apposita casella presente nel modulo di raccolta dati o indicandolo tramite l&#8217;opzione di cancellazione prevista in ciascuna delle comunicazioni commerciali inviate.<\/p><ol start=\"6\"><li><strong>BASE GIURIDICA E CONSERVAZIONE<\/strong><\/li><\/ol><p>Il trattamento dei dati personali forniti dall&#8217;Utente avviene sulla base delle seguenti basi giuridiche che lo legittimano:<\/p><ol><li>Accesso e navigazione volontari da parte degli Utenti sul Sito.<\/li><li>Il trattamento dei dati per la contrattazione dei servizi offerti sul Sito \u00e8 necessario per l&#8217;adempimento del rapporto contrattuale tra l&#8217;Utente e il Titolare.<\/li><li>La richiesta da parte degli Utenti di informazioni o di determinati contenuti o servizi.<\/li><li>Rispetto degli obblighi di legge da parte dell&#8217;albergatore.<\/li><li>Il legittimo interesse a migliorare il sito web e la sua sicurezza, nonch\u00e9 a effettuare studi e analisi sul funzionamento e l&#8217;utilizzo del sito web.<\/li><li>Nel caso in cui un Utente acconsenta o se \u00e8 applicabile il legittimo interesse del Titolare, l&#8217;invio di informazioni relative al servizio fornito sul Sito.<\/li><\/ol><p>I dati saranno conservati per tutto il tempo in cui sussistono obblighi legali derivanti dai servizi o dai contenuti richiesti dagli Utenti e, successivamente, fino all&#8217;estinzione delle responsabilit\u00e0 legali o contrattuali che ne impongono la conservazione (ad esempio, fino all&#8217;estinzione della responsabilit\u00e0 derivante dalle norme sulla protezione dei dati o sulla cybersecurity). Tuttavia, il Titolare del trattamento potr\u00e0 conservare i dati, debitamente bloccati, per far fronte ad eventuali responsabilit\u00e0 amministrative o giurisdizionali.<\/p><ol start=\"7\"><li><strong>DIRITTI DEGLI UTENTI<\/strong><\/li><\/ol><p>Gli utenti del Sito possono esercitare in qualsiasi momento i seguenti diritti, nei termini stabiliti dalla normativa vigente:<\/p><ol><li>Il diritto di accesso ai propri dati personali per conoscere quali dati personali vengono trattati e le operazioni di trattamento effettuate su di essi.<\/li><li>Il diritto di rettificare eventuali dati personali inesatti.<\/li><li>Il diritto alla cancellazione dei propri dati personali, ove possibile.<\/li><li>Il diritto di richiedere la limitazione del trattamento dei vostri dati personali qualora l&#8217;accuratezza, la legittimit\u00e0 o la necessit\u00e0 del trattamento dei dati sia in dubbio, nel qual caso potremmo conservare i dati allo scopo di perseguire o difendere i reclami.<\/li><li>Il diritto alla portabilit\u00e0 dei vostri dati personali, laddove la base giuridica per il trattamento dei vostri dati personali, come indicato nella tabella precedente, sia il rapporto contrattuale o il consenso.<\/li><li>Il diritto di opporsi al trattamento dei vostri dati personali, qualora la base giuridica che ci consente di trattare i vostri dati personali sia il legittimo interesse. Per queste finalit\u00e0, interromperemo il trattamento dei vostri dati a meno che non abbiamo un interesse legittimo impellente o per la formulazione, l&#8217;esercizio o la difesa di reclami.<\/li><li>Il diritto di ritirare il proprio consenso in qualsiasi momento.<\/li><\/ol><p>Per esercitare efficacemente tali diritti, l&#8217;Utente, scrivendo al seguente indirizzo e-mail: support@sagradafamilia-tickets.com, deve dimostrare la propria identit\u00e0 fornendo il proprio nome e cognome\/i, una fotocopia della carta d&#8217;identit\u00e0 o di un documento di riconoscimento equivalente che ne attesti l&#8217;identit\u00e0, un&#8217;istanza che specifichi la richiesta, l&#8217;indirizzo ai fini delle notifiche, nonch\u00e9 la data e la firma del richiedente.<\/p><p>Allo stesso modo, l&#8217;Utente pu\u00f2 presentare reclamo all&#8217;Agenzia Spagnola per la Protezione dei Dati (autorit\u00e0 di controllo competente in materia in Spagna), in particolare quando non ha ottenuto soddisfazione nell&#8217;esercizio dei suoi diritti, scrivendo alla stessa, C\/ Jorge Juan, n\u00ba 6, 28001 &#8211; Madrid, o attraverso il sito web: www.agpd.es.<\/p><ol start=\"8\"><li><b> COOKIE<\/b><\/li><\/ol><p>Il Titolare utilizzer\u00e0 dispositivi di archiviazione e recupero dati (&#8220;Cookie&#8221;) solo quando l&#8217;Utente avr\u00e0 dato il proprio consenso preventivo in conformit\u00e0 a quanto indicato nella finestra pop-up del browser dell&#8217;Utente al momento del primo accesso al Sito e agli altri termini e condizioni indicati nella <a href=\"https:\/\/sagradafamilia-tickets.com\/it\/informativa-sui-cookie\/\">Politica sui Cookie<\/a> del Titolare.<\/p><ol start=\"9\"><li><strong>COMUNICAZIONI<\/strong><\/li><\/ol><p>I dati non saranno comunicati a terzi, salvo, se del caso, alle autorit\u00e0 competenti nell&#8217;esercizio delle loro funzioni. In via eccezionale, il Sito Web pu\u00f2 utilizzare cookie di societ\u00e0 terze in conformit\u00e0 con la <a href=\"https:\/\/sagradafamilia-tickets.com\/it\/informativa-sui-cookie\/\">Politica sui cookie<\/a> e con il consenso dell&#8217;Utente.<\/p><ol start=\"10\"><li><strong>MISURE DI SICUREZZA<\/strong><\/li><\/ol><p>Il Titolare adotta le misure necessarie a garantire la sicurezza, l&#8217;integrit\u00e0 e la riservatezza dei dati secondo quanto previsto dal Regolamento (UE) 2016\/679 del Parlamento Europeo e del Consiglio del 27 aprile 2016 relativo alla protezione delle persone fisiche con riguardo al trattamento dei dati personali, nonch\u00e9 alla libera circolazione di tali dati, e, ove non previsto, dalla Legge organica 3\/2018, del 5 dicembre, sulla protezione dei dati personali e la garanzia dei diritti digitali, dal Regio Decreto 1720\/2007, del 21 dicembre, che approva il Regolamento per lo sviluppo della Legge organica sulla protezione dei dati, e dalla Legge 34\/2002, dell&#8217;11 luglio, sui servizi della societ\u00e0 dell&#8217;informazione e il commercio elettronico.<\/p><p>Di conseguenza, il Titolare tratter\u00e0 i dati dell&#8217;Utente in ogni momento in modo assolutamente confidenziale e li manterr\u00e0 segreti, in conformit\u00e0 alle disposizioni della legislazione applicabile, adottando a tal fine le misure tecniche e organizzative necessarie per garantire la sicurezza dei dati e impedirne l&#8217;alterazione, la perdita, il trattamento non autorizzato o l&#8217;accesso, tenendo conto dello stato della tecnologia, della natura dei dati memorizzati e dei rischi a cui sono esposti.<\/p><ol start=\"11\"><li><strong>MODIFICHE ALL&#8217;INFORMATIVA SULLA PRIVACY<\/strong><\/li><\/ol><p>Al fine di garantire che le linee guida del Titolare del trattamento in materia di protezione dei dati personali siano sempre conformi ai requisiti legali di volta in volta vigenti, il Titolare del trattamento si riserva il diritto di apportare modifiche alla presente Informativa sulla privacy al fine di conformarsi ai requisiti legali di volta in volta applicabili.<\/p>\t\t\t\t\t<\/div>\n\t\t\t\t\t\t<\/div>\n\t\t\t\t<\/div>\n\t\t\t\t\t\t<\/div>\n\t\t\t\t\t<\/div>\n\t\t<\/div>\n\t\t\t\t\t\t\t\t<\/div>\n\t\t\t\t\t<\/div>\n\t\t<\/section>\n\t\t\t\t\t\t\t\t\t<\/div>\n\t\t\t<\/div>\n\t\t\t\t\t<\/div>\n\t\t","protected":false},"excerpt":{"rendered":"<p>INFORMATIVA SULLA PRIVACY \u00a0 IDENTIFICAZIONE E DATI DI CONTATTO DELLA PERSONA RESPONSABILE , con codice fiscale n\u00ba Number , con sede legale in Calle Balmes n\u00ba 32, Principal 2\u00aa, C.P. 08007 nella citt\u00e0 di Barcellona (Spagna) e iscritta al Registro Mercantile di (Barcellona) al Volume 47314, Folio 29 (di seguito, il &#8220;Titolare\u201d), \u00e8 responsabile del &hellip;<\/p>\n<p class=\"read-more\"> <a class=\"\" href=\"https:\/\/sagradafamilia-tickets.com\/it\/informativa-sulla-privacy\/\"> <span class=\"screen-reader-text\">Informativa sulla privacy<\/span> Leggi altro &raquo;<\/a><\/p>\n","protected":false},"author":4,"featured_media":0,"parent":0,"menu_order":0,"comment_status":"closed","ping_status":"closed","template":"","meta":{"site-sidebar-layout":"default","site-content-layout":"default","ast-global-header-display":"","ast-main-header-display":"","ast-hfb-above-header-display":"","ast-hfb-below-header-display":"","ast-hfb-mobile-header-display":"","site-post-title":"disabled","ast-breadcrumbs-content":"","ast-featured-img":"","footer-sml-layout":"","theme-transparent-header-meta":"","adv-header-id-meta":"","stick-header-meta":"","header-above-stick-meta":"","header-main-stick-meta":"","header-below-stick-meta":""},"yoast_head":"<!-- This site is optimized with the Yoast SEO plugin v20.4 - https:\/\/yoast.com\/wordpress\/plugins\/seo\/ -->\n<title>Informativa sulla privacy - Sagrada Familia Barcelona<\/title>\n<meta name=\"robots\" content=\"noindex, follow, max-snippet:-1, max-image-preview:large, max-video-preview:-1\" \/>\n<meta property=\"og:locale\" content=\"it_IT\" \/>\n<meta property=\"og:type\" content=\"article\" \/>\n<meta property=\"og:title\" content=\"Informativa sulla privacy - Sagrada Familia Barcelona\" \/>\n<meta property=\"og:description\" content=\"INFORMATIVA SULLA PRIVACY \u00a0 IDENTIFICAZIONE E DATI DI CONTATTO DELLA PERSONA RESPONSABILE , con codice fiscale n\u00ba Number , con sede legale in Calle Balmes n\u00ba 32, Principal 2\u00aa, C.P. 08007 nella citt\u00e0 di Barcellona (Spagna) e iscritta al Registro Mercantile di (Barcellona) al Volume 47314, Folio 29 (di seguito, il &#8220;Titolare\u201d), \u00e8 responsabile del &hellip; Informativa sulla privacy Leggi altro &raquo;\" \/>\n<meta property=\"og:url\" content=\"https:\/\/sagradafamilia-tickets.com\/privacy-policy\/\" \/>\n<meta property=\"og:site_name\" content=\"Sagrada Familia Barcelona\" \/>\n<meta property=\"article:modified_time\" content=\"2023-03-22T14:49:18+00:00\" \/>\n<meta property=\"og:image\" content=\"https:\/\/sagradafamilia-tickets.com\/wp-content\/uploads\/2023\/03\/Itcubation-S.R.L.png\" \/>\n<meta name=\"twitter:card\" content=\"summary_large_image\" \/>\n<meta name=\"twitter:label1\" content=\"Tempo di lettura stimato\" \/>\n\t<meta name=\"twitter:data1\" content=\"9 minuti\" \/>\n<script type=\"application\/ld+json\" class=\"yoast-schema-graph\">{\"@context\":\"https:\/\/schema.org\",\"@graph\":[{\"@type\":\"WebPage\",\"@id\":\"https:\/\/sagradafamilia-tickets.com\/privacy-policy\/\",\"url\":\"https:\/\/sagradafamilia-tickets.com\/privacy-policy\/\",\"name\":\"Informativa sulla privacy - Sagrada Familia Barcelona\",\"isPartOf\":{\"@id\":\"https:\/\/sagradafamilia-tickets.com\/#website\"},\"datePublished\":\"2022-11-29T17:36:20+00:00\",\"dateModified\":\"2023-03-22T14:49:18+00:00\",\"breadcrumb\":{\"@id\":\"https:\/\/sagradafamilia-tickets.com\/privacy-policy\/#breadcrumb\"},\"inLanguage\":\"it-IT\",\"potentialAction\":[{\"@type\":\"ReadAction\",\"target\":[\"https:\/\/sagradafamilia-tickets.com\/privacy-policy\/\"]}]},{\"@type\":\"BreadcrumbList\",\"@id\":\"https:\/\/sagradafamilia-tickets.com\/privacy-policy\/#breadcrumb\",\"itemListElement\":[{\"@type\":\"ListItem\",\"position\":1,\"name\":\"Home\",\"item\":\"https:\/\/sagradafamilia-tickets.com\/\"},{\"@type\":\"ListItem\",\"position\":2,\"name\":\"Informativa sulla privacy\"}]},{\"@type\":\"WebSite\",\"@id\":\"https:\/\/sagradafamilia-tickets.com\/#website\",\"url\":\"https:\/\/sagradafamilia-tickets.com\/\",\"name\":\"Sagrada Familia Barcelona\",\"description\":\"Book Your Tickets &amp; Tours\",\"publisher\":{\"@id\":\"https:\/\/sagradafamilia-tickets.com\/#organization\"},\"potentialAction\":[{\"@type\":\"SearchAction\",\"target\":{\"@type\":\"EntryPoint\",\"urlTemplate\":\"https:\/\/sagradafamilia-tickets.com\/?s={search_term_string}\"},\"query-input\":\"required name=search_term_string\"}],\"inLanguage\":\"it-IT\"},{\"@type\":\"Organization\",\"@id\":\"https:\/\/sagradafamilia-tickets.com\/#organization\",\"name\":\"Sagrada Familia Barcelona\",\"url\":\"https:\/\/sagradafamilia-tickets.com\/\",\"logo\":{\"@type\":\"ImageObject\",\"inLanguage\":\"it-IT\",\"@id\":\"https:\/\/sagradafamilia-tickets.com\/#\/schema\/logo\/image\/\",\"url\":\"https:\/\/sagradafamilia-tickets.com\/wp-content\/uploads\/2022\/08\/Sagrada-Familia-Tick.png\",\"contentUrl\":\"https:\/\/sagradafamilia-tickets.com\/wp-content\/uploads\/2022\/08\/Sagrada-Familia-Tick.png\",\"width\":526,\"height\":50,\"caption\":\"Sagrada Familia Barcelona\"},\"image\":{\"@id\":\"https:\/\/sagradafamilia-tickets.com\/#\/schema\/logo\/image\/\"}}]}<\/script>\n<!-- \/ Yoast SEO plugin. -->","yoast_head_json":{"title":"Informativa sulla privacy - Sagrada Familia Barcelona","robots":{"index":"noindex","follow":"follow","max-snippet":"max-snippet:-1","max-image-preview":"max-image-preview:large","max-video-preview":"max-video-preview:-1"},"og_locale":"it_IT","og_type":"article","og_title":"Informativa sulla privacy - Sagrada Familia Barcelona","og_description":"INFORMATIVA SULLA PRIVACY \u00a0 IDENTIFICAZIONE E DATI DI CONTATTO DELLA PERSONA RESPONSABILE , con codice fiscale n\u00ba Number , con sede legale in Calle Balmes n\u00ba 32, Principal 2\u00aa, C.P. 08007 nella citt\u00e0 di Barcellona (Spagna) e iscritta al Registro Mercantile di (Barcellona) al Volume 47314, Folio 29 (di seguito, il &#8220;Titolare\u201d), \u00e8 responsabile del &hellip; Informativa sulla privacy Leggi altro &raquo;","og_url":"https:\/\/sagradafamilia-tickets.com\/privacy-policy\/","og_site_name":"Sagrada Familia Barcelona","article_modified_time":"2023-03-22T14:49:18+00:00","og_image":[{"url":"https:\/\/sagradafamilia-tickets.com\/wp-content\/uploads\/2023\/03\/Itcubation-S.R.L.png"}],"twitter_card":"summary_large_image","twitter_misc":{"Tempo di lettura stimato":"9 minuti"},"schema":{"@context":"https:\/\/schema.org","@graph":[{"@type":"WebPage","@id":"https:\/\/sagradafamilia-tickets.com\/privacy-policy\/","url":"https:\/\/sagradafamilia-tickets.com\/privacy-policy\/","name":"Informativa sulla privacy - Sagrada Familia Barcelona","isPartOf":{"@id":"https:\/\/sagradafamilia-tickets.com\/#website"},"datePublished":"2022-11-29T17:36:20+00:00","dateModified":"2023-03-22T14:49:18+00:00","breadcrumb":{"@id":"https:\/\/sagradafamilia-tickets.com\/privacy-policy\/#breadcrumb"},"inLanguage":"it-IT","potentialAction":[{"@type":"ReadAction","target":["https:\/\/sagradafamilia-tickets.com\/privacy-policy\/"]}]},{"@type":"BreadcrumbList","@id":"https:\/\/sagradafamilia-tickets.com\/privacy-policy\/#breadcrumb","itemListElement":[{"@type":"ListItem","position":1,"name":"Home","item":"https:\/\/sagradafamilia-tickets.com\/"},{"@type":"ListItem","position":2,"name":"Informativa sulla privacy"}]},{"@type":"WebSite","@id":"https:\/\/sagradafamilia-tickets.com\/#website","url":"https:\/\/sagradafamilia-tickets.com\/","name":"Sagrada Familia Barcelona","description":"Book Your Tickets &amp; Tours","publisher":{"@id":"https:\/\/sagradafamilia-tickets.com\/#organization"},"potentialAction":[{"@type":"SearchAction","target":{"@type":"EntryPoint","urlTemplate":"https:\/\/sagradafamilia-tickets.com\/?s={search_term_string}"},"query-input":"required name=search_term_string"}],"inLanguage":"it-IT"},{"@type":"Organization","@id":"https:\/\/sagradafamilia-tickets.com\/#organization","name":"Sagrada Familia Barcelona","url":"https:\/\/sagradafamilia-tickets.com\/","logo":{"@type":"ImageObject","inLanguage":"it-IT","@id":"https:\/\/sagradafamilia-tickets.com\/#\/schema\/logo\/image\/","url":"https:\/\/sagradafamilia-tickets.com\/wp-content\/uploads\/2022\/08\/Sagrada-Familia-Tick.png","contentUrl":"https:\/\/sagradafamilia-tickets.com\/wp-content\/uploads\/2022\/08\/Sagrada-Familia-Tick.png","width":526,"height":50,"caption":"Sagrada Familia Barcelona"},"image":{"@id":"https:\/\/sagradafamilia-tickets.com\/#\/schema\/logo\/image\/"}}]}},"_links":{"self":[{"href":"https:\/\/sagradafamilia-tickets.com\/it\/wp-json\/wp\/v2\/pages\/47437"}],"collection":[{"href":"https:\/\/sagradafamilia-tickets.com\/it\/wp-json\/wp\/v2\/pages"}],"about":[{"href":"https:\/\/sagradafamilia-tickets.com\/it\/wp-json\/wp\/v2\/types\/page"}],"author":[{"embeddable":true,"href":"https:\/\/sagradafamilia-tickets.com\/it\/wp-json\/wp\/v2\/users\/4"}],"replies":[{"embeddable":true,"href":"https:\/\/sagradafamilia-tickets.com\/it\/wp-json\/wp\/v2\/comments?post=47437"}],"version-history":[{"count":5,"href":"https:\/\/sagradafamilia-tickets.com\/it\/wp-json\/wp\/v2\/pages\/47437\/revisions"}],"predecessor-version":[{"id":75814,"href":"https:\/\/sagradafamilia-tickets.com\/it\/wp-json\/wp\/v2\/pages\/47437\/revisions\/75814"}],"wp:attachment":[{"href":"https:\/\/sagradafamilia-tickets.com\/it\/wp-json\/wp\/v2\/media?parent=47437"}],"curies":[{"name":"wp","href":"https:\/\/api.w.org\/{rel}","templated":true}]}}