{"id":47434,"date":"2022-11-29T18:19:13","date_gmt":"2022-11-29T17:19:13","guid":{"rendered":"https:\/\/sagradafamilia-tickets.com\/?page_id=47434"},"modified":"2023-03-22T15:37:42","modified_gmt":"2023-03-22T14:37:42","slug":"informativa-sui-cookie","status":"publish","type":"page","link":"https:\/\/sagradafamilia-tickets.com\/it\/informativa-sui-cookie\/","title":{"rendered":"Informativa sui cookie"},"content":{"rendered":"\t\t<div data-elementor-type=\"wp-page\" data-elementor-id=\"47434\" class=\"elementor elementor-47434 elementor-8773\">\n\t\t\t\t\t\t<div class=\"elementor-inner\">\n\t\t\t\t<div class=\"elementor-section-wrap\">\n\t\t\t\t\t\t\t\t\t<section class=\"elementor-section elementor-top-section elementor-element elementor-element-4b947b60 elementor-section-boxed elementor-section-height-default elementor-section-height-default\" data-id=\"4b947b60\" data-element_type=\"section\">\n\t\t\t\t\t\t<div class=\"elementor-container elementor-column-gap-default\">\n\t\t\t\t\t\t\t<div class=\"elementor-row\">\n\t\t\t\t\t<div class=\"elementor-column elementor-col-100 elementor-top-column elementor-element elementor-element-6af413d6\" data-id=\"6af413d6\" data-element_type=\"column\">\n\t\t\t<div class=\"elementor-column-wrap elementor-element-populated\">\n\t\t\t\t\t\t\t<div class=\"elementor-widget-wrap\">\n\t\t\t\t\t\t<div class=\"elementor-element elementor-element-32983918 elementor-widget elementor-widget-text-editor\" data-id=\"32983918\" data-element_type=\"widget\" data-widget_type=\"text-editor.default\">\n\t\t\t\t<div class=\"elementor-widget-container\">\n\t\t\t\t\t\t\t\t<div class=\"elementor-text-editor elementor-clearfix\">\n\t\t\t\t<h2><strong>INFORMATIVA SUI COOKIE<\/strong><\/h2><h2>\u00a0<\/h2><p>\u00a0<\/p><ol><li><strong>IDENTIFICAZIONE E DATI DI CONTATTO DELLA PERSONA RESPONSABILE<\/strong><\/li><\/ol><p style=\"font-style: normal;\"><b><img loading=\"lazy\" class=\"alignnone size-full wp-image-75740\" src=\"https:\/\/sagradafamilia-tickets.com\/wp-content\/uploads\/2023\/03\/Itcubation-S.R.L.png\" alt=\"\" width=\"254\" height=\"16\" \/>, <\/b><span style=\"font-weight: 400;\">con codice fiscale <i style=\"font-weight: inherit;\"><img loading=\"lazy\" class=\" wp-image-47356 alignnone\" src=\"https:\/\/sagradafamilia-tickets.com\/wp-content\/uploads\/2022\/10\/B67624437.png\" alt=\"\" width=\"72\" height=\"11\" \/><\/i><\/span><span style=\"font-weight: 400;\">, con sede legale in Calle Balmes n\u00ba 32, Principal 2\u00aa, C.P. 08007 nella citt\u00e0 di Barcellona (Spagna) e iscritta al Registro Mercantile di (Barcellona) al Volume 47314, Folio 29 (di seguito, il &#8220;Titolare\u201d), \u00e8 responsabile del trattamento dei dati raccolti o generati a seguito dell&#8217;accesso, dell&#8217;utilizzo e della navigazione da parte degli utenti del sito www. sagradafamilia-tickets.com (di seguito, rispettivamente, l&#8217; \u201cUtente\u201d o gli \u201cUtenti\u201c e il \u201cSito Web\u201d o il \u201cSito\u201d), e utilizza i cookie per monitorare le abitudini di navigazione degli Utenti su questo Sito, come indicato nella presente informativa sui cookie (di seguito, la \u201cInformativa sui cookie\u201c).<\/span><\/p><ol start=\"2\"><li><b> CONCETTO<\/b><\/li><\/ol><p>Un cookie \u00e8 un file che viene scaricato sull&#8217;hardware utilizzato dall&#8217;Utente quando accede a determinate pagine web al fine di memorizzare e recuperare informazioni sulla navigazione effettuata da tale apparecchiatura. Pertanto, le informazioni raccolte attraverso i cookie ci permettono di ottenere informazioni sulle abitudini di navigazione degli utenti.<\/p><ol start=\"3\"><li><strong>TIPI DI COOKIE E TRATTAMENTO DEI DATI DA PARTE DEI COOKIE<\/strong><\/li><\/ol><p>Questo sito web consente esclusivamente l&#8217;utilizzo dei cookie dello strumento Google Analytics di Google, Inc. (di seguito &#8220;Google&#8221;), societ\u00e0 domiciliata nel Delaware, la cui sede principale si trova al 1600 Amphitheatre Parkway, Mountain View (California), CA 94043, USA, e che pertanto \u00e8 il terzo responsabile dei dati personali.<\/p><p>In questo senso, Google Analytics cattura le interazioni degli utenti sul Sito (ora della visita, se l&#8217;Utente \u00e8 gi\u00e0 stato sul sito, quale sito ha consigliato all&#8217;Utente di visitare la pagina web in questione, indirizzo IP, ecc.) e non fornisce al Titolare informazioni sull&#8217;effettivo indirizzo IP dell&#8217;Utente. ) e non fornisce al Titolare informazioni sull&#8217;indirizzo IP effettivo dell&#8217;Utente, ma solo informazioni statistiche che consistono in visite (visitatori unici, numero di pagine visualizzate, pagine\/visite, durata media della visita, frequenza di rimbalzo, % di nuove visite, visitatori nuovi e di ritorno, frequenza e visite recenti, interazioni, pagine visitate), dati demografici (lingua, paese\/territorio, citt\u00e0), sistema (browser, sistema operativo, provider di accesso a Internet, categoria di dispositivo), fonte\/medium, ecc.<\/p><ol start=\"4\"><li><strong>SCOPO DEI COOKIE<\/strong><\/li><\/ol><p>Lo scopo \u00e8 che il Titolare possa conoscere le abitudini di navigazione degli Utenti del Sito, e possa consultare vari report che descrivono come gli Utenti che visitano il Sito interagiscono allo scopo di migliorarlo. Attraverso queste informazioni, il Titolare pu\u00f2 analizzare la navigazione degli Utenti del Sito, e Google Analytics riporta anche le tendenze del Sito senza identificare i suoi Utenti.<\/p><p>D&#8217;altra parte, l&#8217;Utente pu\u00f2 consultare i termini e le condizioni generali di Google all&#8217;indirizzo www.google.com\/analytics\/tos.html e l&#8217;informativa sulla privacy all&#8217;indirizzo www.google.com\/intl\/es\/policies\/privacy.<\/p><p>Tuttavia, il Titolare non pu\u00f2 controllare e non \u00e8 responsabile del contenuto e della veridicit\u00e0 dei termini e delle condizioni e delle politiche sulla privacy di Google citati nella presente Informativa sui cookie.<\/p><ol start=\"5\"><li><strong>DISATTIVAZIONE DEI COOKIE<\/strong><\/li><\/ol><p>L&#8217;utente del sito web pu\u00f2 in qualsiasi momento revocare il consenso prestato attraverso il pulsante in cima alla presente Informativa sui cookie.<\/p><p>In alternativa, potete anche disabilitare i cookie di Google Analytics, utilizzando i seguenti sistemi:<\/p><ol><li>Il sistema di opt-out di Google Analytics \u00e8 disponibile al seguente link:<ol><li style=\"list-style-type: none;\"><ol><li>https:\/\/tools.google.com\/dlpage\/gaoptout?hl=es<\/li><\/ol><\/li><li>Impostazioni del browser, ad esempio<ol><li>Chrome, da support.google.com\/chrome\/answer\/95647?hl=en<\/li><li>Explorer, da support.microsoft.com\/en-us\/help\/17442\/windows-internetexplorer-delete-manage-cookies<\/li><li>Firefox, da support.mozilla.org\/kb\/kb\/it\/en\/enable-and-disable-cookies-websites-track-preferences<\/li><\/ol><\/li><\/ol><\/li><\/ol><p>La disabilitazione dei cookie di Google Analytics non vi impedir\u00e0 di utilizzare il Sito. Se cancellate tutti i cookie da questo sito web, attraverso il vostro browser, cancellerete anche le opzioni di configurazione che avete scelto per i nostri cookie. Inoltre, in ogni caso, \u00e8 necessario accedere alla versione pi\u00f9 aggiornata di ciascun browser e, nel caso in cui si utilizzi un browser Internet diverso da quelli precedentemente indicati, si consiglia di consultare le diverse opzioni di gestione dei cookie eventualmente disponibili nello stesso in qualsiasi momento.<\/p><p><span style=\"font-weight: 400;\">Disabling Google Analytics cookies will not prevent you from using this Website. If you delete all cookies from this Website, through your browser, you will also delete the settings you have chosen for our cookies. In any case, you must access the most updated version of each browser, and in the event that you use any other Internet browser of those previously indicated, we recommend that you consult the different cookie management options that may be available in the same at any given time.<\/span><\/p><ol start=\"6\"><li><strong>MODIFICHE ALLA POLITICA SUI COOKIE<\/strong><\/li><\/ol><p>Al fine di garantire che le linee guida sui cookie del Titolare siano sempre conformi ai requisiti legali in vigore in un determinato momento, il Titolare si riserva il diritto di apportare modifiche alla presente Politica sui cookie per conformarsi ai requisiti legali applicabili in un determinato momento.<\/p><ol start=\"7\"><li><strong>COMUNICAZIONI E TRASFERIMENTI INTERNAZIONALI DI DATI<\/strong><\/li><\/ol><p>I cookie di terze parti utilizzati sul Sito appartengono a Google, con sede negli Stati Uniti, al di fuori dello Spazio economico europeo. Google \u00e8 membro del Privacy Shield Framework UE-USA.<\/p><p>I dati non saranno divulgati a terzi, ad eccezione di quanto previsto dall&#8217;informativa sulla privacy di Google di cui sopra.<\/p><ol start=\"8\"><li><strong>INFORMATIVA SULLA PRIVACY<\/strong><\/li><\/ol><p>Per ulteriori informazioni sul trattamento dei dati personali, \u00e8 possibile leggere la nostra <a href=\"https:\/\/sagradafamilia-tickets.com\/it\/informativa-sulla-privacy\/\">informativa sulla privacy<\/a>.<\/p><ol start=\"9\"><li><strong>DIRITTI DEGLI UTENTI<\/strong><\/li><\/ol><p>L&#8217;Utente pu\u00f2 esercitare i diritti di accesso, rettifica, cancellazione, opposizione, limitazione del trattamento e portabilit\u00e0, ove applicabili, nonch\u00e9 revocare il proprio consenso, in relazione ai trattamenti di cui \u00e8 responsabile il Titolare del trattamento. Per l&#8217;esercizio effettivo di tali diritti, l&#8217;Utente pu\u00f2 scrivere al seguente indirizzo e-mail:<br \/>support@sagradafamilia-tickets.com, \u00e8 necessario dimostrare la propria identit\u00e0 fornendo il proprio nome e cognome\/i, una fotocopia della carta d&#8217;identit\u00e0 o di un documento di riconoscimento equipollente che attesti la propria identit\u00e0, una richiesta che specifichi la domanda, l&#8217;indirizzo per la notifica, la data e la firma del richiedente.<\/p><p>Per l&#8217;esercizio dei diritti nei confronti di Google, l&#8217;utente deve fare riferimento alle disposizioni della sua politica sulla privacy indicate sopra.<\/p><p>Allo stesso modo, l&#8217;Utente pu\u00f2 presentare reclamo all&#8217;Agenzia Spagnola per la Protezione dei Dati (autorit\u00e0 di controllo competente in materia in Spagna), in particolare quando non ha ottenuto soddisfazione nell&#8217;esercizio dei suoi diritti, scrivendo alla stessa, C\/ Jorge Juan, n\u00ba 6, 28001 &#8211; Madrid, o attraverso il sito web: www.agpd.es.<\/p>\t\t\t\t\t<\/div>\n\t\t\t\t\t\t<\/div>\n\t\t\t\t<\/div>\n\t\t\t\t\t\t<\/div>\n\t\t\t\t\t<\/div>\n\t\t<\/div>\n\t\t\t\t\t\t\t\t<\/div>\n\t\t\t\t\t<\/div>\n\t\t<\/section>\n\t\t\t\t\t\t\t\t\t<\/div>\n\t\t\t<\/div>\n\t\t\t\t\t<\/div>\n\t\t","protected":false},"excerpt":{"rendered":"<p>INFORMATIVA SUI COOKIE \u00a0 \u00a0 IDENTIFICAZIONE E DATI DI CONTATTO DELLA PERSONA RESPONSABILE , con codice fiscale , con sede legale in Calle Balmes n\u00ba 32, Principal 2\u00aa, C.P. 08007 nella citt\u00e0 di Barcellona (Spagna) e iscritta al Registro Mercantile di (Barcellona) al Volume 47314, Folio 29 (di seguito, il &#8220;Titolare\u201d), \u00e8 responsabile del trattamento &hellip;<\/p>\n<p class=\"read-more\"> <a class=\"\" href=\"https:\/\/sagradafamilia-tickets.com\/it\/informativa-sui-cookie\/\"> <span class=\"screen-reader-text\">Informativa sui cookie<\/span> Leggi altro &raquo;<\/a><\/p>\n","protected":false},"author":4,"featured_media":0,"parent":0,"menu_order":0,"comment_status":"closed","ping_status":"closed","template":"","meta":{"site-sidebar-layout":"default","site-content-layout":"default","ast-global-header-display":"","ast-main-header-display":"","ast-hfb-above-header-display":"","ast-hfb-below-header-display":"","ast-hfb-mobile-header-display":"","site-post-title":"disabled","ast-breadcrumbs-content":"","ast-featured-img":"","footer-sml-layout":"","theme-transparent-header-meta":"","adv-header-id-meta":"","stick-header-meta":"","header-above-stick-meta":"","header-main-stick-meta":"","header-below-stick-meta":""},"yoast_head":"<!-- This site is optimized with the Yoast SEO plugin v20.4 - https:\/\/yoast.com\/wordpress\/plugins\/seo\/ -->\n<title>Informativa sui cookie - Sagrada Familia Barcelona<\/title>\n<meta name=\"robots\" content=\"noindex, follow, max-snippet:-1, max-image-preview:large, max-video-preview:-1\" \/>\n<meta property=\"og:locale\" content=\"it_IT\" \/>\n<meta property=\"og:type\" content=\"article\" \/>\n<meta property=\"og:title\" content=\"Informativa sui cookie - Sagrada Familia Barcelona\" \/>\n<meta property=\"og:description\" content=\"INFORMATIVA SUI COOKIE \u00a0 \u00a0 IDENTIFICAZIONE E DATI DI CONTATTO DELLA PERSONA RESPONSABILE , con codice fiscale , con sede legale in Calle Balmes n\u00ba 32, Principal 2\u00aa, C.P. 08007 nella citt\u00e0 di Barcellona (Spagna) e iscritta al Registro Mercantile di (Barcellona) al Volume 47314, Folio 29 (di seguito, il &#8220;Titolare\u201d), \u00e8 responsabile del trattamento &hellip; Informativa sui cookie Leggi altro &raquo;\" \/>\n<meta property=\"og:url\" content=\"https:\/\/sagradafamilia-tickets.com\/cookies_policy\/\" \/>\n<meta property=\"og:site_name\" content=\"Sagrada Familia Barcelona\" \/>\n<meta property=\"article:modified_time\" content=\"2023-03-22T14:37:42+00:00\" \/>\n<meta property=\"og:image\" content=\"https:\/\/sagradafamilia-tickets.com\/wp-content\/uploads\/2023\/03\/Itcubation-S.R.L.png\" \/>\n<meta name=\"twitter:card\" content=\"summary_large_image\" \/>\n<meta name=\"twitter:label1\" content=\"Tempo di lettura stimato\" \/>\n\t<meta name=\"twitter:data1\" content=\"5 minuti\" \/>\n<script type=\"application\/ld+json\" class=\"yoast-schema-graph\">{\"@context\":\"https:\/\/schema.org\",\"@graph\":[{\"@type\":\"WebPage\",\"@id\":\"https:\/\/sagradafamilia-tickets.com\/cookies_policy\/\",\"url\":\"https:\/\/sagradafamilia-tickets.com\/cookies_policy\/\",\"name\":\"Informativa sui cookie - Sagrada Familia Barcelona\",\"isPartOf\":{\"@id\":\"https:\/\/sagradafamilia-tickets.com\/#website\"},\"datePublished\":\"2022-11-29T17:19:13+00:00\",\"dateModified\":\"2023-03-22T14:37:42+00:00\",\"breadcrumb\":{\"@id\":\"https:\/\/sagradafamilia-tickets.com\/cookies_policy\/#breadcrumb\"},\"inLanguage\":\"it-IT\",\"potentialAction\":[{\"@type\":\"ReadAction\",\"target\":[\"https:\/\/sagradafamilia-tickets.com\/cookies_policy\/\"]}]},{\"@type\":\"BreadcrumbList\",\"@id\":\"https:\/\/sagradafamilia-tickets.com\/cookies_policy\/#breadcrumb\",\"itemListElement\":[{\"@type\":\"ListItem\",\"position\":1,\"name\":\"Home\",\"item\":\"https:\/\/sagradafamilia-tickets.com\/\"},{\"@type\":\"ListItem\",\"position\":2,\"name\":\"Informativa sui cookie\"}]},{\"@type\":\"WebSite\",\"@id\":\"https:\/\/sagradafamilia-tickets.com\/#website\",\"url\":\"https:\/\/sagradafamilia-tickets.com\/\",\"name\":\"Sagrada Familia Barcelona\",\"description\":\"Book Your Tickets &amp; Tours\",\"publisher\":{\"@id\":\"https:\/\/sagradafamilia-tickets.com\/#organization\"},\"potentialAction\":[{\"@type\":\"SearchAction\",\"target\":{\"@type\":\"EntryPoint\",\"urlTemplate\":\"https:\/\/sagradafamilia-tickets.com\/?s={search_term_string}\"},\"query-input\":\"required name=search_term_string\"}],\"inLanguage\":\"it-IT\"},{\"@type\":\"Organization\",\"@id\":\"https:\/\/sagradafamilia-tickets.com\/#organization\",\"name\":\"Sagrada Familia Barcelona\",\"url\":\"https:\/\/sagradafamilia-tickets.com\/\",\"logo\":{\"@type\":\"ImageObject\",\"inLanguage\":\"it-IT\",\"@id\":\"https:\/\/sagradafamilia-tickets.com\/#\/schema\/logo\/image\/\",\"url\":\"https:\/\/sagradafamilia-tickets.com\/wp-content\/uploads\/2022\/08\/Sagrada-Familia-Tick.png\",\"contentUrl\":\"https:\/\/sagradafamilia-tickets.com\/wp-content\/uploads\/2022\/08\/Sagrada-Familia-Tick.png\",\"width\":526,\"height\":50,\"caption\":\"Sagrada Familia Barcelona\"},\"image\":{\"@id\":\"https:\/\/sagradafamilia-tickets.com\/#\/schema\/logo\/image\/\"}}]}<\/script>\n<!-- \/ Yoast SEO plugin. -->","yoast_head_json":{"title":"Informativa sui cookie - Sagrada Familia Barcelona","robots":{"index":"noindex","follow":"follow","max-snippet":"max-snippet:-1","max-image-preview":"max-image-preview:large","max-video-preview":"max-video-preview:-1"},"og_locale":"it_IT","og_type":"article","og_title":"Informativa sui cookie - Sagrada Familia Barcelona","og_description":"INFORMATIVA SUI COOKIE \u00a0 \u00a0 IDENTIFICAZIONE E DATI DI CONTATTO DELLA PERSONA RESPONSABILE , con codice fiscale , con sede legale in Calle Balmes n\u00ba 32, Principal 2\u00aa, C.P. 08007 nella citt\u00e0 di Barcellona (Spagna) e iscritta al Registro Mercantile di (Barcellona) al Volume 47314, Folio 29 (di seguito, il &#8220;Titolare\u201d), \u00e8 responsabile del trattamento &hellip; Informativa sui cookie Leggi altro &raquo;","og_url":"https:\/\/sagradafamilia-tickets.com\/cookies_policy\/","og_site_name":"Sagrada Familia Barcelona","article_modified_time":"2023-03-22T14:37:42+00:00","og_image":[{"url":"https:\/\/sagradafamilia-tickets.com\/wp-content\/uploads\/2023\/03\/Itcubation-S.R.L.png"}],"twitter_card":"summary_large_image","twitter_misc":{"Tempo di lettura stimato":"5 minuti"},"schema":{"@context":"https:\/\/schema.org","@graph":[{"@type":"WebPage","@id":"https:\/\/sagradafamilia-tickets.com\/cookies_policy\/","url":"https:\/\/sagradafamilia-tickets.com\/cookies_policy\/","name":"Informativa sui cookie - Sagrada Familia Barcelona","isPartOf":{"@id":"https:\/\/sagradafamilia-tickets.com\/#website"},"datePublished":"2022-11-29T17:19:13+00:00","dateModified":"2023-03-22T14:37:42+00:00","breadcrumb":{"@id":"https:\/\/sagradafamilia-tickets.com\/cookies_policy\/#breadcrumb"},"inLanguage":"it-IT","potentialAction":[{"@type":"ReadAction","target":["https:\/\/sagradafamilia-tickets.com\/cookies_policy\/"]}]},{"@type":"BreadcrumbList","@id":"https:\/\/sagradafamilia-tickets.com\/cookies_policy\/#breadcrumb","itemListElement":[{"@type":"ListItem","position":1,"name":"Home","item":"https:\/\/sagradafamilia-tickets.com\/"},{"@type":"ListItem","position":2,"name":"Informativa sui cookie"}]},{"@type":"WebSite","@id":"https:\/\/sagradafamilia-tickets.com\/#website","url":"https:\/\/sagradafamilia-tickets.com\/","name":"Sagrada Familia Barcelona","description":"Book Your Tickets &amp; Tours","publisher":{"@id":"https:\/\/sagradafamilia-tickets.com\/#organization"},"potentialAction":[{"@type":"SearchAction","target":{"@type":"EntryPoint","urlTemplate":"https:\/\/sagradafamilia-tickets.com\/?s={search_term_string}"},"query-input":"required name=search_term_string"}],"inLanguage":"it-IT"},{"@type":"Organization","@id":"https:\/\/sagradafamilia-tickets.com\/#organization","name":"Sagrada Familia Barcelona","url":"https:\/\/sagradafamilia-tickets.com\/","logo":{"@type":"ImageObject","inLanguage":"it-IT","@id":"https:\/\/sagradafamilia-tickets.com\/#\/schema\/logo\/image\/","url":"https:\/\/sagradafamilia-tickets.com\/wp-content\/uploads\/2022\/08\/Sagrada-Familia-Tick.png","contentUrl":"https:\/\/sagradafamilia-tickets.com\/wp-content\/uploads\/2022\/08\/Sagrada-Familia-Tick.png","width":526,"height":50,"caption":"Sagrada Familia Barcelona"},"image":{"@id":"https:\/\/sagradafamilia-tickets.com\/#\/schema\/logo\/image\/"}}]}},"_links":{"self":[{"href":"https:\/\/sagradafamilia-tickets.com\/it\/wp-json\/wp\/v2\/pages\/47434"}],"collection":[{"href":"https:\/\/sagradafamilia-tickets.com\/it\/wp-json\/wp\/v2\/pages"}],"about":[{"href":"https:\/\/sagradafamilia-tickets.com\/it\/wp-json\/wp\/v2\/types\/page"}],"author":[{"embeddable":true,"href":"https:\/\/sagradafamilia-tickets.com\/it\/wp-json\/wp\/v2\/users\/4"}],"replies":[{"embeddable":true,"href":"https:\/\/sagradafamilia-tickets.com\/it\/wp-json\/wp\/v2\/comments?post=47434"}],"version-history":[{"count":6,"href":"https:\/\/sagradafamilia-tickets.com\/it\/wp-json\/wp\/v2\/pages\/47434\/revisions"}],"predecessor-version":[{"id":75802,"href":"https:\/\/sagradafamilia-tickets.com\/it\/wp-json\/wp\/v2\/pages\/47434\/revisions\/75802"}],"wp:attachment":[{"href":"https:\/\/sagradafamilia-tickets.com\/it\/wp-json\/wp\/v2\/media?parent=47434"}],"curies":[{"name":"wp","href":"https:\/\/api.w.org\/{rel}","templated":true}]}}