{"id":33901,"date":"2022-09-15T15:20:12","date_gmt":"2022-09-15T14:20:12","guid":{"rendered":"https:\/\/sagradafamilia-tickets.com\/politique-en-matiere-de-cookies\/"},"modified":"2023-03-22T15:35:50","modified_gmt":"2023-03-22T14:35:50","slug":"politique-en-matiere-de-cookies","status":"publish","type":"page","link":"https:\/\/sagradafamilia-tickets.com\/fr\/politique-en-matiere-de-cookies\/","title":{"rendered":"Politique en mati\u00e8re de cookies"},"content":{"rendered":"\t\t<div data-elementor-type=\"wp-page\" data-elementor-id=\"33901\" class=\"elementor elementor-33901 elementor-8773\">\n\t\t\t\t\t\t<div class=\"elementor-inner\">\n\t\t\t\t<div class=\"elementor-section-wrap\">\n\t\t\t\t\t\t\t\t\t<section class=\"elementor-section elementor-top-section elementor-element elementor-element-6458aaba elementor-section-boxed elementor-section-height-default elementor-section-height-default\" data-id=\"6458aaba\" data-element_type=\"section\">\n\t\t\t\t\t\t<div class=\"elementor-container elementor-column-gap-default\">\n\t\t\t\t\t\t\t<div class=\"elementor-row\">\n\t\t\t\t\t<div class=\"elementor-column elementor-col-100 elementor-top-column elementor-element elementor-element-586807e3\" data-id=\"586807e3\" data-element_type=\"column\">\n\t\t\t<div class=\"elementor-column-wrap elementor-element-populated\">\n\t\t\t\t\t\t\t<div class=\"elementor-widget-wrap\">\n\t\t\t\t\t\t<div class=\"elementor-element elementor-element-ed56d7d elementor-widget elementor-widget-text-editor\" data-id=\"ed56d7d\" data-element_type=\"widget\" data-widget_type=\"text-editor.default\">\n\t\t\t\t<div class=\"elementor-widget-container\">\n\t\t\t\t\t\t\t\t<div class=\"elementor-text-editor elementor-clearfix\">\n\t\t\t\t<h2>POLITIQUE EN MATI\u00c8RE DE COOKIES<\/h2><p>\u00a0<\/p><p>\u00a0<\/p><ol><li><strong>IDENTIFICATION ET COORDONN\u00c9ES DE LA PARTIE RESPONSABLE <\/strong><\/li><\/ol><p style=\"font-style: normal;\"><b><img loading=\"lazy\" class=\"alignnone size-full wp-image-75740\" src=\"https:\/\/sagradafamilia-tickets.com\/wp-content\/uploads\/2023\/03\/Itcubation-S.R.L.png\" alt=\"\" width=\"254\" height=\"16\" \/>, <\/b><span style=\"font-weight: 400;\">ID avec le num\u00e9ro NIF <i style=\"font-weight: inherit;\"><img loading=\"lazy\" class=\" wp-image-42094 alignnone\" src=\"https:\/\/sagradafamilia-tickets.com\/wp-content\/uploads\/2022\/10\/B67624437.png\" alt=\"\" width=\"72\" height=\"11\" \/><\/i><\/span><span style=\"font-weight: 400;\">, dont le si\u00e8ge social est situ\u00e9 Calle Balmes n\u00ba 32, Principal 2\u00aa, C.P. 08007 dans la ville de Barcelone (Espagne) et inscrite au registre du commerce de (Barcelone) au Tome 47314, Folio 29 (ci-apr\u00e8s, le \u00ab\u00a0Titulaire\u00a0\u00bb), est responsable du traitement des donn\u00e9es collect\u00e9es ou g\u00e9n\u00e9r\u00e9es suite \u00e0 l&rsquo;acc\u00e8s, l&rsquo;utilisation et la navigation des utilisateurs de www. sagradafamilia-tickets.com (ci-apr\u00e8s, respectivement, l'\u00a0\u00bbUtilisateur\u00a0\u00bb ou les \u00ab\u00a0Utilisateurs\u00a0\u00bb et le \u00ab\u00a0Site Web\u00a0\u00bb ou le \u00ab\u00a0Site\u00a0\u00bb), et utilise des cookies dans le but de contr\u00f4ler les habitudes de navigation des Utilisateurs sur ce Site, comme indiqu\u00e9 dans la pr\u00e9sente politique en mati\u00e8re de cookies (ci-apr\u00e8s, la \u00ab\u00a0Politique en mati\u00e8re de cookies\u00a0\u00bb).<\/span><\/p><ol start=\"2\"><li><b> CONCEPT<\/b><\/li><\/ol><p>Un cookie est un fichier qui est t\u00e9l\u00e9charg\u00e9 sur le mat\u00e9riel utilis\u00e9 par l&rsquo;Utilisateur lors de l&rsquo;acc\u00e8s \u00e0 certaines pages web afin de stocker et de r\u00e9cup\u00e9rer des informations sur la navigation effectu\u00e9e \u00e0 partir dudit mat\u00e9riel. Ainsi, les informations recueillies par le biais des cookies permettent d&rsquo;obtenir des informations sur les habitudes de navigation des Utilisateurs.<\/p><ol start=\"3\"><li><strong>TYPES DE COOKIES ET TRAITEMENT DES DONN\u00c9ES PAR LES COOKIES <\/strong><\/li><\/ol><p>Ce Site Web autorise uniquement l&rsquo;utilisation de cookies de l&rsquo;outil Google Analytics appartenant \u00e0 Google, Inc. (ci-apr\u00e8s, \u00ab\u00a0Google\u00a0\u00bb), une soci\u00e9t\u00e9 domicili\u00e9e dans le Delaware dont le si\u00e8ge social est situ\u00e9 au 1600 Amphitheatre Parkway, Mountain View (Californie), CA 94043, \u00c9tats-Unis, et qui est donc le tiers responsable des donn\u00e9es personnelles.<\/p><p>En ce sens, Google Analytics capture les interactions des Utilisateurs sur le Site Web (heure de la visite, si l&rsquo;Utilisateur est d\u00e9j\u00e0 venu sur le Site auparavant, quel site a recommand\u00e9 \u00e0 l&rsquo;Utilisateur de visiter le Site Web en question, adresse IP, etc.) et ne fournit aucune donn\u00e9e personnelle au Titulaire et ne fournit pas au Titulaire d&rsquo;informations sur l&rsquo;adresse IP r\u00e9elle de l&rsquo;Utilisateur, mais uniquement des informations statistiques compos\u00e9es de visites (visiteurs uniques, nombre de pages vues, page\/vue, dur\u00e9e moyenne de visite, taux de rebond, % de nouvelles visites, nouveaux visiteurs et visiteurs r\u00e9currents, fr\u00e9quence et visites r\u00e9centes, interactions, pages visit\u00e9es), de donn\u00e9es d\u00e9mographiques (langue, pays\/territoire, ville), de syst\u00e8me (navigateur, syst\u00e8me d&rsquo;exploitation, fournisseur d&rsquo;acc\u00e8s Internet, cat\u00e9gorie d&rsquo;appareil), de source\/moyen, etc.<\/p><ol start=\"4\"><li><strong>OBJECTIF DES COOKIES<\/strong><\/li><\/ol><p>L&rsquo;objectif est que le Titulaire puisse conna\u00eetre les habitudes de navigation des Utilisateurs du Site, et puisse consulter diff\u00e9rents rapports d\u00e9crivant la fa\u00e7on dont les Utilisateurs qui visitent le Site interagissent dans le but de l&rsquo;am\u00e9liorer. Gr\u00e2ce \u00e0 ces informations, le Titulaire peut analyser la navigation des Utilisateurs du Site, et Google Analytics rapporte \u00e9galement les tendances du Site sans identifier ses Utilisateurs.<\/p><p>D&rsquo;autre part, l&rsquo;Utilisateur peut consulter les conditions g\u00e9n\u00e9rales de Google \u00e0 l&rsquo;adresse www.google.com\/analytics\/tos.html et sa politique de confidentialit\u00e9 \u00e0 l&rsquo;adresse www.google.com\/intl\/es\/policies\/privacy.<\/p><p>N\u00e9anmoins, le Titulaire ne peut pas contr\u00f4ler et n&rsquo;est pas responsable du contenu et de la v\u00e9racit\u00e9 des conditions g\u00e9n\u00e9rales et des r\u00e8gles de confidentialit\u00e9 de Google r\u00e9f\u00e9renc\u00e9es dans la pr\u00e9sente Politique relative aux cookies.<\/p><ol start=\"5\"><li><strong>LA D\u00c9SACTIVATION DES COOKIES<\/strong><\/li><\/ol><p><span style=\"font-weight: 400;\">Website visitors may revoke the consent given through the button at the top of this Cookies Policy at any time.<\/span><\/p><p><span style=\"font-weight: 400;\">Alternatively, you can also disable Google Analytics cookies, using the following systems:<\/span><\/p><ol><li style=\"font-weight: 400;\" aria-level=\"1\"><span style=\"font-weight: 400;\">Le syst\u00e8me d&rsquo;opt-out de Google Analytics accessible au lien suivant :<br \/><\/span><ol><li style=\"font-weight: 400;\" aria-level=\"2\"><span style=\"font-weight: 400;\">https:\/\/tools.google.com\/dlpage\/gaoptout?hl=es\u00a0<\/span><\/li><\/ol><\/li><li style=\"font-weight: 400;\" aria-level=\"1\">Les param\u00e8tres du navigateur ; par exemple :<ol><li style=\"font-weight: 400;\" aria-level=\"2\"><span style=\"font-weight: 400;\">Chrome, \u00e0 partir de support.google.com\/chrome\/answer\/95647?hl=en<\/span><\/li><li style=\"font-weight: 400;\" aria-level=\"2\"><span style=\"font-weight: 400;\">Explorer, \u00e0 partir de support.microsoft.com\/en-us\/help\/17442\/windows-internetexplorer-delete-manage-cookies<\/span><\/li><li style=\"font-weight: 400;\" aria-level=\"2\"><span style=\"font-weight: 400;\">Firefox, \u00e0 partir de support.mozilla.org\/kb\/kb\/en\/en\/enable-and-disable-cookies-websites-tracking-preferences<\/span><\/li><li style=\"font-weight: 400;\" aria-level=\"2\"><span style=\"font-weight: 400;\">Safari, \u00e0 partir de support.apple.com\/en\/en\/guide\/safari\/sfri11471\/mac<\/span><\/li><\/ol><\/li><\/ol><p>La d\u00e9sactivation des cookies Google Analytics ne vous emp\u00eachera pas d&rsquo;utiliser ce Site Web. Si vous supprimez tous les cookies de ce Site Web, par le biais de votre navigateur, vous supprimerez \u00e9galement les param\u00e8tres que vous avez choisis concernant nos cookies. En outre, dans tous les cas, vous devez acc\u00e9der \u00e0 la version la plus r\u00e9cente de chaque navigateur, et dans le cas o\u00f9 vous utiliseriez un autre navigateur Internet que ceux indiqu\u00e9s pr\u00e9c\u00e9demment, nous vous recommandons de consulter les diff\u00e9rentes options de gestion des cookies qui peuvent \u00eatre disponibles dans ce dernier \u00e0 tout moment.<\/p><ol start=\"6\"><li><strong>MODIFICATIONS DE LA POLITIQUE EN MATI\u00c8RE DE COOKIES<\/strong><\/li><\/ol><p>Afin de garantir que les directives du Titulaire en mati\u00e8re de cookies soient toujours conformes aux exigences l\u00e9gales en vigueur \u00e0 un moment donn\u00e9, le Titulaire se r\u00e9serve le droit d&rsquo;apporter des modifications \u00e0 la pr\u00e9sente politique en mati\u00e8re de cookies afin de se conformer aux exigences l\u00e9gales applicables \u00e0 un moment donn\u00e9.<\/p><ol start=\"7\"><li><strong>COMMUNICATIONS ET TRANSFERTS INTERNATIONAUX DE DONN\u00c9ES<\/strong><\/li><\/ol><p>Les cookies tiers utilis\u00e9s sur le Site Web appartiennent \u00e0 Google, situ\u00e9 aux \u00c9tats-Unis, en dehors de l&rsquo;Espace \u00e9conomique europ\u00e9en. Google est signataire du cadre du bouclier de protection de la vie priv\u00e9e entre l&rsquo;UE et les \u00c9tats-Unis.<\/p><p>Les donn\u00e9es ne seront pas communiqu\u00e9es \u00e0 des tiers, sauf dans les cas pr\u00e9vus par la politique de confidentialit\u00e9 de Google ci-dessus.<\/p><ol start=\"8\"><li><b> PRIVACY POLICY<\/b><\/li><\/ol><p>Vous pouvez lire notre politique de confidentialit\u00e9 pour plus d&rsquo;informations sur le traitement des donn\u00e9es personnelles.<\/p><ol start=\"9\"><li><strong>DROITS DE L&rsquo;UTILISATEUR<\/strong><\/li><\/ol><p>L&rsquo;Utilisateur peut exercer les droits d&rsquo;acc\u00e8s, de rectification, d&rsquo;effacement, d&rsquo;opposition, de limitation du traitement et de portabilit\u00e9, le cas \u00e9ch\u00e9ant, ainsi que de r\u00e9voquer son consentement, en ce qui concerne le traitement dont le responsable est le Titulaire. Pour l&rsquo;exercice effectif de ces droits, l&rsquo;Utilisateur, en \u00e9crivant \u00e0 l&rsquo;adresse \u00e9lectronique suivante : support@sagradafamilia-tickets.com, doit justifier de son identit\u00e9 en fournissant son nom et pr\u00e9nom(s), une photocopie de sa carte d&rsquo;identit\u00e9 nationale ou d&rsquo;un document d&rsquo;identification \u00e9quivalent prouvant son identit\u00e9, une p\u00e9tition pr\u00e9cisant la demande, l&rsquo;adresse \u00e0 des fins de notifications, la date et la signature du demandeur.<\/p><p>Pour l&rsquo;exercice des droits \u00e0 l&rsquo;encontre de Google, vous devez vous r\u00e9f\u00e9rer aux dispositions de sa politique de confidentialit\u00e9 indiqu\u00e9e ci-dessus.<\/p><p>De m\u00eame, l&rsquo;Utilisateur peut se plaindre aupr\u00e8s de l&rsquo;Agence espagnole de protection des donn\u00e9es (autorit\u00e9 de contr\u00f4le comp\u00e9tente en la mati\u00e8re en Espagne), notamment lorsqu&rsquo;il n&rsquo;a pas obtenu satisfaction dans l&rsquo;exercice de ses droits, en \u00e9crivant \u00e0 cette derni\u00e8re : C\/ Jorge Juan, n\u00ba 6, 28001 &#8211; Madrid, ou via le site web : www.agpd.es.<\/p>\t\t\t\t\t<\/div>\n\t\t\t\t\t\t<\/div>\n\t\t\t\t<\/div>\n\t\t\t\t\t\t<\/div>\n\t\t\t\t\t<\/div>\n\t\t<\/div>\n\t\t\t\t\t\t\t\t<\/div>\n\t\t\t\t\t<\/div>\n\t\t<\/section>\n\t\t\t\t\t\t\t\t\t<\/div>\n\t\t\t<\/div>\n\t\t\t\t\t<\/div>\n\t\t","protected":false},"excerpt":{"rendered":"<p>POLITIQUE EN MATI\u00c8RE DE COOKIES \u00a0 \u00a0 IDENTIFICATION ET COORDONN\u00c9ES DE LA PARTIE RESPONSABLE , ID avec le num\u00e9ro NIF , dont le si\u00e8ge social est situ\u00e9 Calle Balmes n\u00ba 32, Principal 2\u00aa, C.P. 08007 dans la ville de Barcelone (Espagne) et inscrite au registre du commerce de (Barcelone) au Tome 47314, Folio 29 (ci-apr\u00e8s, &hellip;<\/p>\n<p class=\"read-more\"> <a class=\"\" href=\"https:\/\/sagradafamilia-tickets.com\/fr\/politique-en-matiere-de-cookies\/\"> <span class=\"screen-reader-text\">Politique en mati\u00e8re de cookies<\/span> Lire la suite\u00a0\u00bb<\/a><\/p>\n","protected":false},"author":3,"featured_media":0,"parent":0,"menu_order":0,"comment_status":"closed","ping_status":"closed","template":"","meta":{"site-sidebar-layout":"default","site-content-layout":"default","ast-global-header-display":"","ast-main-header-display":"","ast-hfb-above-header-display":"","ast-hfb-below-header-display":"","ast-hfb-mobile-header-display":"","site-post-title":"disabled","ast-breadcrumbs-content":"","ast-featured-img":"","footer-sml-layout":"","theme-transparent-header-meta":"","adv-header-id-meta":"","stick-header-meta":"","header-above-stick-meta":"","header-main-stick-meta":"","header-below-stick-meta":""},"yoast_head":"<!-- This site is optimized with the Yoast SEO plugin v20.4 - https:\/\/yoast.com\/wordpress\/plugins\/seo\/ -->\n<title>Politique en mati\u00e8re de cookies - Sagrada Familia Barcelona<\/title>\n<meta name=\"robots\" content=\"noindex, follow, max-snippet:-1, max-image-preview:large, max-video-preview:-1\" \/>\n<meta property=\"og:locale\" content=\"fr_FR\" \/>\n<meta property=\"og:type\" content=\"article\" \/>\n<meta property=\"og:title\" content=\"Politique en mati\u00e8re de cookies - Sagrada Familia Barcelona\" \/>\n<meta property=\"og:description\" content=\"POLITIQUE EN MATI\u00c8RE DE COOKIES \u00a0 \u00a0 IDENTIFICATION ET COORDONN\u00c9ES DE LA PARTIE RESPONSABLE , ID avec le num\u00e9ro NIF , dont le si\u00e8ge social est situ\u00e9 Calle Balmes n\u00ba 32, Principal 2\u00aa, C.P. 08007 dans la ville de Barcelone (Espagne) et inscrite au registre du commerce de (Barcelone) au Tome 47314, Folio 29 (ci-apr\u00e8s, &hellip; Politique en mati\u00e8re de cookies Lire la suite\u00a0\u00bb\" \/>\n<meta property=\"og:url\" content=\"https:\/\/sagradafamilia-tickets.com\/cookies_policy\/\" \/>\n<meta property=\"og:site_name\" content=\"Sagrada Familia Barcelona\" \/>\n<meta property=\"article:modified_time\" content=\"2023-03-22T14:35:50+00:00\" \/>\n<meta property=\"og:image\" content=\"https:\/\/sagradafamilia-tickets.com\/wp-content\/uploads\/2023\/03\/Itcubation-S.R.L.png\" \/>\n<meta name=\"twitter:card\" content=\"summary_large_image\" \/>\n<meta name=\"twitter:label1\" content=\"Dur\u00e9e de lecture estim\u00e9e\" \/>\n\t<meta name=\"twitter:data1\" content=\"5 minutes\" \/>\n<script type=\"application\/ld+json\" class=\"yoast-schema-graph\">{\"@context\":\"https:\/\/schema.org\",\"@graph\":[{\"@type\":\"WebPage\",\"@id\":\"https:\/\/sagradafamilia-tickets.com\/cookies_policy\/\",\"url\":\"https:\/\/sagradafamilia-tickets.com\/cookies_policy\/\",\"name\":\"Politique en mati\u00e8re de cookies - Sagrada Familia Barcelona\",\"isPartOf\":{\"@id\":\"https:\/\/sagradafamilia-tickets.com\/#website\"},\"datePublished\":\"2022-09-15T14:20:12+00:00\",\"dateModified\":\"2023-03-22T14:35:50+00:00\",\"breadcrumb\":{\"@id\":\"https:\/\/sagradafamilia-tickets.com\/cookies_policy\/#breadcrumb\"},\"inLanguage\":\"fr-FR\",\"potentialAction\":[{\"@type\":\"ReadAction\",\"target\":[\"https:\/\/sagradafamilia-tickets.com\/cookies_policy\/\"]}]},{\"@type\":\"BreadcrumbList\",\"@id\":\"https:\/\/sagradafamilia-tickets.com\/cookies_policy\/#breadcrumb\",\"itemListElement\":[{\"@type\":\"ListItem\",\"position\":1,\"name\":\"Home\",\"item\":\"https:\/\/sagradafamilia-tickets.com\/\"},{\"@type\":\"ListItem\",\"position\":2,\"name\":\"Politique en mati\u00e8re de cookies\"}]},{\"@type\":\"WebSite\",\"@id\":\"https:\/\/sagradafamilia-tickets.com\/#website\",\"url\":\"https:\/\/sagradafamilia-tickets.com\/\",\"name\":\"Sagrada Familia Barcelona\",\"description\":\"Book Your Tickets &amp; Tours\",\"publisher\":{\"@id\":\"https:\/\/sagradafamilia-tickets.com\/#organization\"},\"potentialAction\":[{\"@type\":\"SearchAction\",\"target\":{\"@type\":\"EntryPoint\",\"urlTemplate\":\"https:\/\/sagradafamilia-tickets.com\/?s={search_term_string}\"},\"query-input\":\"required name=search_term_string\"}],\"inLanguage\":\"fr-FR\"},{\"@type\":\"Organization\",\"@id\":\"https:\/\/sagradafamilia-tickets.com\/#organization\",\"name\":\"Sagrada Familia Barcelona\",\"url\":\"https:\/\/sagradafamilia-tickets.com\/\",\"logo\":{\"@type\":\"ImageObject\",\"inLanguage\":\"fr-FR\",\"@id\":\"https:\/\/sagradafamilia-tickets.com\/#\/schema\/logo\/image\/\",\"url\":\"https:\/\/sagradafamilia-tickets.com\/wp-content\/uploads\/2022\/08\/Sagrada-Familia-Tick.png\",\"contentUrl\":\"https:\/\/sagradafamilia-tickets.com\/wp-content\/uploads\/2022\/08\/Sagrada-Familia-Tick.png\",\"width\":526,\"height\":50,\"caption\":\"Sagrada Familia Barcelona\"},\"image\":{\"@id\":\"https:\/\/sagradafamilia-tickets.com\/#\/schema\/logo\/image\/\"}}]}<\/script>\n<!-- \/ Yoast SEO plugin. -->","yoast_head_json":{"title":"Politique en mati\u00e8re de cookies - Sagrada Familia Barcelona","robots":{"index":"noindex","follow":"follow","max-snippet":"max-snippet:-1","max-image-preview":"max-image-preview:large","max-video-preview":"max-video-preview:-1"},"og_locale":"fr_FR","og_type":"article","og_title":"Politique en mati\u00e8re de cookies - Sagrada Familia Barcelona","og_description":"POLITIQUE EN MATI\u00c8RE DE COOKIES \u00a0 \u00a0 IDENTIFICATION ET COORDONN\u00c9ES DE LA PARTIE RESPONSABLE , ID avec le num\u00e9ro NIF , dont le si\u00e8ge social est situ\u00e9 Calle Balmes n\u00ba 32, Principal 2\u00aa, C.P. 08007 dans la ville de Barcelone (Espagne) et inscrite au registre du commerce de (Barcelone) au Tome 47314, Folio 29 (ci-apr\u00e8s, &hellip; Politique en mati\u00e8re de cookies Lire la suite\u00a0\u00bb","og_url":"https:\/\/sagradafamilia-tickets.com\/cookies_policy\/","og_site_name":"Sagrada Familia Barcelona","article_modified_time":"2023-03-22T14:35:50+00:00","og_image":[{"url":"https:\/\/sagradafamilia-tickets.com\/wp-content\/uploads\/2023\/03\/Itcubation-S.R.L.png"}],"twitter_card":"summary_large_image","twitter_misc":{"Dur\u00e9e de lecture estim\u00e9e":"5 minutes"},"schema":{"@context":"https:\/\/schema.org","@graph":[{"@type":"WebPage","@id":"https:\/\/sagradafamilia-tickets.com\/cookies_policy\/","url":"https:\/\/sagradafamilia-tickets.com\/cookies_policy\/","name":"Politique en mati\u00e8re de cookies - Sagrada Familia Barcelona","isPartOf":{"@id":"https:\/\/sagradafamilia-tickets.com\/#website"},"datePublished":"2022-09-15T14:20:12+00:00","dateModified":"2023-03-22T14:35:50+00:00","breadcrumb":{"@id":"https:\/\/sagradafamilia-tickets.com\/cookies_policy\/#breadcrumb"},"inLanguage":"fr-FR","potentialAction":[{"@type":"ReadAction","target":["https:\/\/sagradafamilia-tickets.com\/cookies_policy\/"]}]},{"@type":"BreadcrumbList","@id":"https:\/\/sagradafamilia-tickets.com\/cookies_policy\/#breadcrumb","itemListElement":[{"@type":"ListItem","position":1,"name":"Home","item":"https:\/\/sagradafamilia-tickets.com\/"},{"@type":"ListItem","position":2,"name":"Politique en mati\u00e8re de cookies"}]},{"@type":"WebSite","@id":"https:\/\/sagradafamilia-tickets.com\/#website","url":"https:\/\/sagradafamilia-tickets.com\/","name":"Sagrada Familia Barcelona","description":"Book Your Tickets &amp; Tours","publisher":{"@id":"https:\/\/sagradafamilia-tickets.com\/#organization"},"potentialAction":[{"@type":"SearchAction","target":{"@type":"EntryPoint","urlTemplate":"https:\/\/sagradafamilia-tickets.com\/?s={search_term_string}"},"query-input":"required name=search_term_string"}],"inLanguage":"fr-FR"},{"@type":"Organization","@id":"https:\/\/sagradafamilia-tickets.com\/#organization","name":"Sagrada Familia Barcelona","url":"https:\/\/sagradafamilia-tickets.com\/","logo":{"@type":"ImageObject","inLanguage":"fr-FR","@id":"https:\/\/sagradafamilia-tickets.com\/#\/schema\/logo\/image\/","url":"https:\/\/sagradafamilia-tickets.com\/wp-content\/uploads\/2022\/08\/Sagrada-Familia-Tick.png","contentUrl":"https:\/\/sagradafamilia-tickets.com\/wp-content\/uploads\/2022\/08\/Sagrada-Familia-Tick.png","width":526,"height":50,"caption":"Sagrada Familia Barcelona"},"image":{"@id":"https:\/\/sagradafamilia-tickets.com\/#\/schema\/logo\/image\/"}}]}},"_links":{"self":[{"href":"https:\/\/sagradafamilia-tickets.com\/fr\/wp-json\/wp\/v2\/pages\/33901"}],"collection":[{"href":"https:\/\/sagradafamilia-tickets.com\/fr\/wp-json\/wp\/v2\/pages"}],"about":[{"href":"https:\/\/sagradafamilia-tickets.com\/fr\/wp-json\/wp\/v2\/types\/page"}],"author":[{"embeddable":true,"href":"https:\/\/sagradafamilia-tickets.com\/fr\/wp-json\/wp\/v2\/users\/3"}],"replies":[{"embeddable":true,"href":"https:\/\/sagradafamilia-tickets.com\/fr\/wp-json\/wp\/v2\/comments?post=33901"}],"version-history":[{"count":4,"href":"https:\/\/sagradafamilia-tickets.com\/fr\/wp-json\/wp\/v2\/pages\/33901\/revisions"}],"predecessor-version":[{"id":75799,"href":"https:\/\/sagradafamilia-tickets.com\/fr\/wp-json\/wp\/v2\/pages\/33901\/revisions\/75799"}],"wp:attachment":[{"href":"https:\/\/sagradafamilia-tickets.com\/fr\/wp-json\/wp\/v2\/media?parent=33901"}],"curies":[{"name":"wp","href":"https:\/\/api.w.org\/{rel}","templated":true}]}}