{"id":33890,"date":"2022-09-15T15:09:05","date_gmt":"2022-09-15T14:09:05","guid":{"rendered":"https:\/\/sagradafamilia-tickets.com\/covid-19\/"},"modified":"2022-11-18T12:57:03","modified_gmt":"2022-11-18T11:57:03","slug":"covid-19","status":"publish","type":"page","link":"https:\/\/sagradafamilia-tickets.com\/fr\/covid-19\/","title":{"rendered":"MESURES DE S\u00c9CURIT\u00c9 COVID19"},"content":{"rendered":"\r\n<p>CONFORM\u00c9MENT \u00c0 LA R\u00c9GLEMENTATION EN VIGUEUR :<\/p>\r\n<ul>\r\n<li>Les masques ne sont pas n\u00e9cessaires.<\/li>\r\n<li>Des d\u00e9sinfectants pour les mains sont fournis \u00e0 divers endroits de la visite.<\/li>\r\n<li>La r\u00e9glementation en vigueur est respect\u00e9e en ce qui concerne le nettoyage et la d\u00e9sinfection p\u00e9riodiques de tous les espaces et installations, ainsi que le traitement et le renouvellement de l&rsquo;air \u00e0 l&rsquo;int\u00e9rieur.<\/li>\r\n<\/ul>\r\n\r\n\r\n\r\n\r\n\r\n<p>&nbsp;<\/p>\r\n","protected":false},"excerpt":{"rendered":"<p>CONFORM\u00c9MENT \u00c0 LA R\u00c9GLEMENTATION EN VIGUEUR : Les masques ne sont pas n\u00e9cessaires. Des d\u00e9sinfectants pour les mains sont fournis \u00e0 divers endroits de la visite. La r\u00e9glementation en vigueur est respect\u00e9e en ce qui concerne le nettoyage et la d\u00e9sinfection p\u00e9riodiques de tous les espaces et installations, ainsi que le traitement et le renouvellement &hellip;<\/p>\n<p class=\"read-more\"> <a class=\"\" href=\"https:\/\/sagradafamilia-tickets.com\/fr\/covid-19\/\"> <span class=\"screen-reader-text\">MESURES DE S\u00c9CURIT\u00c9 COVID19<\/span> Lire la suite\u00a0\u00bb<\/a><\/p>\n","protected":false},"author":3,"featured_media":0,"parent":0,"menu_order":0,"comment_status":"closed","ping_status":"closed","template":"","meta":{"site-sidebar-layout":"default","site-content-layout":"default","ast-global-header-display":"","ast-main-header-display":"","ast-hfb-above-header-display":"","ast-hfb-below-header-display":"","ast-hfb-mobile-header-display":"","site-post-title":"","ast-breadcrumbs-content":"","ast-featured-img":"","footer-sml-layout":"","theme-transparent-header-meta":"default","adv-header-id-meta":"","stick-header-meta":"","header-above-stick-meta":"","header-main-stick-meta":"","header-below-stick-meta":""},"yoast_head":"<!-- This site is optimized with the Yoast SEO plugin v20.4 - https:\/\/yoast.com\/wordpress\/plugins\/seo\/ -->\n<title>MESURES DE S\u00c9CURIT\u00c9 COVID19 - Sagrada Familia Barcelona<\/title>\n<meta name=\"robots\" content=\"noindex, nofollow\" \/>\n<meta property=\"og:locale\" content=\"fr_FR\" \/>\n<meta property=\"og:type\" content=\"article\" \/>\n<meta property=\"og:title\" content=\"MESURES DE S\u00c9CURIT\u00c9 COVID19 - Sagrada Familia Barcelona\" \/>\n<meta property=\"og:description\" content=\"CONFORM\u00c9MENT \u00c0 LA R\u00c9GLEMENTATION EN VIGUEUR : Les masques ne sont pas n\u00e9cessaires. Des d\u00e9sinfectants pour les mains sont fournis \u00e0 divers endroits de la visite. La r\u00e9glementation en vigueur est respect\u00e9e en ce qui concerne le nettoyage et la d\u00e9sinfection p\u00e9riodiques de tous les espaces et installations, ainsi que le traitement et le renouvellement &hellip; MESURES DE S\u00c9CURIT\u00c9 COVID19 Lire la suite\u00a0\u00bb\" \/>\n<meta property=\"og:url\" content=\"https:\/\/sagradafamilia-tickets.com\/fr\/covid-19\/\" \/>\n<meta property=\"og:site_name\" content=\"Sagrada Familia Barcelona\" \/>\n<meta property=\"article:modified_time\" content=\"2022-11-18T11:57:03+00:00\" \/>\n<meta name=\"twitter:card\" content=\"summary_large_image\" \/>\n<script type=\"application\/ld+json\" class=\"yoast-schema-graph\">{\"@context\":\"https:\/\/schema.org\",\"@graph\":[{\"@type\":\"WebPage\",\"@id\":\"https:\/\/sagradafamilia-tickets.com\/fr\/covid-19\/\",\"url\":\"https:\/\/sagradafamilia-tickets.com\/fr\/covid-19\/\",\"name\":\"MESURES DE S\u00c9CURIT\u00c9 COVID19 - Sagrada Familia Barcelona\",\"isPartOf\":{\"@id\":\"https:\/\/sagradafamilia-tickets.com\/#website\"},\"datePublished\":\"2022-09-15T14:09:05+00:00\",\"dateModified\":\"2022-11-18T11:57:03+00:00\",\"breadcrumb\":{\"@id\":\"https:\/\/sagradafamilia-tickets.com\/fr\/covid-19\/#breadcrumb\"},\"inLanguage\":\"fr-FR\",\"potentialAction\":[{\"@type\":\"ReadAction\",\"target\":[\"https:\/\/sagradafamilia-tickets.com\/fr\/covid-19\/\"]}]},{\"@type\":\"BreadcrumbList\",\"@id\":\"https:\/\/sagradafamilia-tickets.com\/fr\/covid-19\/#breadcrumb\",\"itemListElement\":[{\"@type\":\"ListItem\",\"position\":1,\"name\":\"Home\",\"item\":\"https:\/\/sagradafamilia-tickets.com\/\"},{\"@type\":\"ListItem\",\"position\":2,\"name\":\"MESURES DE S\u00c9CURIT\u00c9 COVID19\"}]},{\"@type\":\"WebSite\",\"@id\":\"https:\/\/sagradafamilia-tickets.com\/#website\",\"url\":\"https:\/\/sagradafamilia-tickets.com\/\",\"name\":\"Sagrada Familia Barcelona\",\"description\":\"Book Your Tickets &amp; Tours\",\"publisher\":{\"@id\":\"https:\/\/sagradafamilia-tickets.com\/#organization\"},\"potentialAction\":[{\"@type\":\"SearchAction\",\"target\":{\"@type\":\"EntryPoint\",\"urlTemplate\":\"https:\/\/sagradafamilia-tickets.com\/?s={search_term_string}\"},\"query-input\":\"required name=search_term_string\"}],\"inLanguage\":\"fr-FR\"},{\"@type\":\"Organization\",\"@id\":\"https:\/\/sagradafamilia-tickets.com\/#organization\",\"name\":\"Sagrada Familia Barcelona\",\"url\":\"https:\/\/sagradafamilia-tickets.com\/\",\"logo\":{\"@type\":\"ImageObject\",\"inLanguage\":\"fr-FR\",\"@id\":\"https:\/\/sagradafamilia-tickets.com\/#\/schema\/logo\/image\/\",\"url\":\"https:\/\/sagradafamilia-tickets.com\/wp-content\/uploads\/2022\/08\/Sagrada-Familia-Tick.png\",\"contentUrl\":\"https:\/\/sagradafamilia-tickets.com\/wp-content\/uploads\/2022\/08\/Sagrada-Familia-Tick.png\",\"width\":526,\"height\":50,\"caption\":\"Sagrada Familia Barcelona\"},\"image\":{\"@id\":\"https:\/\/sagradafamilia-tickets.com\/#\/schema\/logo\/image\/\"}}]}<\/script>\n<!-- \/ Yoast SEO plugin. -->","yoast_head_json":{"title":"MESURES DE S\u00c9CURIT\u00c9 COVID19 - Sagrada Familia Barcelona","robots":{"index":"noindex","follow":"nofollow"},"og_locale":"fr_FR","og_type":"article","og_title":"MESURES DE S\u00c9CURIT\u00c9 COVID19 - Sagrada Familia Barcelona","og_description":"CONFORM\u00c9MENT \u00c0 LA R\u00c9GLEMENTATION EN VIGUEUR : Les masques ne sont pas n\u00e9cessaires. Des d\u00e9sinfectants pour les mains sont fournis \u00e0 divers endroits de la visite. La r\u00e9glementation en vigueur est respect\u00e9e en ce qui concerne le nettoyage et la d\u00e9sinfection p\u00e9riodiques de tous les espaces et installations, ainsi que le traitement et le renouvellement &hellip; MESURES DE S\u00c9CURIT\u00c9 COVID19 Lire la suite\u00a0\u00bb","og_url":"https:\/\/sagradafamilia-tickets.com\/fr\/covid-19\/","og_site_name":"Sagrada Familia Barcelona","article_modified_time":"2022-11-18T11:57:03+00:00","twitter_card":"summary_large_image","schema":{"@context":"https:\/\/schema.org","@graph":[{"@type":"WebPage","@id":"https:\/\/sagradafamilia-tickets.com\/fr\/covid-19\/","url":"https:\/\/sagradafamilia-tickets.com\/fr\/covid-19\/","name":"MESURES DE S\u00c9CURIT\u00c9 COVID19 - Sagrada Familia Barcelona","isPartOf":{"@id":"https:\/\/sagradafamilia-tickets.com\/#website"},"datePublished":"2022-09-15T14:09:05+00:00","dateModified":"2022-11-18T11:57:03+00:00","breadcrumb":{"@id":"https:\/\/sagradafamilia-tickets.com\/fr\/covid-19\/#breadcrumb"},"inLanguage":"fr-FR","potentialAction":[{"@type":"ReadAction","target":["https:\/\/sagradafamilia-tickets.com\/fr\/covid-19\/"]}]},{"@type":"BreadcrumbList","@id":"https:\/\/sagradafamilia-tickets.com\/fr\/covid-19\/#breadcrumb","itemListElement":[{"@type":"ListItem","position":1,"name":"Home","item":"https:\/\/sagradafamilia-tickets.com\/"},{"@type":"ListItem","position":2,"name":"MESURES DE S\u00c9CURIT\u00c9 COVID19"}]},{"@type":"WebSite","@id":"https:\/\/sagradafamilia-tickets.com\/#website","url":"https:\/\/sagradafamilia-tickets.com\/","name":"Sagrada Familia Barcelona","description":"Book Your Tickets &amp; Tours","publisher":{"@id":"https:\/\/sagradafamilia-tickets.com\/#organization"},"potentialAction":[{"@type":"SearchAction","target":{"@type":"EntryPoint","urlTemplate":"https:\/\/sagradafamilia-tickets.com\/?s={search_term_string}"},"query-input":"required name=search_term_string"}],"inLanguage":"fr-FR"},{"@type":"Organization","@id":"https:\/\/sagradafamilia-tickets.com\/#organization","name":"Sagrada Familia Barcelona","url":"https:\/\/sagradafamilia-tickets.com\/","logo":{"@type":"ImageObject","inLanguage":"fr-FR","@id":"https:\/\/sagradafamilia-tickets.com\/#\/schema\/logo\/image\/","url":"https:\/\/sagradafamilia-tickets.com\/wp-content\/uploads\/2022\/08\/Sagrada-Familia-Tick.png","contentUrl":"https:\/\/sagradafamilia-tickets.com\/wp-content\/uploads\/2022\/08\/Sagrada-Familia-Tick.png","width":526,"height":50,"caption":"Sagrada Familia Barcelona"},"image":{"@id":"https:\/\/sagradafamilia-tickets.com\/#\/schema\/logo\/image\/"}}]}},"_links":{"self":[{"href":"https:\/\/sagradafamilia-tickets.com\/fr\/wp-json\/wp\/v2\/pages\/33890"}],"collection":[{"href":"https:\/\/sagradafamilia-tickets.com\/fr\/wp-json\/wp\/v2\/pages"}],"about":[{"href":"https:\/\/sagradafamilia-tickets.com\/fr\/wp-json\/wp\/v2\/types\/page"}],"author":[{"embeddable":true,"href":"https:\/\/sagradafamilia-tickets.com\/fr\/wp-json\/wp\/v2\/users\/3"}],"replies":[{"embeddable":true,"href":"https:\/\/sagradafamilia-tickets.com\/fr\/wp-json\/wp\/v2\/comments?post=33890"}],"version-history":[{"count":3,"href":"https:\/\/sagradafamilia-tickets.com\/fr\/wp-json\/wp\/v2\/pages\/33890\/revisions"}],"predecessor-version":[{"id":45765,"href":"https:\/\/sagradafamilia-tickets.com\/fr\/wp-json\/wp\/v2\/pages\/33890\/revisions\/45765"}],"wp:attachment":[{"href":"https:\/\/sagradafamilia-tickets.com\/fr\/wp-json\/wp\/v2\/media?parent=33890"}],"curies":[{"name":"wp","href":"https:\/\/api.w.org\/{rel}","templated":true}]}}