{"id":33825,"date":"2022-09-15T12:01:33","date_gmt":"2022-09-15T11:01:33","guid":{"rendered":"https:\/\/sagradafamilia-tickets.com\/horaires\/"},"modified":"2023-03-28T10:53:16","modified_gmt":"2023-03-28T09:53:16","slug":"horaires","status":"publish","type":"page","link":"https:\/\/sagradafamilia-tickets.com\/fr\/horaires\/","title":{"rendered":"Horaires"},"content":{"rendered":"\t\t<div data-elementor-type=\"wp-page\" data-elementor-id=\"33825\" class=\"elementor elementor-33825 elementor-3232\">\n\t\t\t\t\t\t<div class=\"elementor-inner\">\n\t\t\t\t<div class=\"elementor-section-wrap\">\n\t\t\t\t\t\t\t\t\t<section class=\"elementor-section elementor-top-section elementor-element elementor-element-608995a0 elementor-section-full_width elementor-section-height-min-height elementor-section-height-default elementor-section-items-middle\" data-id=\"608995a0\" data-element_type=\"section\" data-settings=\"{&quot;background_background&quot;:&quot;classic&quot;}\">\n\t\t\t\t\t\t\t<div class=\"elementor-background-overlay\"><\/div>\n\t\t\t\t\t\t\t<div class=\"elementor-container elementor-column-gap-default\">\n\t\t\t\t\t\t\t<div class=\"elementor-row\">\n\t\t\t\t\t<div class=\"elementor-column elementor-col-100 elementor-top-column elementor-element elementor-element-1df58d95\" data-id=\"1df58d95\" data-element_type=\"column\">\n\t\t\t<div class=\"elementor-column-wrap elementor-element-populated\">\n\t\t\t\t\t\t\t<div class=\"elementor-widget-wrap\">\n\t\t\t\t\t\t<div class=\"elementor-element elementor-element-e9e9e38 elementor-widget elementor-widget-heading\" data-id=\"e9e9e38\" data-element_type=\"widget\" data-widget_type=\"heading.default\">\n\t\t\t\t<div class=\"elementor-widget-container\">\n\t\t\t<h1 class=\"elementor-heading-title elementor-size-default\">Horaires de la Sagrada Fam\u00edlia<\/h1>\t\t<\/div>\n\t\t\t\t<\/div>\n\t\t\t\t\t\t<\/div>\n\t\t\t\t\t<\/div>\n\t\t<\/div>\n\t\t\t\t\t\t\t\t<\/div>\n\t\t\t\t\t<\/div>\n\t\t<\/section>\n\t\t\t\t<section class=\"elementor-section elementor-top-section elementor-element elementor-element-c219c46 elementor-section-boxed elementor-section-height-default elementor-section-height-default\" data-id=\"c219c46\" data-element_type=\"section\">\n\t\t\t\t\t\t<div class=\"elementor-container elementor-column-gap-default\">\n\t\t\t\t\t\t\t<div class=\"elementor-row\">\n\t\t\t\t\t<div class=\"elementor-column elementor-col-100 elementor-top-column elementor-element elementor-element-c45b833\" data-id=\"c45b833\" data-element_type=\"column\">\n\t\t\t<div class=\"elementor-column-wrap elementor-element-populated\">\n\t\t\t\t\t\t\t<div class=\"elementor-widget-wrap\">\n\t\t\t\t\t\t<div class=\"elementor-element elementor-element-b54c4d6 elementor-widget elementor-widget-woocommerce-breadcrumb\" data-id=\"b54c4d6\" data-element_type=\"widget\" data-widget_type=\"woocommerce-breadcrumb.default\">\n\t\t\t\t<div class=\"elementor-widget-container\">\n\t\t\t<nav class=\"woocommerce-breadcrumb\">Accueil<\/nav>\t\t<\/div>\n\t\t\t\t<\/div>\n\t\t\t\t\t\t<\/div>\n\t\t\t\t\t<\/div>\n\t\t<\/div>\n\t\t\t\t\t\t\t\t<\/div>\n\t\t\t\t\t<\/div>\n\t\t<\/section>\n\t\t\t\t<section class=\"elementor-section elementor-top-section elementor-element elementor-element-7f33b9f elementor-section-boxed elementor-section-height-default elementor-section-height-default\" data-id=\"7f33b9f\" data-element_type=\"section\">\n\t\t\t\t\t\t<div class=\"elementor-container elementor-column-gap-default\">\n\t\t\t\t\t\t\t<div class=\"elementor-row\">\n\t\t\t\t\t<div class=\"elementor-column elementor-col-100 elementor-top-column elementor-element elementor-element-7eae1b8\" data-id=\"7eae1b8\" data-element_type=\"column\">\n\t\t\t<div class=\"elementor-column-wrap elementor-element-populated\">\n\t\t\t\t\t\t\t<div class=\"elementor-widget-wrap\">\n\t\t\t\t\t\t<div class=\"elementor-element elementor-element-27413a2 elementor-widget elementor-widget-text-editor\" data-id=\"27413a2\" data-element_type=\"widget\" data-widget_type=\"text-editor.default\">\n\t\t\t\t<div class=\"elementor-widget-container\">\n\t\t\t\t\t\t\t\t<div class=\"elementor-text-editor elementor-clearfix\">\n\t\t\t\t<p>La Sagrada Fam\u00edlia est ouverte toute l&rsquo;ann\u00e9e aux touristes et aux r\u00e9sidents qui souhaitent la visiter. Les jours et heures d&rsquo;ouverture peuvent \u00eatre modifi\u00e9s \u00e0 l&rsquo;occasion en raison d&rsquo;\u00e9v\u00e9nements sp\u00e9ciaux qui peuvent avoir lieu \u00e0 l&rsquo;int\u00e9rieur de la basilique. Consultez les horaires d&rsquo;ouverture ci-dessous.<\/p>\n\t\t\t\t\t<\/div>\n\t\t\t\t\t\t<\/div>\n\t\t\t\t<\/div>\n\t\t\t\t\t\t<\/div>\n\t\t\t\t\t<\/div>\n\t\t<\/div>\n\t\t\t\t\t\t\t\t<\/div>\n\t\t\t\t\t<\/div>\n\t\t<\/section>\n\t\t\t\t<section class=\"elementor-section elementor-top-section elementor-element elementor-element-11cc56c elementor-section-content-middle elementor-reverse-tablet elementor-reverse-mobile elementor-section-boxed elementor-section-height-default elementor-section-height-default\" data-id=\"11cc56c\" data-element_type=\"section\">\n\t\t\t\t\t\t<div class=\"elementor-container elementor-column-gap-default\">\n\t\t\t\t\t\t\t<div class=\"elementor-row\">\n\t\t\t\t\t<div class=\"elementor-column elementor-col-100 elementor-top-column elementor-element elementor-element-f8492b1\" data-id=\"f8492b1\" data-element_type=\"column\">\n\t\t\t<div class=\"elementor-column-wrap elementor-element-populated\">\n\t\t\t\t\t\t\t<div class=\"elementor-widget-wrap\">\n\t\t\t\t\t\t<div class=\"elementor-element elementor-element-5ffb50f elementor-widget elementor-widget-heading\" data-id=\"5ffb50f\" data-element_type=\"widget\" data-widget_type=\"heading.default\">\n\t\t\t\t<div class=\"elementor-widget-container\">\n\t\t\t<h2 class=\"elementor-heading-title elementor-size-default\">Heures d'ouverture<\/h2>\t\t<\/div>\n\t\t\t\t<\/div>\n\t\t\t\t<div class=\"elementor-element elementor-element-69689f2 elementor-widget-divider--view-line elementor-widget elementor-widget-divider\" data-id=\"69689f2\" data-element_type=\"widget\" data-widget_type=\"divider.default\">\n\t\t\t\t<div class=\"elementor-widget-container\">\n\t\t\t\t\t<div class=\"elementor-divider\">\n\t\t\t<span class=\"elementor-divider-separator\">\n\t\t\t\t\t\t<\/span>\n\t\t<\/div>\n\t\t\t\t<\/div>\n\t\t\t\t<\/div>\n\t\t\t\t<div class=\"elementor-element elementor-element-60b8695 elementor-widget elementor-widget-text-editor\" data-id=\"60b8695\" data-element_type=\"widget\" data-widget_type=\"text-editor.default\">\n\t\t\t\t<div class=\"elementor-widget-container\">\n\t\t\t\t\t\t\t\t<div class=\"elementor-text-editor elementor-clearfix\">\n\t\t\t\t<table>\n<tbody>\n<tr>\n<td><span style=\"font-size: 17px; font-style: normal; font-weight: 400;\">De novembre \u00e0 f\u00e9vrier<\/span><\/td>\n<td>De 9:00 \u00e0 18:00<\/td>\n<\/tr>\n<tr>\n<td><span style=\"font-size: 17px; font-style: normal; font-weight: 400;\">Mars<\/span><\/td>\n<td>De 9:00 \u00e0 19:00<br><\/td>\n<\/tr>\n<tr>\n<td><span style=\"font-size: 17px; font-style: normal; font-weight: 400;\">D\u2019avril \u00e0 septembre<\/span><\/td>\n<td>De 9:00 \u00e0 20:00<br><\/td>\n<\/tr>\n<tr>\n<td><span style=\"font-size: 17px; font-style: normal; font-weight: 400;\">Octobre&nbsp;<\/span><br><\/td>\n<td>De 9:00 \u00e0 19:00<br><\/td>\n<\/tr>\n<tr>\n<td><span style=\"font-size: 17px; font-style: normal; font-weight: 400;\">25 et 26 d\u00e9cembre \/ 1er et 6 janvier<\/span><\/td>\n<td>De 9:00 \u00e0 14:00<br><\/td>\n<\/tr>\n<\/tbody>\n<\/table>\t\t\t\t\t<\/div>\n\t\t\t\t\t\t<\/div>\n\t\t\t\t<\/div>\n\t\t\t\t\t\t<\/div>\n\t\t\t\t\t<\/div>\n\t\t<\/div>\n\t\t\t\t\t\t\t\t<\/div>\n\t\t\t\t\t<\/div>\n\t\t<\/section>\n\t\t\t\t<section class=\"elementor-section elementor-top-section elementor-element elementor-element-9175c2d elementor-section-content-middle elementor-reverse-tablet elementor-reverse-mobile elementor-hidden-desktop elementor-hidden-tablet elementor-hidden-mobile elementor-section-boxed elementor-section-height-default elementor-section-height-default\" data-id=\"9175c2d\" data-element_type=\"section\">\n\t\t\t\t\t\t<div class=\"elementor-container elementor-column-gap-default\">\n\t\t\t\t\t\t\t<div class=\"elementor-row\">\n\t\t\t\t\t<div class=\"elementor-column elementor-col-100 elementor-top-column elementor-element elementor-element-dc36c7e\" data-id=\"dc36c7e\" data-element_type=\"column\">\n\t\t\t<div class=\"elementor-column-wrap elementor-element-populated\">\n\t\t\t\t\t\t\t<div class=\"elementor-widget-wrap\">\n\t\t\t\t\t\t<div class=\"elementor-element elementor-element-5d5c422 elementor-widget elementor-widget-heading\" data-id=\"5d5c422\" data-element_type=\"widget\" data-widget_type=\"heading.default\">\n\t\t\t\t<div class=\"elementor-widget-container\">\n\t\t\t<h2 class=\"elementor-heading-title elementor-size-default\">Heures d'ouverture du Mus\u00e9e de la Maison Gaud\u00ed<\/h2>\t\t<\/div>\n\t\t\t\t<\/div>\n\t\t\t\t<div class=\"elementor-element elementor-element-c332608 elementor-widget-divider--view-line elementor-widget elementor-widget-divider\" data-id=\"c332608\" data-element_type=\"widget\" data-widget_type=\"divider.default\">\n\t\t\t\t<div class=\"elementor-widget-container\">\n\t\t\t\t\t<div class=\"elementor-divider\">\n\t\t\t<span class=\"elementor-divider-separator\">\n\t\t\t\t\t\t<\/span>\n\t\t<\/div>\n\t\t\t\t<\/div>\n\t\t\t\t<\/div>\n\t\t\t\t<div class=\"elementor-element elementor-element-185ccd0 elementor-widget elementor-widget-text-editor\" data-id=\"185ccd0\" data-element_type=\"widget\" data-widget_type=\"text-editor.default\">\n\t\t\t\t<div class=\"elementor-widget-container\">\n\t\t\t\t\t\t\t\t<div class=\"elementor-text-editor elementor-clearfix\">\n\t\t\t\t<p>Le mus\u00e9e de la maison Gaud\u00ed est ouvert tous les jours de l&rsquo;ann\u00e9e. Consultez les horaires d&rsquo;ouverture ci-dessous :<\/p>\n<p>Heures d&rsquo;ouverture du Mus\u00e9e de la Maison Gaud\u00ed<\/p>\n<table>\n<tbody>\n<tr>\n<td>D&rsquo;octobre \u00e0 mars<\/td>\n<td>De 10h \u00e0 18h<\/td>\n<\/tr>\n<tr>\n<td>D&rsquo;avril \u00e0 septembre<\/td>\n<td>De 9h \u00e0 20h<\/td>\n<\/tr>\n<tr>\n<td>25 et 26 d\u00e9cembre<\/p>\n<p>1er et 6 janvier<\/td>\n<td>De 10h \u00e0 14h<\/td>\n<\/tr>\n<\/tbody>\n<\/table>\n\t\t\t\t\t<\/div>\n\t\t\t\t\t\t<\/div>\n\t\t\t\t<\/div>\n\t\t\t\t\t\t<\/div>\n\t\t\t\t\t<\/div>\n\t\t<\/div>\n\t\t\t\t\t\t\t\t<\/div>\n\t\t\t\t\t<\/div>\n\t\t<\/section>\n\t\t\t\t<section class=\"elementor-section elementor-top-section elementor-element elementor-element-39d3d34 elementor-section-content-middle elementor-reverse-tablet elementor-reverse-mobile elementor-section-boxed elementor-section-height-default elementor-section-height-default\" data-id=\"39d3d34\" data-element_type=\"section\">\n\t\t\t\t\t\t<div class=\"elementor-container elementor-column-gap-default\">\n\t\t\t\t\t\t\t<div class=\"elementor-row\">\n\t\t\t\t\t<div class=\"elementor-column elementor-col-100 elementor-top-column elementor-element elementor-element-a7b20c3\" data-id=\"a7b20c3\" data-element_type=\"column\">\n\t\t\t<div class=\"elementor-column-wrap elementor-element-populated\">\n\t\t\t\t\t\t\t<div class=\"elementor-widget-wrap\">\n\t\t\t\t\t\t<div class=\"elementor-element elementor-element-5cb4998 elementor-widget elementor-widget-heading\" data-id=\"5cb4998\" data-element_type=\"widget\" data-widget_type=\"heading.default\">\n\t\t\t\t<div class=\"elementor-widget-container\">\n\t\t\t<h2 class=\"elementor-heading-title elementor-size-default\">Horaire des messes \u00e0 la Sagrada Fam\u00edlia<\/h2>\t\t<\/div>\n\t\t\t\t<\/div>\n\t\t\t\t<div class=\"elementor-element elementor-element-b530e89 elementor-widget-divider--view-line elementor-widget elementor-widget-divider\" data-id=\"b530e89\" data-element_type=\"widget\" data-widget_type=\"divider.default\">\n\t\t\t\t<div class=\"elementor-widget-container\">\n\t\t\t\t\t<div class=\"elementor-divider\">\n\t\t\t<span class=\"elementor-divider-separator\">\n\t\t\t\t\t\t<\/span>\n\t\t<\/div>\n\t\t\t\t<\/div>\n\t\t\t\t<\/div>\n\t\t\t\t<div class=\"elementor-element elementor-element-e2f66c1 elementor-widget elementor-widget-text-editor\" data-id=\"e2f66c1\" data-element_type=\"widget\" data-widget_type=\"text-editor.default\">\n\t\t\t\t<div class=\"elementor-widget-container\">\n\t\t\t\t\t\t\t\t<div class=\"elementor-text-editor elementor-clearfix\">\n\t\t\t\t<p>En plus d&rsquo;\u00eatre un temple unique, la Sagrada Fam\u00edlia est une \u00e9glise catholique romaine en activit\u00e9 et, \u00e0 ce titre, elle organise une messe tous les dimanches \u00e0 9 heures et les samedis \u00e0 20 heures. Le service dure environ une heure et se d\u00e9roule en plusieurs langues pour satisfaire les habitants et les touristes. L&rsquo;entr\u00e9e est gratuite.<\/p>\n<p>L&rsquo;espace \u00e0 l&rsquo;int\u00e9rieur est limit\u00e9, l&rsquo;entr\u00e9e se fait donc sur la base du premier arriv\u00e9, premier servi. Si vous souhaitez assister \u00e0 un service, vous devez vous pr\u00e9senter \u00e0 l&rsquo;entr\u00e9e pr\u00e8s de la fa\u00e7ade de la Nativit\u00e9 avant 8h30 pour la messe du dimanche et 19h30 pour le service du samedi. Il existe des dates sp\u00e9ciales pour les services religieux qui ont lieu tout au long de l&rsquo;ann\u00e9e. Il est essentiel que vous vous habilliez et vous comportiez bien lorsque vous assistez \u00e0 la messe.<\/p>\n\t\t\t\t\t<\/div>\n\t\t\t\t\t\t<\/div>\n\t\t\t\t<\/div>\n\t\t\t\t\t\t<\/div>\n\t\t\t\t\t<\/div>\n\t\t<\/div>\n\t\t\t\t\t\t\t\t<\/div>\n\t\t\t\t\t<\/div>\n\t\t<\/section>\n\t\t\t\t\t\t\t\t\t<\/div>\n\t\t\t<\/div>\n\t\t\t\t\t<\/div>\n\t\t","protected":false},"excerpt":{"rendered":"<p>Horaires de la Sagrada Fam\u00edlia La Sagrada Fam\u00edlia est ouverte toute l&rsquo;ann\u00e9e aux touristes et aux r\u00e9sidents qui souhaitent la visiter. Les jours et heures d&rsquo;ouverture peuvent \u00eatre modifi\u00e9s \u00e0 l&rsquo;occasion en raison d&rsquo;\u00e9v\u00e9nements sp\u00e9ciaux qui peuvent avoir lieu \u00e0 l&rsquo;int\u00e9rieur de la basilique. Consultez les horaires d&rsquo;ouverture ci-dessous. Heures d&rsquo;ouverture De novembre \u00e0 f\u00e9vrier &hellip;<\/p>\n<p class=\"read-more\"> <a class=\"\" href=\"https:\/\/sagradafamilia-tickets.com\/fr\/horaires\/\"> <span class=\"screen-reader-text\">Horaires<\/span> Lire la suite\u00a0\u00bb<\/a><\/p>\n","protected":false},"author":3,"featured_media":0,"parent":0,"menu_order":0,"comment_status":"closed","ping_status":"closed","template":"","meta":{"site-sidebar-layout":"no-sidebar","site-content-layout":"page-builder","ast-global-header-display":"","ast-main-header-display":"","ast-hfb-above-header-display":"","ast-hfb-below-header-display":"","ast-hfb-mobile-header-display":"","site-post-title":"disabled","ast-breadcrumbs-content":"","ast-featured-img":"disabled","footer-sml-layout":"","theme-transparent-header-meta":"default","adv-header-id-meta":"","stick-header-meta":"","header-above-stick-meta":"","header-main-stick-meta":"","header-below-stick-meta":""},"yoast_head":"<!-- This site is optimized with the Yoast SEO plugin v20.4 - https:\/\/yoast.com\/wordpress\/plugins\/seo\/ -->\n<title>Horaires de la Sagrada Fam\u00edlia | V\u00e9rifier le calendrier<\/title>\n<meta name=\"description\" content=\"La Sagrada Fam\u00edlia est une \u00e9glise catholique romaine en activit\u00e9 et elle est ouverte aux visiteurs tous les jours de l&#039;ann\u00e9e. Consultez le calendrier complet ici et planifiez votre visite\" \/>\n<meta name=\"robots\" content=\"noindex, follow, max-snippet:-1, max-image-preview:large, max-video-preview:-1\" \/>\n<meta property=\"og:locale\" content=\"fr_FR\" \/>\n<meta property=\"og:type\" content=\"article\" \/>\n<meta property=\"og:title\" content=\"Horaires de la Sagrada Fam\u00edlia | V\u00e9rifier le calendrier\" \/>\n<meta property=\"og:description\" content=\"La Sagrada Fam\u00edlia est une \u00e9glise catholique romaine en activit\u00e9 et elle est ouverte aux visiteurs tous les jours de l&#039;ann\u00e9e. Consultez le calendrier complet ici et planifiez votre visite\" \/>\n<meta property=\"og:url\" content=\"https:\/\/sagradafamilia-tickets.com\/sagrada-familia-opening-hours\/\" \/>\n<meta property=\"og:site_name\" content=\"Sagrada Familia Barcelona\" \/>\n<meta property=\"article:modified_time\" content=\"2023-03-28T09:53:16+00:00\" \/>\n<meta name=\"twitter:card\" content=\"summary_large_image\" \/>\n<meta name=\"twitter:label1\" content=\"Dur\u00e9e de lecture estim\u00e9e\" \/>\n\t<meta name=\"twitter:data1\" content=\"1 minute\" \/>\n<script type=\"application\/ld+json\" class=\"yoast-schema-graph\">{\"@context\":\"https:\/\/schema.org\",\"@graph\":[{\"@type\":\"WebPage\",\"@id\":\"https:\/\/sagradafamilia-tickets.com\/sagrada-familia-opening-hours\/\",\"url\":\"https:\/\/sagradafamilia-tickets.com\/sagrada-familia-opening-hours\/\",\"name\":\"Horaires de la Sagrada Fam\u00edlia | V\u00e9rifier le calendrier\",\"isPartOf\":{\"@id\":\"https:\/\/sagradafamilia-tickets.com\/#website\"},\"datePublished\":\"2022-09-15T11:01:33+00:00\",\"dateModified\":\"2023-03-28T09:53:16+00:00\",\"description\":\"La Sagrada Fam\u00edlia est une \u00e9glise catholique romaine en activit\u00e9 et elle est ouverte aux visiteurs tous les jours de l'ann\u00e9e. Consultez le calendrier complet ici et planifiez votre visite\",\"breadcrumb\":{\"@id\":\"https:\/\/sagradafamilia-tickets.com\/sagrada-familia-opening-hours\/#breadcrumb\"},\"inLanguage\":\"fr-FR\",\"potentialAction\":[{\"@type\":\"ReadAction\",\"target\":[\"https:\/\/sagradafamilia-tickets.com\/sagrada-familia-opening-hours\/\"]}]},{\"@type\":\"BreadcrumbList\",\"@id\":\"https:\/\/sagradafamilia-tickets.com\/sagrada-familia-opening-hours\/#breadcrumb\",\"itemListElement\":[{\"@type\":\"ListItem\",\"position\":1,\"name\":\"Home\",\"item\":\"https:\/\/sagradafamilia-tickets.com\/\"},{\"@type\":\"ListItem\",\"position\":2,\"name\":\"Horaires\"}]},{\"@type\":\"WebSite\",\"@id\":\"https:\/\/sagradafamilia-tickets.com\/#website\",\"url\":\"https:\/\/sagradafamilia-tickets.com\/\",\"name\":\"Sagrada Familia Barcelona\",\"description\":\"Book Your Tickets &amp; Tours\",\"publisher\":{\"@id\":\"https:\/\/sagradafamilia-tickets.com\/#organization\"},\"potentialAction\":[{\"@type\":\"SearchAction\",\"target\":{\"@type\":\"EntryPoint\",\"urlTemplate\":\"https:\/\/sagradafamilia-tickets.com\/?s={search_term_string}\"},\"query-input\":\"required name=search_term_string\"}],\"inLanguage\":\"fr-FR\"},{\"@type\":\"Organization\",\"@id\":\"https:\/\/sagradafamilia-tickets.com\/#organization\",\"name\":\"Sagrada Familia Barcelona\",\"url\":\"https:\/\/sagradafamilia-tickets.com\/\",\"logo\":{\"@type\":\"ImageObject\",\"inLanguage\":\"fr-FR\",\"@id\":\"https:\/\/sagradafamilia-tickets.com\/#\/schema\/logo\/image\/\",\"url\":\"https:\/\/sagradafamilia-tickets.com\/wp-content\/uploads\/2022\/08\/Sagrada-Familia-Tick.png\",\"contentUrl\":\"https:\/\/sagradafamilia-tickets.com\/wp-content\/uploads\/2022\/08\/Sagrada-Familia-Tick.png\",\"width\":526,\"height\":50,\"caption\":\"Sagrada Familia Barcelona\"},\"image\":{\"@id\":\"https:\/\/sagradafamilia-tickets.com\/#\/schema\/logo\/image\/\"}}]}<\/script>\n<!-- \/ Yoast SEO plugin. -->","yoast_head_json":{"title":"Horaires de la Sagrada Fam\u00edlia | V\u00e9rifier le calendrier","description":"La Sagrada Fam\u00edlia est une \u00e9glise catholique romaine en activit\u00e9 et elle est ouverte aux visiteurs tous les jours de l'ann\u00e9e. Consultez le calendrier complet ici et planifiez votre visite","robots":{"index":"noindex","follow":"follow","max-snippet":"max-snippet:-1","max-image-preview":"max-image-preview:large","max-video-preview":"max-video-preview:-1"},"og_locale":"fr_FR","og_type":"article","og_title":"Horaires de la Sagrada Fam\u00edlia | V\u00e9rifier le calendrier","og_description":"La Sagrada Fam\u00edlia est une \u00e9glise catholique romaine en activit\u00e9 et elle est ouverte aux visiteurs tous les jours de l'ann\u00e9e. Consultez le calendrier complet ici et planifiez votre visite","og_url":"https:\/\/sagradafamilia-tickets.com\/sagrada-familia-opening-hours\/","og_site_name":"Sagrada Familia Barcelona","article_modified_time":"2023-03-28T09:53:16+00:00","twitter_card":"summary_large_image","twitter_misc":{"Dur\u00e9e de lecture estim\u00e9e":"1 minute"},"schema":{"@context":"https:\/\/schema.org","@graph":[{"@type":"WebPage","@id":"https:\/\/sagradafamilia-tickets.com\/sagrada-familia-opening-hours\/","url":"https:\/\/sagradafamilia-tickets.com\/sagrada-familia-opening-hours\/","name":"Horaires de la Sagrada Fam\u00edlia | V\u00e9rifier le calendrier","isPartOf":{"@id":"https:\/\/sagradafamilia-tickets.com\/#website"},"datePublished":"2022-09-15T11:01:33+00:00","dateModified":"2023-03-28T09:53:16+00:00","description":"La Sagrada Fam\u00edlia est une \u00e9glise catholique romaine en activit\u00e9 et elle est ouverte aux visiteurs tous les jours de l'ann\u00e9e. Consultez le calendrier complet ici et planifiez votre visite","breadcrumb":{"@id":"https:\/\/sagradafamilia-tickets.com\/sagrada-familia-opening-hours\/#breadcrumb"},"inLanguage":"fr-FR","potentialAction":[{"@type":"ReadAction","target":["https:\/\/sagradafamilia-tickets.com\/sagrada-familia-opening-hours\/"]}]},{"@type":"BreadcrumbList","@id":"https:\/\/sagradafamilia-tickets.com\/sagrada-familia-opening-hours\/#breadcrumb","itemListElement":[{"@type":"ListItem","position":1,"name":"Home","item":"https:\/\/sagradafamilia-tickets.com\/"},{"@type":"ListItem","position":2,"name":"Horaires"}]},{"@type":"WebSite","@id":"https:\/\/sagradafamilia-tickets.com\/#website","url":"https:\/\/sagradafamilia-tickets.com\/","name":"Sagrada Familia Barcelona","description":"Book Your Tickets &amp; Tours","publisher":{"@id":"https:\/\/sagradafamilia-tickets.com\/#organization"},"potentialAction":[{"@type":"SearchAction","target":{"@type":"EntryPoint","urlTemplate":"https:\/\/sagradafamilia-tickets.com\/?s={search_term_string}"},"query-input":"required name=search_term_string"}],"inLanguage":"fr-FR"},{"@type":"Organization","@id":"https:\/\/sagradafamilia-tickets.com\/#organization","name":"Sagrada Familia Barcelona","url":"https:\/\/sagradafamilia-tickets.com\/","logo":{"@type":"ImageObject","inLanguage":"fr-FR","@id":"https:\/\/sagradafamilia-tickets.com\/#\/schema\/logo\/image\/","url":"https:\/\/sagradafamilia-tickets.com\/wp-content\/uploads\/2022\/08\/Sagrada-Familia-Tick.png","contentUrl":"https:\/\/sagradafamilia-tickets.com\/wp-content\/uploads\/2022\/08\/Sagrada-Familia-Tick.png","width":526,"height":50,"caption":"Sagrada Familia Barcelona"},"image":{"@id":"https:\/\/sagradafamilia-tickets.com\/#\/schema\/logo\/image\/"}}]}},"_links":{"self":[{"href":"https:\/\/sagradafamilia-tickets.com\/fr\/wp-json\/wp\/v2\/pages\/33825"}],"collection":[{"href":"https:\/\/sagradafamilia-tickets.com\/fr\/wp-json\/wp\/v2\/pages"}],"about":[{"href":"https:\/\/sagradafamilia-tickets.com\/fr\/wp-json\/wp\/v2\/types\/page"}],"author":[{"embeddable":true,"href":"https:\/\/sagradafamilia-tickets.com\/fr\/wp-json\/wp\/v2\/users\/3"}],"replies":[{"embeddable":true,"href":"https:\/\/sagradafamilia-tickets.com\/fr\/wp-json\/wp\/v2\/comments?post=33825"}],"version-history":[{"count":9,"href":"https:\/\/sagradafamilia-tickets.com\/fr\/wp-json\/wp\/v2\/pages\/33825\/revisions"}],"predecessor-version":[{"id":78180,"href":"https:\/\/sagradafamilia-tickets.com\/fr\/wp-json\/wp\/v2\/pages\/33825\/revisions\/78180"}],"wp:attachment":[{"href":"https:\/\/sagradafamilia-tickets.com\/fr\/wp-json\/wp\/v2\/media?parent=33825"}],"curies":[{"name":"wp","href":"https:\/\/api.w.org\/{rel}","templated":true}]}}