{"id":86587,"date":"2023-05-11T15:37:36","date_gmt":"2023-05-11T14:37:36","guid":{"rendered":"https:\/\/sagradafamilia-tickets.com\/?page_id=86587"},"modified":"2024-06-05T08:37:19","modified_gmt":"2024-06-05T07:37:19","slug":"request-refund","status":"publish","type":"page","link":"https:\/\/sagradafamilia-tickets.com\/es\/request-refund\/","title":{"rendered":"Request refund"},"content":{"rendered":"\t\t<div data-elementor-type=\"wp-page\" data-elementor-id=\"86587\" class=\"elementor elementor-86587\">\n\t\t\t\t\t\t<div class=\"elementor-inner\">\n\t\t\t\t<div class=\"elementor-section-wrap\">\n\t\t\t\t\t\t\t\t\t<section class=\"elementor-section elementor-top-section elementor-element elementor-element-b199b53 elementor-section-boxed elementor-section-height-default elementor-section-height-default\" data-id=\"b199b53\" data-element_type=\"section\">\n\t\t\t\t\t\t<div class=\"elementor-container elementor-column-gap-default\">\n\t\t\t\t\t\t\t<div class=\"elementor-row\">\n\t\t\t\t\t<div class=\"elementor-column elementor-col-100 elementor-top-column elementor-element elementor-element-e75030b\" data-id=\"e75030b\" data-element_type=\"column\">\n\t\t\t<div class=\"elementor-column-wrap elementor-element-populated\">\n\t\t\t\t\t\t\t<div class=\"elementor-widget-wrap\">\n\t\t\t\t\t\t<div class=\"elementor-element elementor-element-dc6ba27 elementor-widget elementor-widget-html\" data-id=\"dc6ba27\" data-element_type=\"widget\" data-widget_type=\"html.default\">\n\t\t\t\t<div class=\"elementor-widget-container\">\n\t\t\t<style>\n  h2 {\n      color: #0e0e0e !important;\n  }\n\n  input:focus {\n    box-shadow: none !important;\n  }\n  \n  input::placeholder {\n      color: #9e9e9e;\n  }\n  \n  button {\n      background-color: #ffffff !important;\n  }\n\n  p {\n    text-align: center;\n    margin-top: 24px;\n    margin-bottom: 0;\n    color: #0e0e0e;\n    font-size: 16px;\n  }\n\n  .container {\n    display: flex;\n    flex-direction: column;\n    align-items: center;\n    font-family: 'Inter';\n  }\n\n  .title {\n      text-align: center;\n    color: #0e0e0e;\n    font-weight: bold;\n    margin-bottom: 0;\n    margin-top: 2.5rem;\n  }\n\n  .buttons {\n    margin-top: 42px;\n    display: flex;\n    gap: 42px;\n    flex-wrap: wrap;\n    justify-content: center;\n  }\n\n    \n  .buttons a {\n    width: 175px;\n    height: 42px;\n  }\n\n  .refund {\n    width: 185px;\n    height: 42px;\n    border: 1px solid #989797 !important;\n    color: #989797 !important;\n    font-size: 16px;\n    display: flex;\n    justify-content: center;\n    align-items: center;\n    border-radius: 5px;\n    cursor: pointer;\n  }\n\n  .refund:hover {\n    background: #ffffff !important;\n  }\n\n  .refund:focus {\n    background-color: #ffffff !important;\n  }\n\n  .cancel {\n    cursor: pointer;\n    background: #CE2B37;\n    border-radius: 5px;\n    color: #ffffff !important;\n    font-size: 16px;\n    display: flex;\n    justify-content: center;\n    align-items: center;\n  }\n\n  .refund:focus {\n    background-color: #7E0009 !important;\n  }\n\n  .cancel:hover {\n    background-color: #7E0009;\n    border: 1px solid #7E0009;\n  }\n\n  .link {\n    margin-top: 42px;\n    font-size: 14px !important;\n    color: #7E0009 !important;\n    text-decoration: underline !important;\n    cursor: pointer !important;\n    margin-bottom: 5rem;\n  }\n\n  .inputs {\n    display: flex;\n    flex-direction: column;\n    align-items: center;\n    gap: 24px;\n    margin-top: 42px;\n  }\n\n  .inputs input {\n    width: 335px;\n    height: 42px !important;\n    border: 1px solid rgb(174, 181, 189, 0.7) !important;\n    padding: 0 12px !important;\n    border-radius: 5px !important;\n  }\n\n  #custom-referenceId {\n    margin-bottom: 0 !important;\n  }\n  \/* validator *\/\n  .error-message {\n    display: flex;\n    gap: 0.5rem;\n    align-items: center;\n    margin-top: 0.5rem;\n    background-color: rgb(219, 46, 58, 0.2);\n    color: #DB2E3A;\n    padding: 8px 12px;\n    border-radius: 5px;\n    animation: error-message 0.5s ease-in-out;\n    width: 361px;\n  }\n  \n  .error-message-visible {\n    display: none !important;\n  }\n  \n  .error-input {\n      border: 1px solid red !important;\n  }\n<\/style>\n\n<div class=\"container\">\n  <h2 class=\"title\">Solicitud de reembolso\n<\/h2>\n  <p style=\"margin-bottom: 0 !important;\">\n    \u00bfEst\u00e1s seguro de que quieres solicitar un reembolso? Si lo haces,<br> perder\u00e1s la opci\u00f3n de visitar la atracci\u00f3n.\n  <\/p>\n  <form>\n    <div class=\"inputs\">\n        <p style=\"margin: 0 !important;\">Introduce los siguientes datos para solicitar un reembolso<\/p>\n        <input type=\"text\" placeholder=\"Correo electr\u00f3nico utilizado para la reserva *\n\" id=\"custom-emailPayment\" \/>\n        <input type=\"text\" placeholder=\"ID de referencia *\n\" id=\"custom-referenceId\" \/>\n    <\/div>\n    <div class=\"error-message custom-error error-message-visible\" id=\"custom-error\">\n              <svg xmlns=\"http:\/\/www.w3.org\/2000\/svg\" fill=\"none\" viewBox=\"0 0 24 24\" stroke-width=\"2\" stroke=\"currentColor\"\n                style=\"width: 16px; height: 16px;\">\n                <path stroke-linecap=\"round\" stroke-linejoin=\"round\"\n                  d=\"M12 9v3.75m-9.303 3.376c-.866 1.5.217 3.374 1.948 3.374h14.71c1.73 0 2.813-1.874 1.948-3.374L13.949 3.378c-.866-1.5-3.032-1.5-3.898 0L2.697 16.126zM12 15.75h.007v.008H12v-.008z\" \/>\n              <\/svg>\n              <div id=\"custom-email-error-text\" style=\"font-size: 12px;\">Correo electr\u00f3nico o ID de referencia no v\u00e1lidos<\/div>\n    <\/div>\n  <\/form>\n  <div class=\"buttons\">\n    <button id=\"refund\" type=\"submit\" class=\"refund\">Solicitar reembolso\n<\/button>\n    <a href=\"\/es\" class=\"cancel\">Cancelar<\/a>\n  <\/div>\n  <a href=\"\/es\/reschedule-visit\" class=\"link\">\n    Reservar otra franja horaria\n  <\/a>\n<\/div>\t\t<\/div>\n\t\t\t\t<\/div>\n\t\t\t\t\t\t<\/div>\n\t\t\t\t\t<\/div>\n\t\t<\/div>\n\t\t\t\t\t\t\t\t<\/div>\n\t\t\t\t\t<\/div>\n\t\t<\/section>\n\t\t\t\t\t\t\t\t\t<\/div>\n\t\t\t<\/div>\n\t\t\t\t\t<\/div>\n\t\t","protected":false},"excerpt":{"rendered":"<p>Solicitud de reembolso \u00bfEst\u00e1s seguro de que quieres solicitar un reembolso? Si lo haces, perder\u00e1s la opci\u00f3n de visitar la atracci\u00f3n. Introduce los siguientes datos para solicitar un reembolso Correo electr\u00f3nico o ID de referencia no v\u00e1lidos Solicitar reembolso Cancelar Reservar otra franja horaria<\/p>\n","protected":false},"author":3,"featured_media":0,"parent":0,"menu_order":0,"comment_status":"closed","ping_status":"closed","template":"","meta":{"site-sidebar-layout":"no-sidebar","site-content-layout":"page-builder","ast-global-header-display":"","ast-main-header-display":"","ast-hfb-above-header-display":"","ast-hfb-below-header-display":"","ast-hfb-mobile-header-display":"","site-post-title":"disabled","ast-breadcrumbs-content":"","ast-featured-img":"disabled","footer-sml-layout":"","theme-transparent-header-meta":"default","adv-header-id-meta":"","stick-header-meta":"","header-above-stick-meta":"","header-main-stick-meta":"","header-below-stick-meta":""},"yoast_head":"<!-- This site is optimized with the Yoast SEO plugin v20.4 - https:\/\/yoast.com\/wordpress\/plugins\/seo\/ -->\n<title>Request refund - Sagrada Familia Barcelona<\/title>\n<meta name=\"robots\" content=\"noindex, follow\" \/>\n<meta property=\"og:locale\" content=\"es_ES\" \/>\n<meta property=\"og:type\" content=\"article\" \/>\n<meta property=\"og:title\" content=\"Request refund - Sagrada Familia Barcelona\" \/>\n<meta property=\"og:description\" content=\"Solicitud de reembolso \u00bfEst\u00e1s seguro de que quieres solicitar un reembolso? Si lo haces, perder\u00e1s la opci\u00f3n de visitar la atracci\u00f3n. Introduce los siguientes datos para solicitar un reembolso Correo electr\u00f3nico o ID de referencia no v\u00e1lidos Solicitar reembolso Cancelar Reservar otra franja horaria\" \/>\n<meta property=\"og:url\" content=\"https:\/\/sagradafamilia-tickets.com\/es\/request-refund\/\" \/>\n<meta property=\"og:site_name\" content=\"Sagrada Familia Barcelona\" \/>\n<meta property=\"article:modified_time\" content=\"2024-06-05T07:37:19+00:00\" \/>\n<meta name=\"twitter:card\" content=\"summary_large_image\" \/>\n<script type=\"application\/ld+json\" class=\"yoast-schema-graph\">{\"@context\":\"https:\/\/schema.org\",\"@graph\":[{\"@type\":\"WebPage\",\"@id\":\"https:\/\/sagradafamilia-tickets.com\/es\/request-refund\/\",\"url\":\"https:\/\/sagradafamilia-tickets.com\/es\/request-refund\/\",\"name\":\"Request refund - Sagrada Familia Barcelona\",\"isPartOf\":{\"@id\":\"https:\/\/sagradafamilia-tickets.com\/#website\"},\"datePublished\":\"2023-05-11T14:37:36+00:00\",\"dateModified\":\"2024-06-05T07:37:19+00:00\",\"breadcrumb\":{\"@id\":\"https:\/\/sagradafamilia-tickets.com\/es\/request-refund\/#breadcrumb\"},\"inLanguage\":\"es\",\"potentialAction\":[{\"@type\":\"ReadAction\",\"target\":[\"https:\/\/sagradafamilia-tickets.com\/es\/request-refund\/\"]}]},{\"@type\":\"BreadcrumbList\",\"@id\":\"https:\/\/sagradafamilia-tickets.com\/es\/request-refund\/#breadcrumb\",\"itemListElement\":[{\"@type\":\"ListItem\",\"position\":1,\"name\":\"Home\",\"item\":\"https:\/\/sagradafamilia-tickets.com\/\"},{\"@type\":\"ListItem\",\"position\":2,\"name\":\"Request refund\"}]},{\"@type\":\"WebSite\",\"@id\":\"https:\/\/sagradafamilia-tickets.com\/#website\",\"url\":\"https:\/\/sagradafamilia-tickets.com\/\",\"name\":\"Sagrada Familia Barcelona\",\"description\":\"Book Your Tickets &amp; Tours\",\"publisher\":{\"@id\":\"https:\/\/sagradafamilia-tickets.com\/#organization\"},\"potentialAction\":[{\"@type\":\"SearchAction\",\"target\":{\"@type\":\"EntryPoint\",\"urlTemplate\":\"https:\/\/sagradafamilia-tickets.com\/?s={search_term_string}\"},\"query-input\":\"required name=search_term_string\"}],\"inLanguage\":\"es\"},{\"@type\":\"Organization\",\"@id\":\"https:\/\/sagradafamilia-tickets.com\/#organization\",\"name\":\"Sagrada Familia Barcelona\",\"url\":\"https:\/\/sagradafamilia-tickets.com\/\",\"logo\":{\"@type\":\"ImageObject\",\"inLanguage\":\"es\",\"@id\":\"https:\/\/sagradafamilia-tickets.com\/#\/schema\/logo\/image\/\",\"url\":\"https:\/\/sagradafamilia-tickets.com\/wp-content\/uploads\/2022\/08\/Sagrada-Familia-Tick.png\",\"contentUrl\":\"https:\/\/sagradafamilia-tickets.com\/wp-content\/uploads\/2022\/08\/Sagrada-Familia-Tick.png\",\"width\":526,\"height\":50,\"caption\":\"Sagrada Familia Barcelona\"},\"image\":{\"@id\":\"https:\/\/sagradafamilia-tickets.com\/#\/schema\/logo\/image\/\"}}]}<\/script>\n<!-- \/ Yoast SEO plugin. -->","yoast_head_json":{"title":"Request refund - Sagrada Familia Barcelona","robots":{"index":"noindex","follow":"follow"},"og_locale":"es_ES","og_type":"article","og_title":"Request refund - Sagrada Familia Barcelona","og_description":"Solicitud de reembolso \u00bfEst\u00e1s seguro de que quieres solicitar un reembolso? Si lo haces, perder\u00e1s la opci\u00f3n de visitar la atracci\u00f3n. Introduce los siguientes datos para solicitar un reembolso Correo electr\u00f3nico o ID de referencia no v\u00e1lidos Solicitar reembolso Cancelar Reservar otra franja horaria","og_url":"https:\/\/sagradafamilia-tickets.com\/es\/request-refund\/","og_site_name":"Sagrada Familia Barcelona","article_modified_time":"2024-06-05T07:37:19+00:00","twitter_card":"summary_large_image","schema":{"@context":"https:\/\/schema.org","@graph":[{"@type":"WebPage","@id":"https:\/\/sagradafamilia-tickets.com\/es\/request-refund\/","url":"https:\/\/sagradafamilia-tickets.com\/es\/request-refund\/","name":"Request refund - Sagrada Familia Barcelona","isPartOf":{"@id":"https:\/\/sagradafamilia-tickets.com\/#website"},"datePublished":"2023-05-11T14:37:36+00:00","dateModified":"2024-06-05T07:37:19+00:00","breadcrumb":{"@id":"https:\/\/sagradafamilia-tickets.com\/es\/request-refund\/#breadcrumb"},"inLanguage":"es","potentialAction":[{"@type":"ReadAction","target":["https:\/\/sagradafamilia-tickets.com\/es\/request-refund\/"]}]},{"@type":"BreadcrumbList","@id":"https:\/\/sagradafamilia-tickets.com\/es\/request-refund\/#breadcrumb","itemListElement":[{"@type":"ListItem","position":1,"name":"Home","item":"https:\/\/sagradafamilia-tickets.com\/"},{"@type":"ListItem","position":2,"name":"Request refund"}]},{"@type":"WebSite","@id":"https:\/\/sagradafamilia-tickets.com\/#website","url":"https:\/\/sagradafamilia-tickets.com\/","name":"Sagrada Familia Barcelona","description":"Book Your Tickets &amp; Tours","publisher":{"@id":"https:\/\/sagradafamilia-tickets.com\/#organization"},"potentialAction":[{"@type":"SearchAction","target":{"@type":"EntryPoint","urlTemplate":"https:\/\/sagradafamilia-tickets.com\/?s={search_term_string}"},"query-input":"required name=search_term_string"}],"inLanguage":"es"},{"@type":"Organization","@id":"https:\/\/sagradafamilia-tickets.com\/#organization","name":"Sagrada Familia Barcelona","url":"https:\/\/sagradafamilia-tickets.com\/","logo":{"@type":"ImageObject","inLanguage":"es","@id":"https:\/\/sagradafamilia-tickets.com\/#\/schema\/logo\/image\/","url":"https:\/\/sagradafamilia-tickets.com\/wp-content\/uploads\/2022\/08\/Sagrada-Familia-Tick.png","contentUrl":"https:\/\/sagradafamilia-tickets.com\/wp-content\/uploads\/2022\/08\/Sagrada-Familia-Tick.png","width":526,"height":50,"caption":"Sagrada Familia Barcelona"},"image":{"@id":"https:\/\/sagradafamilia-tickets.com\/#\/schema\/logo\/image\/"}}]}},"_links":{"self":[{"href":"https:\/\/sagradafamilia-tickets.com\/es\/wp-json\/wp\/v2\/pages\/86587"}],"collection":[{"href":"https:\/\/sagradafamilia-tickets.com\/es\/wp-json\/wp\/v2\/pages"}],"about":[{"href":"https:\/\/sagradafamilia-tickets.com\/es\/wp-json\/wp\/v2\/types\/page"}],"author":[{"embeddable":true,"href":"https:\/\/sagradafamilia-tickets.com\/es\/wp-json\/wp\/v2\/users\/3"}],"replies":[{"embeddable":true,"href":"https:\/\/sagradafamilia-tickets.com\/es\/wp-json\/wp\/v2\/comments?post=86587"}],"version-history":[{"count":20,"href":"https:\/\/sagradafamilia-tickets.com\/es\/wp-json\/wp\/v2\/pages\/86587\/revisions"}],"predecessor-version":[{"id":87201,"href":"https:\/\/sagradafamilia-tickets.com\/es\/wp-json\/wp\/v2\/pages\/86587\/revisions\/87201"}],"wp:attachment":[{"href":"https:\/\/sagradafamilia-tickets.com\/es\/wp-json\/wp\/v2\/media?parent=86587"}],"curies":[{"name":"wp","href":"https:\/\/api.w.org\/{rel}","templated":true}]}}