{"id":86569,"date":"2023-05-11T15:23:07","date_gmt":"2023-05-11T14:23:07","guid":{"rendered":"https:\/\/sagradafamilia-tickets.com\/?page_id=86569"},"modified":"2023-05-11T15:24:41","modified_gmt":"2023-05-11T14:24:41","slug":"refund-request-successfully","status":"publish","type":"page","link":"https:\/\/sagradafamilia-tickets.com\/es\/refund-request-successfully\/","title":{"rendered":"Refund request successfully"},"content":{"rendered":"\t\t<div data-elementor-type=\"wp-page\" data-elementor-id=\"86569\" class=\"elementor elementor-86569 elementor-86307\">\n\t\t\t\t\t\t<div class=\"elementor-inner\">\n\t\t\t\t<div class=\"elementor-section-wrap\">\n\t\t\t\t\t\t\t\t\t<section class=\"elementor-section elementor-top-section elementor-element elementor-element-4d95173 elementor-section-boxed elementor-section-height-default elementor-section-height-default\" data-id=\"4d95173\" data-element_type=\"section\">\n\t\t\t\t\t\t<div class=\"elementor-container elementor-column-gap-default\">\n\t\t\t\t\t\t\t<div class=\"elementor-row\">\n\t\t\t\t\t<div class=\"elementor-column elementor-col-100 elementor-top-column elementor-element elementor-element-a27afb9\" data-id=\"a27afb9\" data-element_type=\"column\">\n\t\t\t<div class=\"elementor-column-wrap elementor-element-populated\">\n\t\t\t\t\t\t\t<div class=\"elementor-widget-wrap\">\n\t\t\t\t\t\t<div class=\"elementor-element elementor-element-0070cb0 elementor-widget elementor-widget-html\" data-id=\"0070cb0\" data-element_type=\"widget\" data-widget_type=\"html.default\">\n\t\t\t\t<div class=\"elementor-widget-container\">\n\t\t\t<style>\n\ndiv {\n    font-family: \"Inter\";\n}\n\nh2 {\n    color: #0e0e0e !important;\n}\n\n  p {\n    text-align: center;\n    margin-top: 24px;\n    margin-bottom: 0;\n    color: #0e0e0e;\n    font-size: 16px;\n  }\n\n  .container {\n    display: flex;\n    flex-direction: column;\n    align-items: center;\n    height: 80vh;\n  }\n\n  .title {\n    color: #0e0e0e;\n    font-weight: bold;\n    margin-bottom: 0;\n    text-align: center;\n    margin-top: 32px;\n  }\n\n  .buttons {\n    text-align: center;\n    margin-top: 42px;\n    display: flex;\n    gap: 42px;\n  }\n\n  .back {\n    display: flex;\n    justify-content: center;\n    align-items: center;\n    width: 200px;\n    height: 50px;\n    border: 3px solid #CE2B37 !important;\n    border-radius: 5px;\n    background: #ffffff;\n    color: #CE2B37 !important;\n    font-size: 16px;\n    font-weight: 500 !important;\n  }\n\n  .back:focus {\n    background-color: #ffffff !important;\n  }\n\n  .back:hover {\n    background-color: #ffffff;\n    text-decoration: none !important;\n  }\n\n  .check {\n    margin-top: 42px;\n    width: 100px;\n    height: 100px;\n  }\n  \n  \n  \/* DESKTOP *\/\n  @media (min-width: 680px) {\n      .back {\n          width: 335px;\n      }\n  }\n<\/style>\n\n<div class=\"container\">\n  <h2 class=\"title\">Solicitud de devoluci\u00f3n enviada correctamente\n<\/h2>\n  <p>\n    Tu solicitud de reembolso se ha enviado correctamente y recibir\u00e1s un correo electr\u00f3nico de confirmaci\u00f3n de tu reembolso.\n  <\/p>\n  <p style=\"margin-bottom: 0;\">\n   Si tienes alguna duda, ponte en contacto con support@sagradafamilia.barcelonatickets.org\n  <\/p>\n  <span class=\"check\">\n    <svg width=\"100\" height=\"100\" viewBox=\"0 0 100 100\" fill=\"none\" xmlns=\"http:\/\/www.w3.org\/2000\/svg\">\n      <g clip-path=\"url(#clip0_2688_3129)\">\n        <path\n          d=\"M92.9956 18.4625L35.4164 76.0375C35.0293 76.4262 34.5693 76.7346 34.0627 76.945C33.5561 77.1554 33.0129 77.2637 32.4644 77.2637C31.9158 77.2637 31.3726 77.1554 30.866 76.945C30.3595 76.7346 29.8994 76.4262 29.5123 76.0375L7.24561 53.75C6.85848 53.3614 6.39843 53.053 5.89183 52.8426C5.38524 52.6321 4.84208 52.5238 4.29352 52.5238C3.74497 52.5238 3.20181 52.6321 2.69521 52.8426C2.18862 53.053 1.72856 53.3614 1.34144 53.75C0.952786 54.1371 0.644401 54.5972 0.433977 55.1038C0.223554 55.6104 0.115234 56.1536 0.115234 56.7021C0.115234 57.2507 0.223554 57.7938 0.433977 58.3004C0.644401 58.807 0.952786 59.2671 1.34144 59.6542L23.6164 81.925C25.9662 84.2705 29.1506 85.5877 32.4706 85.5877C35.7906 85.5877 38.975 84.2705 41.3248 81.925L98.8998 24.3625C99.2878 23.9755 99.5957 23.5157 99.8057 23.0095C100.016 22.5033 100.124 21.9606 100.124 21.4125C100.124 20.8645 100.016 20.3218 99.8057 19.8156C99.5957 19.3094 99.2878 18.8496 98.8998 18.4625C98.5127 18.0739 98.0526 17.7655 97.546 17.5551C97.0394 17.3446 96.4963 17.2363 95.9477 17.2363C95.3991 17.2363 94.856 17.3446 94.3494 17.5551C93.8428 17.7655 93.3827 18.0739 92.9956 18.4625Z\"\n          fill=\"#2BCF53\" \/>\n      <\/g>\n      <defs>\n        <clipPath id=\"clip0_2688_3129\">\n          <rect width=\"100\" height=\"100\" fill=\"white\" \/>\n        <\/clipPath>\n      <\/defs>\n    <\/svg>\n  <\/span>\n  <div class=\"buttons\">\n    <a href=\"\/es\" class=\"back\">Volver a la p\u00e1gina de inicio<\/a>\n  <\/div>\n<\/div>\t\t<\/div>\n\t\t\t\t<\/div>\n\t\t\t\t\t\t<\/div>\n\t\t\t\t\t<\/div>\n\t\t<\/div>\n\t\t\t\t\t\t\t\t<\/div>\n\t\t\t\t\t<\/div>\n\t\t<\/section>\n\t\t\t\t\t\t\t\t\t<\/div>\n\t\t\t<\/div>\n\t\t\t\t\t<\/div>\n\t\t","protected":false},"excerpt":{"rendered":"<p>Solicitud de devoluci\u00f3n enviada correctamente Tu solicitud de reembolso se ha enviado correctamente y recibir\u00e1s un correo electr\u00f3nico de confirmaci\u00f3n de tu reembolso. Si tienes alguna duda, ponte en contacto con support@sagradafamilia.barcelonatickets.org Volver a la p\u00e1gina de inicio<\/p>\n","protected":false},"author":3,"featured_media":0,"parent":0,"menu_order":0,"comment_status":"closed","ping_status":"closed","template":"","meta":{"site-sidebar-layout":"no-sidebar","site-content-layout":"page-builder","ast-global-header-display":"","ast-main-header-display":"","ast-hfb-above-header-display":"","ast-hfb-below-header-display":"","ast-hfb-mobile-header-display":"","site-post-title":"disabled","ast-breadcrumbs-content":"","ast-featured-img":"disabled","footer-sml-layout":"","theme-transparent-header-meta":"default","adv-header-id-meta":"","stick-header-meta":"","header-above-stick-meta":"","header-main-stick-meta":"","header-below-stick-meta":""},"yoast_head":"<!-- This site is optimized with the Yoast SEO plugin v20.4 - https:\/\/yoast.com\/wordpress\/plugins\/seo\/ -->\n<title>Refund request successfully - Sagrada Familia Barcelona<\/title>\n<meta name=\"robots\" content=\"noindex, follow, max-snippet:-1, max-image-preview:large, max-video-preview:-1\" \/>\n<meta property=\"og:locale\" content=\"es_ES\" \/>\n<meta property=\"og:type\" content=\"article\" \/>\n<meta property=\"og:title\" content=\"Refund request successfully - Sagrada Familia Barcelona\" \/>\n<meta property=\"og:description\" content=\"Solicitud de devoluci\u00f3n enviada correctamente Tu solicitud de reembolso se ha enviado correctamente y recibir\u00e1s un correo electr\u00f3nico de confirmaci\u00f3n de tu reembolso. Si tienes alguna duda, ponte en contacto con support@sagradafamilia.barcelonatickets.org Volver a la p\u00e1gina de inicio\" \/>\n<meta property=\"og:url\" content=\"https:\/\/sagradafamilia-tickets.com\/es\/refund-request-successfully\/\" \/>\n<meta property=\"og:site_name\" content=\"Sagrada Familia Barcelona\" \/>\n<meta property=\"article:modified_time\" content=\"2023-05-11T14:24:41+00:00\" \/>\n<meta name=\"twitter:card\" content=\"summary_large_image\" \/>\n<script type=\"application\/ld+json\" class=\"yoast-schema-graph\">{\"@context\":\"https:\/\/schema.org\",\"@graph\":[{\"@type\":\"WebPage\",\"@id\":\"https:\/\/sagradafamilia-tickets.com\/es\/refund-request-successfully\/\",\"url\":\"https:\/\/sagradafamilia-tickets.com\/es\/refund-request-successfully\/\",\"name\":\"Refund request successfully - Sagrada Familia Barcelona\",\"isPartOf\":{\"@id\":\"https:\/\/sagradafamilia-tickets.com\/#website\"},\"datePublished\":\"2023-05-11T14:23:07+00:00\",\"dateModified\":\"2023-05-11T14:24:41+00:00\",\"breadcrumb\":{\"@id\":\"https:\/\/sagradafamilia-tickets.com\/es\/refund-request-successfully\/#breadcrumb\"},\"inLanguage\":\"es\",\"potentialAction\":[{\"@type\":\"ReadAction\",\"target\":[\"https:\/\/sagradafamilia-tickets.com\/es\/refund-request-successfully\/\"]}]},{\"@type\":\"BreadcrumbList\",\"@id\":\"https:\/\/sagradafamilia-tickets.com\/es\/refund-request-successfully\/#breadcrumb\",\"itemListElement\":[{\"@type\":\"ListItem\",\"position\":1,\"name\":\"Home\",\"item\":\"https:\/\/sagradafamilia-tickets.com\/\"},{\"@type\":\"ListItem\",\"position\":2,\"name\":\"Refund request successfully\"}]},{\"@type\":\"WebSite\",\"@id\":\"https:\/\/sagradafamilia-tickets.com\/#website\",\"url\":\"https:\/\/sagradafamilia-tickets.com\/\",\"name\":\"Sagrada Familia Barcelona\",\"description\":\"Book Your Tickets &amp; Tours\",\"publisher\":{\"@id\":\"https:\/\/sagradafamilia-tickets.com\/#organization\"},\"potentialAction\":[{\"@type\":\"SearchAction\",\"target\":{\"@type\":\"EntryPoint\",\"urlTemplate\":\"https:\/\/sagradafamilia-tickets.com\/?s={search_term_string}\"},\"query-input\":\"required name=search_term_string\"}],\"inLanguage\":\"es\"},{\"@type\":\"Organization\",\"@id\":\"https:\/\/sagradafamilia-tickets.com\/#organization\",\"name\":\"Sagrada Familia Barcelona\",\"url\":\"https:\/\/sagradafamilia-tickets.com\/\",\"logo\":{\"@type\":\"ImageObject\",\"inLanguage\":\"es\",\"@id\":\"https:\/\/sagradafamilia-tickets.com\/#\/schema\/logo\/image\/\",\"url\":\"https:\/\/sagradafamilia-tickets.com\/wp-content\/uploads\/2022\/08\/Sagrada-Familia-Tick.png\",\"contentUrl\":\"https:\/\/sagradafamilia-tickets.com\/wp-content\/uploads\/2022\/08\/Sagrada-Familia-Tick.png\",\"width\":526,\"height\":50,\"caption\":\"Sagrada Familia Barcelona\"},\"image\":{\"@id\":\"https:\/\/sagradafamilia-tickets.com\/#\/schema\/logo\/image\/\"}}]}<\/script>\n<!-- \/ Yoast SEO plugin. -->","yoast_head_json":{"title":"Refund request successfully - Sagrada Familia Barcelona","robots":{"index":"noindex","follow":"follow","max-snippet":"max-snippet:-1","max-image-preview":"max-image-preview:large","max-video-preview":"max-video-preview:-1"},"og_locale":"es_ES","og_type":"article","og_title":"Refund request successfully - Sagrada Familia Barcelona","og_description":"Solicitud de devoluci\u00f3n enviada correctamente Tu solicitud de reembolso se ha enviado correctamente y recibir\u00e1s un correo electr\u00f3nico de confirmaci\u00f3n de tu reembolso. Si tienes alguna duda, ponte en contacto con support@sagradafamilia.barcelonatickets.org Volver a la p\u00e1gina de inicio","og_url":"https:\/\/sagradafamilia-tickets.com\/es\/refund-request-successfully\/","og_site_name":"Sagrada Familia Barcelona","article_modified_time":"2023-05-11T14:24:41+00:00","twitter_card":"summary_large_image","schema":{"@context":"https:\/\/schema.org","@graph":[{"@type":"WebPage","@id":"https:\/\/sagradafamilia-tickets.com\/es\/refund-request-successfully\/","url":"https:\/\/sagradafamilia-tickets.com\/es\/refund-request-successfully\/","name":"Refund request successfully - Sagrada Familia Barcelona","isPartOf":{"@id":"https:\/\/sagradafamilia-tickets.com\/#website"},"datePublished":"2023-05-11T14:23:07+00:00","dateModified":"2023-05-11T14:24:41+00:00","breadcrumb":{"@id":"https:\/\/sagradafamilia-tickets.com\/es\/refund-request-successfully\/#breadcrumb"},"inLanguage":"es","potentialAction":[{"@type":"ReadAction","target":["https:\/\/sagradafamilia-tickets.com\/es\/refund-request-successfully\/"]}]},{"@type":"BreadcrumbList","@id":"https:\/\/sagradafamilia-tickets.com\/es\/refund-request-successfully\/#breadcrumb","itemListElement":[{"@type":"ListItem","position":1,"name":"Home","item":"https:\/\/sagradafamilia-tickets.com\/"},{"@type":"ListItem","position":2,"name":"Refund request successfully"}]},{"@type":"WebSite","@id":"https:\/\/sagradafamilia-tickets.com\/#website","url":"https:\/\/sagradafamilia-tickets.com\/","name":"Sagrada Familia Barcelona","description":"Book Your Tickets &amp; Tours","publisher":{"@id":"https:\/\/sagradafamilia-tickets.com\/#organization"},"potentialAction":[{"@type":"SearchAction","target":{"@type":"EntryPoint","urlTemplate":"https:\/\/sagradafamilia-tickets.com\/?s={search_term_string}"},"query-input":"required name=search_term_string"}],"inLanguage":"es"},{"@type":"Organization","@id":"https:\/\/sagradafamilia-tickets.com\/#organization","name":"Sagrada Familia Barcelona","url":"https:\/\/sagradafamilia-tickets.com\/","logo":{"@type":"ImageObject","inLanguage":"es","@id":"https:\/\/sagradafamilia-tickets.com\/#\/schema\/logo\/image\/","url":"https:\/\/sagradafamilia-tickets.com\/wp-content\/uploads\/2022\/08\/Sagrada-Familia-Tick.png","contentUrl":"https:\/\/sagradafamilia-tickets.com\/wp-content\/uploads\/2022\/08\/Sagrada-Familia-Tick.png","width":526,"height":50,"caption":"Sagrada Familia Barcelona"},"image":{"@id":"https:\/\/sagradafamilia-tickets.com\/#\/schema\/logo\/image\/"}}]}},"_links":{"self":[{"href":"https:\/\/sagradafamilia-tickets.com\/es\/wp-json\/wp\/v2\/pages\/86569"}],"collection":[{"href":"https:\/\/sagradafamilia-tickets.com\/es\/wp-json\/wp\/v2\/pages"}],"about":[{"href":"https:\/\/sagradafamilia-tickets.com\/es\/wp-json\/wp\/v2\/types\/page"}],"author":[{"embeddable":true,"href":"https:\/\/sagradafamilia-tickets.com\/es\/wp-json\/wp\/v2\/users\/3"}],"replies":[{"embeddable":true,"href":"https:\/\/sagradafamilia-tickets.com\/es\/wp-json\/wp\/v2\/comments?post=86569"}],"version-history":[{"count":3,"href":"https:\/\/sagradafamilia-tickets.com\/es\/wp-json\/wp\/v2\/pages\/86569\/revisions"}],"predecessor-version":[{"id":86572,"href":"https:\/\/sagradafamilia-tickets.com\/es\/wp-json\/wp\/v2\/pages\/86569\/revisions\/86572"}],"wp:attachment":[{"href":"https:\/\/sagradafamilia-tickets.com\/es\/wp-json\/wp\/v2\/media?parent=86569"}],"curies":[{"name":"wp","href":"https:\/\/api.w.org\/{rel}","templated":true}]}}