{"id":86529,"date":"2023-05-11T15:07:21","date_gmt":"2023-05-11T14:07:21","guid":{"rendered":"https:\/\/sagradafamilia-tickets.com\/?page_id=86529"},"modified":"2023-05-11T15:08:58","modified_gmt":"2023-05-11T14:08:58","slug":"reschedule-visit-error","status":"publish","type":"page","link":"https:\/\/sagradafamilia-tickets.com\/es\/reschedule-visit-error\/","title":{"rendered":"Reschedule visit error"},"content":{"rendered":"\t\t<div data-elementor-type=\"wp-page\" data-elementor-id=\"86529\" class=\"elementor elementor-86529\">\n\t\t\t\t\t\t<div class=\"elementor-inner\">\n\t\t\t\t<div class=\"elementor-section-wrap\">\n\t\t\t\t\t\t\t\t\t<section class=\"elementor-section elementor-top-section elementor-element elementor-element-d080950 elementor-section-boxed elementor-section-height-default elementor-section-height-default\" data-id=\"d080950\" data-element_type=\"section\">\n\t\t\t\t\t\t<div class=\"elementor-container elementor-column-gap-default\">\n\t\t\t\t\t\t\t<div class=\"elementor-row\">\n\t\t\t\t\t<div class=\"elementor-column elementor-col-100 elementor-top-column elementor-element elementor-element-ad4f13d\" data-id=\"ad4f13d\" data-element_type=\"column\">\n\t\t\t<div class=\"elementor-column-wrap elementor-element-populated\">\n\t\t\t\t\t\t\t<div class=\"elementor-widget-wrap\">\n\t\t\t\t\t\t<div class=\"elementor-element elementor-element-83d59d1 elementor-widget elementor-widget-html\" data-id=\"83d59d1\" data-element_type=\"widget\" data-widget_type=\"html.default\">\n\t\t\t\t<div class=\"elementor-widget-container\">\n\t\t\t<style>\n\ndiv {\n    font-family: 'Inter';\n}\n\nh2 {\n    color: #0e0e0e !important;\n}\n\n  p {\n    text-align: center;\n    margin-top: 24px;\n    margin-bottom: 0;\n    color: #0e0e0e;\n    font-size: 16px;\n  }\n\n  .container {\n    display: flex;\n    flex-direction: column;\n    align-items: center;\n    height: 80vh;\n  }\n\n  .title {\n    color: #0e0e0e;\n    font-weight: bold;\n    margin-bottom: 0;\n    text-align: center;\n    margin-top: 2rem;\n  }\n\n  .buttons {\n    text-align: center;\n    margin-top: 42px;\n    display: flex;\n    gap: 42px;\n  }\n\n  .back {\n    display: flex;\n    justify-content: center;\n    align-items: center;\n    width: 200px;\n    height: 50px;\n    border: 3px solid #CE2B37 !important;\n    border-radius: 5px;\n    background: #ffffff;\n    color: #CE2B37 !important;\n    font-size: 16px;\n    font-weight: 500 !important;\n  }\n\n  .back:focus {\n    background-color: #ffffff !important;\n  }\n\n  .back:hover {\n    background-color: #ffffff;\n    text-decoration: none !important;\n  }\n\n  .check {\n    margin-top: 42px;\n    width: 100px;\n    height: 100px;\n  }\n  \n  \n  \/* DESKTOP *\/\n  @media (min-width: 680px) {\n      .back {\n          width: 335px;\n      }\n  }\n<\/style>\n\n<div class=\"container\">\n  <h2 class=\"title\">\u00a1Ups! Algo sali\u00f3 mal<\/h2>\n  <p>\n  Tu solicitud para reprogramar tu visita no ha podido ser enviada con \u00e9xito, por favor int\u00e9ntalo de nuevo.\n  <\/p>\n  <p style=\"margin-bottom: 0;\">\n    Si tienes alguna duda, ponte en contacto con support@sagradafamilia.barcelonatickets.org\n  <\/p>\n  <span class=\"check\">\n    <svg width=\"100\" height=\"100\" viewBox=\"0 0 100 100\" fill=\"none\" xmlns=\"http:\/\/www.w3.org\/2000\/svg\">\n<path d=\"M99.9869 95.293C99.8952 96.4787 99.3646 97.6142 98.4886 98.4873C97.53 99.4488 96.2349 99.9971 94.9404 99.9971C93.7636 99.9971 92.6753 99.5547 91.8701 98.7524L50 56.8797L8.12698 98.7527C7.32473 99.555 6.23639 99.9974 5.06252 99.9974C3.76477 99.9974 2.46998 99.4491 1.51141 98.4876C0.635432 97.6145 0.104534 96.4787 0.013102 95.2933C-0.0842292 93.9983 0.364084 92.7509 1.24596 91.8717L43.119 49.9987L1.24596 8.12567C-0.505997 6.37666 -0.38507 3.40659 1.51141 1.51011C2.46998 0.548592 3.76477 0 5.06252 0C6.23639 0 7.32473 0.442412 8.12993 1.24466L50 43.1177L91.873 1.24466C92.6756 0.442412 93.7636 0 94.9404 0C96.2352 0 97.53 0.548592 98.4886 1.51011C100.388 3.40659 100.506 6.37371 98.7537 8.12567L56.881 49.9987L98.754 91.8717C99.6359 92.7506 100.084 93.9983 99.9869 95.293Z\" fill=\"#DB2E3A\"\/>\n<\/svg>\n\n  <\/span>\n  <div class=\"buttons\">\n    <a href=\"\/es\/reschedule-visit\" class=\"back\">Vuelve a intentarlo<\/a>\n  <\/div>\n<\/div>\t\t<\/div>\n\t\t\t\t<\/div>\n\t\t\t\t\t\t<\/div>\n\t\t\t\t\t<\/div>\n\t\t<\/div>\n\t\t\t\t\t\t\t\t<\/div>\n\t\t\t\t\t<\/div>\n\t\t<\/section>\n\t\t\t\t\t\t\t\t\t<\/div>\n\t\t\t<\/div>\n\t\t\t\t\t<\/div>\n\t\t","protected":false},"excerpt":{"rendered":"<p>\u00a1Ups! Algo sali\u00f3 mal Tu solicitud para reprogramar tu visita no ha podido ser enviada con \u00e9xito, por favor int\u00e9ntalo de nuevo. Si tienes alguna duda, ponte en contacto con support@sagradafamilia.barcelonatickets.org Vuelve a intentarlo<\/p>\n","protected":false},"author":3,"featured_media":0,"parent":0,"menu_order":0,"comment_status":"closed","ping_status":"closed","template":"","meta":{"site-sidebar-layout":"no-sidebar","site-content-layout":"page-builder","ast-global-header-display":"","ast-main-header-display":"","ast-hfb-above-header-display":"","ast-hfb-below-header-display":"","ast-hfb-mobile-header-display":"","site-post-title":"disabled","ast-breadcrumbs-content":"","ast-featured-img":"disabled","footer-sml-layout":"","theme-transparent-header-meta":"","adv-header-id-meta":"","stick-header-meta":"","header-above-stick-meta":"","header-main-stick-meta":"","header-below-stick-meta":""},"yoast_head":"<!-- This site is optimized with the Yoast SEO plugin v20.4 - https:\/\/yoast.com\/wordpress\/plugins\/seo\/ -->\n<title>Reschedule visit error - Sagrada Familia Barcelona<\/title>\n<meta name=\"robots\" content=\"noindex, follow, max-snippet:-1, max-image-preview:large, max-video-preview:-1\" \/>\n<meta property=\"og:locale\" content=\"es_ES\" \/>\n<meta property=\"og:type\" content=\"article\" \/>\n<meta property=\"og:title\" content=\"Reschedule visit error - Sagrada Familia Barcelona\" \/>\n<meta property=\"og:description\" content=\"\u00a1Ups! Algo sali\u00f3 mal Tu solicitud para reprogramar tu visita no ha podido ser enviada con \u00e9xito, por favor int\u00e9ntalo de nuevo. Si tienes alguna duda, ponte en contacto con support@sagradafamilia.barcelonatickets.org Vuelve a intentarlo\" \/>\n<meta property=\"og:url\" content=\"https:\/\/sagradafamilia-tickets.com\/es\/reschedule-visit-error\/\" \/>\n<meta property=\"og:site_name\" content=\"Sagrada Familia Barcelona\" \/>\n<meta property=\"article:modified_time\" content=\"2023-05-11T14:08:58+00:00\" \/>\n<meta name=\"twitter:card\" content=\"summary_large_image\" \/>\n<script type=\"application\/ld+json\" class=\"yoast-schema-graph\">{\"@context\":\"https:\/\/schema.org\",\"@graph\":[{\"@type\":\"WebPage\",\"@id\":\"https:\/\/sagradafamilia-tickets.com\/es\/reschedule-visit-error\/\",\"url\":\"https:\/\/sagradafamilia-tickets.com\/es\/reschedule-visit-error\/\",\"name\":\"Reschedule visit error - Sagrada Familia Barcelona\",\"isPartOf\":{\"@id\":\"https:\/\/sagradafamilia-tickets.com\/#website\"},\"datePublished\":\"2023-05-11T14:07:21+00:00\",\"dateModified\":\"2023-05-11T14:08:58+00:00\",\"breadcrumb\":{\"@id\":\"https:\/\/sagradafamilia-tickets.com\/es\/reschedule-visit-error\/#breadcrumb\"},\"inLanguage\":\"es\",\"potentialAction\":[{\"@type\":\"ReadAction\",\"target\":[\"https:\/\/sagradafamilia-tickets.com\/es\/reschedule-visit-error\/\"]}]},{\"@type\":\"BreadcrumbList\",\"@id\":\"https:\/\/sagradafamilia-tickets.com\/es\/reschedule-visit-error\/#breadcrumb\",\"itemListElement\":[{\"@type\":\"ListItem\",\"position\":1,\"name\":\"Home\",\"item\":\"https:\/\/sagradafamilia-tickets.com\/\"},{\"@type\":\"ListItem\",\"position\":2,\"name\":\"Reschedule visit error\"}]},{\"@type\":\"WebSite\",\"@id\":\"https:\/\/sagradafamilia-tickets.com\/#website\",\"url\":\"https:\/\/sagradafamilia-tickets.com\/\",\"name\":\"Sagrada Familia Barcelona\",\"description\":\"Book Your Tickets &amp; Tours\",\"publisher\":{\"@id\":\"https:\/\/sagradafamilia-tickets.com\/#organization\"},\"potentialAction\":[{\"@type\":\"SearchAction\",\"target\":{\"@type\":\"EntryPoint\",\"urlTemplate\":\"https:\/\/sagradafamilia-tickets.com\/?s={search_term_string}\"},\"query-input\":\"required name=search_term_string\"}],\"inLanguage\":\"es\"},{\"@type\":\"Organization\",\"@id\":\"https:\/\/sagradafamilia-tickets.com\/#organization\",\"name\":\"Sagrada Familia Barcelona\",\"url\":\"https:\/\/sagradafamilia-tickets.com\/\",\"logo\":{\"@type\":\"ImageObject\",\"inLanguage\":\"es\",\"@id\":\"https:\/\/sagradafamilia-tickets.com\/#\/schema\/logo\/image\/\",\"url\":\"https:\/\/sagradafamilia-tickets.com\/wp-content\/uploads\/2022\/08\/Sagrada-Familia-Tick.png\",\"contentUrl\":\"https:\/\/sagradafamilia-tickets.com\/wp-content\/uploads\/2022\/08\/Sagrada-Familia-Tick.png\",\"width\":526,\"height\":50,\"caption\":\"Sagrada Familia Barcelona\"},\"image\":{\"@id\":\"https:\/\/sagradafamilia-tickets.com\/#\/schema\/logo\/image\/\"}}]}<\/script>\n<!-- \/ Yoast SEO plugin. -->","yoast_head_json":{"title":"Reschedule visit error - Sagrada Familia Barcelona","robots":{"index":"noindex","follow":"follow","max-snippet":"max-snippet:-1","max-image-preview":"max-image-preview:large","max-video-preview":"max-video-preview:-1"},"og_locale":"es_ES","og_type":"article","og_title":"Reschedule visit error - Sagrada Familia Barcelona","og_description":"\u00a1Ups! Algo sali\u00f3 mal Tu solicitud para reprogramar tu visita no ha podido ser enviada con \u00e9xito, por favor int\u00e9ntalo de nuevo. Si tienes alguna duda, ponte en contacto con support@sagradafamilia.barcelonatickets.org Vuelve a intentarlo","og_url":"https:\/\/sagradafamilia-tickets.com\/es\/reschedule-visit-error\/","og_site_name":"Sagrada Familia Barcelona","article_modified_time":"2023-05-11T14:08:58+00:00","twitter_card":"summary_large_image","schema":{"@context":"https:\/\/schema.org","@graph":[{"@type":"WebPage","@id":"https:\/\/sagradafamilia-tickets.com\/es\/reschedule-visit-error\/","url":"https:\/\/sagradafamilia-tickets.com\/es\/reschedule-visit-error\/","name":"Reschedule visit error - Sagrada Familia Barcelona","isPartOf":{"@id":"https:\/\/sagradafamilia-tickets.com\/#website"},"datePublished":"2023-05-11T14:07:21+00:00","dateModified":"2023-05-11T14:08:58+00:00","breadcrumb":{"@id":"https:\/\/sagradafamilia-tickets.com\/es\/reschedule-visit-error\/#breadcrumb"},"inLanguage":"es","potentialAction":[{"@type":"ReadAction","target":["https:\/\/sagradafamilia-tickets.com\/es\/reschedule-visit-error\/"]}]},{"@type":"BreadcrumbList","@id":"https:\/\/sagradafamilia-tickets.com\/es\/reschedule-visit-error\/#breadcrumb","itemListElement":[{"@type":"ListItem","position":1,"name":"Home","item":"https:\/\/sagradafamilia-tickets.com\/"},{"@type":"ListItem","position":2,"name":"Reschedule visit error"}]},{"@type":"WebSite","@id":"https:\/\/sagradafamilia-tickets.com\/#website","url":"https:\/\/sagradafamilia-tickets.com\/","name":"Sagrada Familia Barcelona","description":"Book Your Tickets &amp; Tours","publisher":{"@id":"https:\/\/sagradafamilia-tickets.com\/#organization"},"potentialAction":[{"@type":"SearchAction","target":{"@type":"EntryPoint","urlTemplate":"https:\/\/sagradafamilia-tickets.com\/?s={search_term_string}"},"query-input":"required name=search_term_string"}],"inLanguage":"es"},{"@type":"Organization","@id":"https:\/\/sagradafamilia-tickets.com\/#organization","name":"Sagrada Familia Barcelona","url":"https:\/\/sagradafamilia-tickets.com\/","logo":{"@type":"ImageObject","inLanguage":"es","@id":"https:\/\/sagradafamilia-tickets.com\/#\/schema\/logo\/image\/","url":"https:\/\/sagradafamilia-tickets.com\/wp-content\/uploads\/2022\/08\/Sagrada-Familia-Tick.png","contentUrl":"https:\/\/sagradafamilia-tickets.com\/wp-content\/uploads\/2022\/08\/Sagrada-Familia-Tick.png","width":526,"height":50,"caption":"Sagrada Familia Barcelona"},"image":{"@id":"https:\/\/sagradafamilia-tickets.com\/#\/schema\/logo\/image\/"}}]}},"_links":{"self":[{"href":"https:\/\/sagradafamilia-tickets.com\/es\/wp-json\/wp\/v2\/pages\/86529"}],"collection":[{"href":"https:\/\/sagradafamilia-tickets.com\/es\/wp-json\/wp\/v2\/pages"}],"about":[{"href":"https:\/\/sagradafamilia-tickets.com\/es\/wp-json\/wp\/v2\/types\/page"}],"author":[{"embeddable":true,"href":"https:\/\/sagradafamilia-tickets.com\/es\/wp-json\/wp\/v2\/users\/3"}],"replies":[{"embeddable":true,"href":"https:\/\/sagradafamilia-tickets.com\/es\/wp-json\/wp\/v2\/comments?post=86529"}],"version-history":[{"count":4,"href":"https:\/\/sagradafamilia-tickets.com\/es\/wp-json\/wp\/v2\/pages\/86529\/revisions"}],"predecessor-version":[{"id":86543,"href":"https:\/\/sagradafamilia-tickets.com\/es\/wp-json\/wp\/v2\/pages\/86529\/revisions\/86543"}],"wp:attachment":[{"href":"https:\/\/sagradafamilia-tickets.com\/es\/wp-json\/wp\/v2\/media?parent=86529"}],"curies":[{"name":"wp","href":"https:\/\/api.w.org\/{rel}","templated":true}]}}