{"id":3954,"date":"2020-10-28T08:56:12","date_gmt":"2020-10-28T08:56:12","guid":{"rendered":"https:\/\/sagradafamilia-tickets.com\/covid-19-safety-measures\/"},"modified":"2022-11-18T12:57:28","modified_gmt":"2022-11-18T11:57:28","slug":"medidas-de-seguridad-covid-19","status":"publish","type":"page","link":"https:\/\/sagradafamilia-tickets.com\/es\/medidas-de-seguridad-covid-19\/","title":{"rendered":"MEDIDAS DE SEGURIDAD COVID19"},"content":{"rendered":"\r\n<p>SEG\u00daN LAS NORMATIVAS SANITARIAS VIGENTES:<\/p>\r\n\r\n\r\n\r\n<ul>\r\n<li>El uso de la mascarilla no es obligatorio.<\/li>\r\n<li>Los visitantes tienen a su disposici\u00f3n dispensadores de gel hidroalcoh\u00f3lico en diferentes puntos de la visita.<\/li>\r\n<li>De forma peri\u00f3dica, se lleva a cabo una limpieza y desinfecci\u00f3n de los espacios y de sus instalaciones de acuerdo con las normativas vigentes; as\u00ed como la renovaci\u00f3n y el tratamiento del aire interior.<\/li>\r\n<\/ul>\r\n","protected":false},"excerpt":{"rendered":"<p>SEG\u00daN LAS NORMATIVAS SANITARIAS VIGENTES: El uso de la mascarilla no es obligatorio. Los visitantes tienen a su disposici\u00f3n dispensadores de gel hidroalcoh\u00f3lico en diferentes puntos de la visita. De forma peri\u00f3dica, se lleva a cabo una limpieza y desinfecci\u00f3n de los espacios y de sus instalaciones de acuerdo con las normativas vigentes; as\u00ed como &hellip;<\/p>\n<p class=\"read-more\"> <a class=\"\" href=\"https:\/\/sagradafamilia-tickets.com\/es\/medidas-de-seguridad-covid-19\/\"> <span class=\"screen-reader-text\">MEDIDAS DE SEGURIDAD COVID19<\/span> Leer m\u00e1s &raquo;<\/a><\/p>\n","protected":false},"author":3,"featured_media":0,"parent":0,"menu_order":0,"comment_status":"closed","ping_status":"closed","template":"","meta":{"site-sidebar-layout":"default","site-content-layout":"default","ast-global-header-display":"","ast-main-header-display":"","ast-hfb-above-header-display":"","ast-hfb-below-header-display":"","ast-hfb-mobile-header-display":"","site-post-title":"","ast-breadcrumbs-content":"","ast-featured-img":"","footer-sml-layout":"","theme-transparent-header-meta":"default","adv-header-id-meta":"","stick-header-meta":"","header-above-stick-meta":"","header-main-stick-meta":"","header-below-stick-meta":""},"yoast_head":"<!-- This site is optimized with the Yoast SEO plugin v20.4 - https:\/\/yoast.com\/wordpress\/plugins\/seo\/ -->\n<title>MEDIDAS DE SEGURIDAD COVID19 - Sagrada Familia Barcelona<\/title>\n<meta name=\"robots\" content=\"noindex, nofollow\" \/>\n<meta property=\"og:locale\" content=\"es_ES\" \/>\n<meta property=\"og:type\" content=\"article\" \/>\n<meta property=\"og:title\" content=\"MEDIDAS DE SEGURIDAD COVID19 - Sagrada Familia Barcelona\" \/>\n<meta property=\"og:description\" content=\"SEG\u00daN LAS NORMATIVAS SANITARIAS VIGENTES: El uso de la mascarilla no es obligatorio. Los visitantes tienen a su disposici\u00f3n dispensadores de gel hidroalcoh\u00f3lico en diferentes puntos de la visita. De forma peri\u00f3dica, se lleva a cabo una limpieza y desinfecci\u00f3n de los espacios y de sus instalaciones de acuerdo con las normativas vigentes; as\u00ed como &hellip; MEDIDAS DE SEGURIDAD COVID19 Leer m\u00e1s &raquo;\" \/>\n<meta property=\"og:url\" content=\"https:\/\/sagradafamilia-tickets.com\/es\/medidas-de-seguridad-covid-19\/\" \/>\n<meta property=\"og:site_name\" content=\"Sagrada Familia Barcelona\" \/>\n<meta property=\"article:modified_time\" content=\"2022-11-18T11:57:28+00:00\" \/>\n<meta name=\"twitter:card\" content=\"summary_large_image\" \/>\n<meta name=\"twitter:label1\" content=\"Tiempo de lectura\" \/>\n\t<meta name=\"twitter:data1\" content=\"1 minuto\" \/>\n<script type=\"application\/ld+json\" class=\"yoast-schema-graph\">{\"@context\":\"https:\/\/schema.org\",\"@graph\":[{\"@type\":\"WebPage\",\"@id\":\"https:\/\/sagradafamilia-tickets.com\/es\/medidas-de-seguridad-covid-19\/\",\"url\":\"https:\/\/sagradafamilia-tickets.com\/es\/medidas-de-seguridad-covid-19\/\",\"name\":\"MEDIDAS DE SEGURIDAD COVID19 - Sagrada Familia Barcelona\",\"isPartOf\":{\"@id\":\"https:\/\/sagradafamilia-tickets.com\/#website\"},\"datePublished\":\"2020-10-28T08:56:12+00:00\",\"dateModified\":\"2022-11-18T11:57:28+00:00\",\"breadcrumb\":{\"@id\":\"https:\/\/sagradafamilia-tickets.com\/es\/medidas-de-seguridad-covid-19\/#breadcrumb\"},\"inLanguage\":\"es\",\"potentialAction\":[{\"@type\":\"ReadAction\",\"target\":[\"https:\/\/sagradafamilia-tickets.com\/es\/medidas-de-seguridad-covid-19\/\"]}]},{\"@type\":\"BreadcrumbList\",\"@id\":\"https:\/\/sagradafamilia-tickets.com\/es\/medidas-de-seguridad-covid-19\/#breadcrumb\",\"itemListElement\":[{\"@type\":\"ListItem\",\"position\":1,\"name\":\"Home\",\"item\":\"https:\/\/sagradafamilia-tickets.com\/\"},{\"@type\":\"ListItem\",\"position\":2,\"name\":\"MEDIDAS DE SEGURIDAD COVID19\"}]},{\"@type\":\"WebSite\",\"@id\":\"https:\/\/sagradafamilia-tickets.com\/#website\",\"url\":\"https:\/\/sagradafamilia-tickets.com\/\",\"name\":\"Sagrada Familia Barcelona\",\"description\":\"Book Your Tickets &amp; Tours\",\"publisher\":{\"@id\":\"https:\/\/sagradafamilia-tickets.com\/#organization\"},\"potentialAction\":[{\"@type\":\"SearchAction\",\"target\":{\"@type\":\"EntryPoint\",\"urlTemplate\":\"https:\/\/sagradafamilia-tickets.com\/?s={search_term_string}\"},\"query-input\":\"required name=search_term_string\"}],\"inLanguage\":\"es\"},{\"@type\":\"Organization\",\"@id\":\"https:\/\/sagradafamilia-tickets.com\/#organization\",\"name\":\"Sagrada Familia Barcelona\",\"url\":\"https:\/\/sagradafamilia-tickets.com\/\",\"logo\":{\"@type\":\"ImageObject\",\"inLanguage\":\"es\",\"@id\":\"https:\/\/sagradafamilia-tickets.com\/#\/schema\/logo\/image\/\",\"url\":\"https:\/\/sagradafamilia-tickets.com\/wp-content\/uploads\/2022\/08\/Sagrada-Familia-Tick.png\",\"contentUrl\":\"https:\/\/sagradafamilia-tickets.com\/wp-content\/uploads\/2022\/08\/Sagrada-Familia-Tick.png\",\"width\":526,\"height\":50,\"caption\":\"Sagrada Familia Barcelona\"},\"image\":{\"@id\":\"https:\/\/sagradafamilia-tickets.com\/#\/schema\/logo\/image\/\"}}]}<\/script>\n<!-- \/ Yoast SEO plugin. -->","yoast_head_json":{"title":"MEDIDAS DE SEGURIDAD COVID19 - Sagrada Familia Barcelona","robots":{"index":"noindex","follow":"nofollow"},"og_locale":"es_ES","og_type":"article","og_title":"MEDIDAS DE SEGURIDAD COVID19 - Sagrada Familia Barcelona","og_description":"SEG\u00daN LAS NORMATIVAS SANITARIAS VIGENTES: El uso de la mascarilla no es obligatorio. Los visitantes tienen a su disposici\u00f3n dispensadores de gel hidroalcoh\u00f3lico en diferentes puntos de la visita. De forma peri\u00f3dica, se lleva a cabo una limpieza y desinfecci\u00f3n de los espacios y de sus instalaciones de acuerdo con las normativas vigentes; as\u00ed como &hellip; MEDIDAS DE SEGURIDAD COVID19 Leer m\u00e1s &raquo;","og_url":"https:\/\/sagradafamilia-tickets.com\/es\/medidas-de-seguridad-covid-19\/","og_site_name":"Sagrada Familia Barcelona","article_modified_time":"2022-11-18T11:57:28+00:00","twitter_card":"summary_large_image","twitter_misc":{"Tiempo de lectura":"1 minuto"},"schema":{"@context":"https:\/\/schema.org","@graph":[{"@type":"WebPage","@id":"https:\/\/sagradafamilia-tickets.com\/es\/medidas-de-seguridad-covid-19\/","url":"https:\/\/sagradafamilia-tickets.com\/es\/medidas-de-seguridad-covid-19\/","name":"MEDIDAS DE SEGURIDAD COVID19 - Sagrada Familia Barcelona","isPartOf":{"@id":"https:\/\/sagradafamilia-tickets.com\/#website"},"datePublished":"2020-10-28T08:56:12+00:00","dateModified":"2022-11-18T11:57:28+00:00","breadcrumb":{"@id":"https:\/\/sagradafamilia-tickets.com\/es\/medidas-de-seguridad-covid-19\/#breadcrumb"},"inLanguage":"es","potentialAction":[{"@type":"ReadAction","target":["https:\/\/sagradafamilia-tickets.com\/es\/medidas-de-seguridad-covid-19\/"]}]},{"@type":"BreadcrumbList","@id":"https:\/\/sagradafamilia-tickets.com\/es\/medidas-de-seguridad-covid-19\/#breadcrumb","itemListElement":[{"@type":"ListItem","position":1,"name":"Home","item":"https:\/\/sagradafamilia-tickets.com\/"},{"@type":"ListItem","position":2,"name":"MEDIDAS DE SEGURIDAD COVID19"}]},{"@type":"WebSite","@id":"https:\/\/sagradafamilia-tickets.com\/#website","url":"https:\/\/sagradafamilia-tickets.com\/","name":"Sagrada Familia Barcelona","description":"Book Your Tickets &amp; Tours","publisher":{"@id":"https:\/\/sagradafamilia-tickets.com\/#organization"},"potentialAction":[{"@type":"SearchAction","target":{"@type":"EntryPoint","urlTemplate":"https:\/\/sagradafamilia-tickets.com\/?s={search_term_string}"},"query-input":"required name=search_term_string"}],"inLanguage":"es"},{"@type":"Organization","@id":"https:\/\/sagradafamilia-tickets.com\/#organization","name":"Sagrada Familia Barcelona","url":"https:\/\/sagradafamilia-tickets.com\/","logo":{"@type":"ImageObject","inLanguage":"es","@id":"https:\/\/sagradafamilia-tickets.com\/#\/schema\/logo\/image\/","url":"https:\/\/sagradafamilia-tickets.com\/wp-content\/uploads\/2022\/08\/Sagrada-Familia-Tick.png","contentUrl":"https:\/\/sagradafamilia-tickets.com\/wp-content\/uploads\/2022\/08\/Sagrada-Familia-Tick.png","width":526,"height":50,"caption":"Sagrada Familia Barcelona"},"image":{"@id":"https:\/\/sagradafamilia-tickets.com\/#\/schema\/logo\/image\/"}}]}},"_links":{"self":[{"href":"https:\/\/sagradafamilia-tickets.com\/es\/wp-json\/wp\/v2\/pages\/3954"}],"collection":[{"href":"https:\/\/sagradafamilia-tickets.com\/es\/wp-json\/wp\/v2\/pages"}],"about":[{"href":"https:\/\/sagradafamilia-tickets.com\/es\/wp-json\/wp\/v2\/types\/page"}],"author":[{"embeddable":true,"href":"https:\/\/sagradafamilia-tickets.com\/es\/wp-json\/wp\/v2\/users\/3"}],"replies":[{"embeddable":true,"href":"https:\/\/sagradafamilia-tickets.com\/es\/wp-json\/wp\/v2\/comments?post=3954"}],"version-history":[{"count":4,"href":"https:\/\/sagradafamilia-tickets.com\/es\/wp-json\/wp\/v2\/pages\/3954\/revisions"}],"predecessor-version":[{"id":45766,"href":"https:\/\/sagradafamilia-tickets.com\/es\/wp-json\/wp\/v2\/pages\/3954\/revisions\/45766"}],"wp:attachment":[{"href":"https:\/\/sagradafamilia-tickets.com\/es\/wp-json\/wp\/v2\/media?parent=3954"}],"curies":[{"name":"wp","href":"https:\/\/api.w.org\/{rel}","templated":true}]}}