{"id":16973,"date":"2022-07-05T12:31:16","date_gmt":"2022-07-05T11:31:16","guid":{"rendered":"https:\/\/sagradafamilia-tickets.com\/?page_id=16973"},"modified":"2023-03-22T15:35:15","modified_gmt":"2023-03-22T14:35:15","slug":"cookies_policy","status":"publish","type":"page","link":"https:\/\/sagradafamilia-tickets.com\/es\/cookies_policy\/","title":{"rendered":"Pol\u00edtica de Cookies"},"content":{"rendered":"\t\t<div data-elementor-type=\"wp-page\" data-elementor-id=\"16973\" class=\"elementor elementor-16973 elementor-8773\">\n\t\t\t\t\t\t<div class=\"elementor-inner\">\n\t\t\t\t<div class=\"elementor-section-wrap\">\n\t\t\t\t\t\t\t\t\t<section class=\"elementor-section elementor-top-section elementor-element elementor-element-3bd7bd21 elementor-section-boxed elementor-section-height-default elementor-section-height-default\" data-id=\"3bd7bd21\" data-element_type=\"section\">\n\t\t\t\t\t\t<div class=\"elementor-container elementor-column-gap-default\">\n\t\t\t\t\t\t\t<div class=\"elementor-row\">\n\t\t\t\t\t<div class=\"elementor-column elementor-col-100 elementor-top-column elementor-element elementor-element-31c836d6\" data-id=\"31c836d6\" data-element_type=\"column\">\n\t\t\t<div class=\"elementor-column-wrap elementor-element-populated\">\n\t\t\t\t\t\t\t<div class=\"elementor-widget-wrap\">\n\t\t\t\t\t\t<div class=\"elementor-element elementor-element-4b2f3014 elementor-widget elementor-widget-text-editor\" data-id=\"4b2f3014\" data-element_type=\"widget\" data-widget_type=\"text-editor.default\">\n\t\t\t\t<div class=\"elementor-widget-container\">\n\t\t\t\t\t\t\t\t<div class=\"elementor-text-editor elementor-clearfix\">\n\t\t\t\t<h2><b>POL\u00cdTICA DE COOKIES<\/b><\/h2><h2>\u00a0<\/h2><p>\u00a0<\/p><ol><li><b> IDENTIFICACI\u00d3N Y DATOS DE CONTACTO DEL RESPONSABLE<\/b><\/li><\/ol><p><span style=\"font-weight: 400;\"><b><img loading=\"lazy\" class=\"alignnone size-full wp-image-75740\" src=\"https:\/\/sagradafamilia-tickets.com\/wp-content\/uploads\/2023\/03\/Itcubation-S.R.L.png\" alt=\"\" width=\"254\" height=\"16\" \/><\/b>, con NIF n\u00ba <i style=\"font-weight: inherit;\"><img loading=\"lazy\" class=\" wp-image-42095 alignnone\" src=\"https:\/\/sagradafamilia-tickets.com\/wp-content\/uploads\/2022\/10\/B67624437.png\" alt=\"\" width=\"72\" height=\"11\" \/><\/i>, con domicilio social en la Calle Balmes n\u00ba 32, Principal 2\u00aa, C.P. 08007 de la ciudad de Barcelona (Espa\u00f1a) e inscrita en el Registro Mercantil de (Barcelona) al Tomo 47314, Folio 29 (en adelante, el <\/span><i><span style=\"font-weight: 400;\">\u201cTitular\u201d<\/span><\/i><span style=\"font-weight: 400;\">), es responsable del tratamiento de aquellos datos que se recojan o generen como consecuencia del acceso, uso y navegaci\u00f3n por parte de los usuarios de www.sagradafamilia-tickets.com (en adelante, el <\/span><i><span style=\"font-weight: 400;\">\u201cUsuario\u201d<\/span><\/i><span style=\"font-weight: 400;\"> o <\/span><i><span style=\"font-weight: 400;\">\u201cUsuarios\u201d<\/span><\/i><span style=\"font-weight: 400;\"> y el <\/span><i><span style=\"font-weight: 400;\">\u201cSitio Web\u201d<\/span><\/i><span style=\"font-weight: 400;\"> o la <\/span><i><span style=\"font-weight: 400;\">\u201cWeb\u201d <\/span><\/i><span style=\"font-weight: 400;\">respectivamente), y utiliza cookies con la finalidad de monitorizar los h\u00e1bitos de navegaci\u00f3n de los Usuarios en esta Web, seg\u00fan lo indicado en la presente pol\u00edtica de cookies (en adelante, la <\/span><i><span style=\"font-weight: 400;\">\u201cPol\u00edtica de Cookies\u201d<\/span><\/i><span style=\"font-weight: 400;\">).<\/span><\/p><ol start=\"2\"><li><b> CONCEPTO<\/b><\/li><\/ol><p><span style=\"font-weight: 400;\">Una cookie es un fichero que se descarga en el hardware que utiliza el Usuario al acceder a determinadas p\u00e1ginas web con la finalidad de almacenar y recuperar informaci\u00f3n sobre la navegaci\u00f3n que se efect\u00faa desde dicho equipo. As\u00ed, la informaci\u00f3n recabada a trav\u00e9s de las cookies permite\u00a0obtener informaci\u00f3n sobre los h\u00e1bitos de navegaci\u00f3n de los Usuarios.<\/span><\/p><ol start=\"3\"><li><b> TIPOS DE COOKIES Y TRATAMIENTO DE LOS DATOS POR LAS COOKIES<\/b><\/li><\/ol><p><span style=\"font-weight: 400;\">En este Sitio Web se permite \u00fanicamente la utilizaci\u00f3n de las cookies de la herramienta Google Analytics que pertenece a Google, Inc. (en adelante,\u00a0<\/span><i><span style=\"font-weight: 400;\">\u201cGoogle\u201d<\/span><\/i><span style=\"font-weight: 400;\">), sociedad domiciliada en Delaware cuya oficina principal est\u00e1 en el n\u00ba 1600 del Amphitheatre Parkway, Mountain View (California), CA 94043, EE. UU, siendo por tanto \u00e9ste el tercero responsable de los datos de car\u00e1cter personal.<\/span><\/p><p><span style=\"font-weight: 400;\">En este sentido, Google Analytics capta las interacciones de los usuarios en el Sitio Web (hora de la visita, si el Usuario ha estado antes en el sitio, qu\u00e9 sitio ha recomendado al Usuario visitar la p\u00e1gina web en cuesti\u00f3n, direcci\u00f3n IP, etc.) y no proporciona al Titular informaci\u00f3n sobre la direcci\u00f3n IP real del Usuario, tan s\u00f3lo le facilita informaci\u00f3n estad\u00edstica consistente en visitas (visitantes \u00fanicos, n\u00famero de p\u00e1ginas vistas, p\u00e1gina\/vista, duraci\u00f3n media de la visita, % de rebote, % de visitas nuevas, visitantes nuevos y recurrentes, frecuencia y visitas recientes, interacciones, p\u00e1ginas visitadas), datos demogr\u00e1ficos (idioma, pa\u00eds\/territorio, ciudad), sistema (navegador, sistema operativo, proveedor de acceso a Internet, categor\u00eda de dispositivo), fuente\/medio, etc.<\/span><\/p><ol start=\"4\"><li><b> FINALIDAD DE LAS COOKIES<\/b><\/li><\/ol><p><span style=\"font-weight: 400;\">La finalidad es que el Titular pueda conocer los h\u00e1bitos de navegaci\u00f3n de los Usuarios del Sitio Web, y pueda consultar varios informes en los que se describe c\u00f3mo interact\u00faan los Usuarios que visitan el Sitio Web con el prop\u00f3sito de mejorarlo. A trav\u00e9s de esta informaci\u00f3n, el Titular puede analizar la navegaci\u00f3n de los Usuarios del Sitio Web, y adem\u00e1s Google Analytics informa de las tendencias del Sitio Web sin identificar a sus Usuarios.<\/span><\/p><p><span style=\"font-weight: 400;\">Por otro lado, el Usuario puede consultar las condiciones generales de Google en www.google.com\/analytics\/tos.html y su pol\u00edtica de privacidad en www.google.com\/intl\/es\/policies\/privacy.<\/span><\/p><p><span style=\"font-weight: 400;\">No obstante, el Titular no puede controlar ni se hace responsable del contenido y veracidad de los t\u00e9rminos y condiciones y las pol\u00edticas de privacidad de Google referenciadas en la presente Pol\u00edtica de Cookies.<\/span><\/p><ol start=\"5\"><li><b> DESACTIVACI\u00d3N DE LAS COOKIES<\/b><\/li><\/ol><p><span style=\"font-weight: 400;\">El usuario del Sitio Web podr\u00e1 en cualquier momento revocar el consentimiento prestado a trav\u00e9s del bot\u00f3n habilitado en el encabezado de la presente Pol\u00edtica de Cookies.<\/span><\/p><p><span style=\"font-weight: 400;\">De forma alternativa, tambi\u00e9n podr\u00e1 desactivar las cookies de Google Analytics, mediante los siguientes sistemas:<\/span><\/p><ol><li style=\"font-weight: 400;\" aria-level=\"1\"><span style=\"font-weight: 400;\">El sistema de opt-out de Google Analytics accesible en el siguiente enlace:\u00a0<\/span><ol><li style=\"font-weight: 400;\" aria-level=\"2\"><span style=\"font-weight: 400;\">https:\/\/tools.google.com\/dlpage\/gaoptout?hl=es\u00a0<\/span><\/li><\/ol><\/li><li style=\"font-weight: 400;\" aria-level=\"1\"><span style=\"font-weight: 400;\">La configuraci\u00f3n del\u00a0navegador; por ejemplo:<\/span><ol><li style=\"font-weight: 400;\" aria-level=\"2\"><span style=\"font-weight: 400;\">Chrome, desde\u00a0support.google.com\/chrome\/answer\/95647?hl=es<\/span><\/li><li style=\"font-weight: 400;\" aria-level=\"2\"><span style=\"font-weight: 400;\">Explorer, desde\u00a0support.microsoft.com\/es-es\/help\/17442\/windows-internetexplorer-delete-manage-cookies<\/span><\/li><li style=\"font-weight: 400;\" aria-level=\"2\"><span style=\"font-weight: 400;\">Firefox,desde\u00a0support.mozilla.org\/es\/kb\/habilitar-y-deshabilitar-cookies-sitios-web-rastrear-preferencias<\/span><\/li><li style=\"font-weight: 400;\" aria-level=\"2\"><span style=\"font-weight: 400;\">Safari, desde\u00a0support.apple.com\/es-es\/guide\/safari\/sfri11471\/mac<\/span><\/li><\/ol><\/li><\/ol><p><span style=\"font-weight: 400;\">La desactivaci\u00f3n de las cookies de Google Analytics no impedir\u00e1 el uso de este Sitio Web. Si elimina todas las cookies de este Sitio Web, a trav\u00e9s de su navegador, borrar\u00e1 tambi\u00e9n las opciones de configuraci\u00f3n que haya elegido sobre nuestras cookies. Adem\u00e1s, en cualquier caso, deber\u00e1 acceder a la versi\u00f3n m\u00e1s actualizada de cada navegador, y en el caso de que utilice cualquier otro navegador de Internet de los anteriormente indicados, recomendamos que consulte las distintas opciones de gesti\u00f3n de cookies que pudieran encontrarse disponibles en el mismo en cada momento.<\/span><\/p><ol start=\"6\"><li><b> CAMBIOS EN LA POL\u00cdTICA DE COOKIES<\/b><\/li><\/ol><p><span style=\"font-weight: 400;\">Para garantizar que las directrices del Titular en materia de cookies cumplan siempre con los requisitos legales vigentes en cada momento, el Titular se reserva el derecho de realizar cambios en la presente Pol\u00edtica de Cookies a fin y efectos de cumplir siempre con los requisitos legales aplicables en cada momento.<\/span><\/p><ol start=\"7\"><li><b> COMUNICACIONES Y TRANSFERENCIAS INTERNACIONALES DE DATOS<\/b><\/li><\/ol><p><span style=\"font-weight: 400;\">Las cookies de terceros utilizadas en el Sitio web pertenecen a Google, situado en Estados Unidos, fuera del Espacio Econ\u00f3mico Europeo. Google est\u00e1 adherido al Marco del Escudo de Privacidad U.E.-EE.UU.<\/span><\/p><p><span style=\"font-weight: 400;\">Los datos no ser\u00e1n comunicados a terceros, salvo por lo previsto en la pol\u00edtica de privacidad de Google se\u00f1alada anteriormente.<\/span><\/p><ol start=\"8\"><li><b> POL\u00cdTICA DE PRIVACIDAD<\/b><\/li><\/ol><p><span style=\"font-weight: 400;\">Puede leer nuestra <a href=\"https:\/\/sagradafamilia-tickets.com\/es\/privacy-policy\/\">pol\u00edtica de privacidad<\/a> para una mayor informaci\u00f3n sobre el tratamiento de datos personales.<\/span><\/p><ol start=\"9\"><li><b> DERECHOS DE LOS USUARIOS<\/b><\/li><\/ol><p><span style=\"font-weight: 400;\">El Usuario puede ejercitar los derechos de acceso, rectificaci\u00f3n, supresi\u00f3n, oposici\u00f3n, limitaci\u00f3n del tratamiento y portabilidad, cuando correspondan, as\u00ed como revocar su consentimiento, respecto del tratamiento del que es responsable el Titular. Para el efectivo ejercicio de estos derechos, el Usuario mediante escrito dirigido a la direcci\u00f3n de correo: <\/span><a href=\"mailto:support@sagradafamilia-tickets.com\"><span style=\"font-weight: 400;\">support@sagradafamilia-tickets.com<\/span><\/a><span style=\"font-weight: 400;\">, deber\u00e1 acreditar su identidad facilitando su nombre y apellidos, fotocopia del D.N.I o documento identificativo equivalente que acredite su identidad, petici\u00f3n en la que se concrete la solicitud, direcci\u00f3n a efectos de notificaciones, y fecha y firma del solicitante.<\/span><\/p><p><span style=\"font-weight: 400;\">Para el ejercicio de derechos frente a Google, deber\u00e1 remitirse a lo previsto en su pol\u00edtica de privacidad se\u00f1alada anteriormente.<\/span><\/p><p><span style=\"font-weight: 400;\">Asimismo, el Usuario podr\u00e1 reclamar ante la Agencia Espa\u00f1ola de Protecci\u00f3n de Datos (Autoridad de Control competente en esta materia en Espa\u00f1a), especialmente cuando no haya obtenido satisfacci\u00f3n en el ejercicio de sus derechos, mediante escrito dirigido a misma, C\/Jorge Juan, n\u00ba 6, 28001 &#8211; Madrid, o a trav\u00e9s de la web: www.agpd.es.<\/span><\/p>\t\t\t\t\t<\/div>\n\t\t\t\t\t\t<\/div>\n\t\t\t\t<\/div>\n\t\t\t\t\t\t<\/div>\n\t\t\t\t\t<\/div>\n\t\t<\/div>\n\t\t\t\t\t\t\t\t<\/div>\n\t\t\t\t\t<\/div>\n\t\t<\/section>\n\t\t\t\t\t\t\t\t\t<\/div>\n\t\t\t<\/div>\n\t\t\t\t\t<\/div>\n\t\t","protected":false},"excerpt":{"rendered":"<p>POL\u00cdTICA DE COOKIES \u00a0 \u00a0 IDENTIFICACI\u00d3N Y DATOS DE CONTACTO DEL RESPONSABLE , con NIF n\u00ba , con domicilio social en la Calle Balmes n\u00ba 32, Principal 2\u00aa, C.P. 08007 de la ciudad de Barcelona (Espa\u00f1a) e inscrita en el Registro Mercantil de (Barcelona) al Tomo 47314, Folio 29 (en adelante, el \u201cTitular\u201d), es responsable &hellip;<\/p>\n<p class=\"read-more\"> <a class=\"\" href=\"https:\/\/sagradafamilia-tickets.com\/es\/cookies_policy\/\"> <span class=\"screen-reader-text\">Pol\u00edtica de Cookies<\/span> Leer m\u00e1s &raquo;<\/a><\/p>\n","protected":false},"author":4,"featured_media":0,"parent":0,"menu_order":0,"comment_status":"closed","ping_status":"closed","template":"","meta":{"site-sidebar-layout":"default","site-content-layout":"default","ast-global-header-display":"","ast-main-header-display":"","ast-hfb-above-header-display":"","ast-hfb-below-header-display":"","ast-hfb-mobile-header-display":"","site-post-title":"disabled","ast-breadcrumbs-content":"","ast-featured-img":"","footer-sml-layout":"","theme-transparent-header-meta":"","adv-header-id-meta":"","stick-header-meta":"","header-above-stick-meta":"","header-main-stick-meta":"","header-below-stick-meta":""},"yoast_head":"<!-- This site is optimized with the Yoast SEO plugin v20.4 - https:\/\/yoast.com\/wordpress\/plugins\/seo\/ -->\n<title>Pol\u00edtica de Cookies - Sagrada Familia Barcelona<\/title>\n<meta name=\"robots\" content=\"noindex, follow, max-snippet:-1, max-image-preview:large, max-video-preview:-1\" \/>\n<meta property=\"og:locale\" content=\"es_ES\" \/>\n<meta property=\"og:type\" content=\"article\" \/>\n<meta property=\"og:title\" content=\"Pol\u00edtica de Cookies - Sagrada Familia Barcelona\" \/>\n<meta property=\"og:description\" content=\"POL\u00cdTICA DE COOKIES \u00a0 \u00a0 IDENTIFICACI\u00d3N Y DATOS DE CONTACTO DEL RESPONSABLE , con NIF n\u00ba , con domicilio social en la Calle Balmes n\u00ba 32, Principal 2\u00aa, C.P. 08007 de la ciudad de Barcelona (Espa\u00f1a) e inscrita en el Registro Mercantil de (Barcelona) al Tomo 47314, Folio 29 (en adelante, el \u201cTitular\u201d), es responsable &hellip; Pol\u00edtica de Cookies Leer m\u00e1s &raquo;\" \/>\n<meta property=\"og:url\" content=\"https:\/\/sagradafamilia-tickets.com\/cookies_policy\/\" \/>\n<meta property=\"og:site_name\" content=\"Sagrada Familia Barcelona\" \/>\n<meta property=\"article:modified_time\" content=\"2023-03-22T14:35:15+00:00\" \/>\n<meta property=\"og:image\" content=\"https:\/\/sagradafamilia-tickets.com\/wp-content\/uploads\/2023\/03\/Itcubation-S.R.L.png\" \/>\n<meta name=\"twitter:card\" content=\"summary_large_image\" \/>\n<meta name=\"twitter:label1\" content=\"Tiempo de lectura\" \/>\n\t<meta name=\"twitter:data1\" content=\"5 minutos\" \/>\n<script type=\"application\/ld+json\" class=\"yoast-schema-graph\">{\"@context\":\"https:\/\/schema.org\",\"@graph\":[{\"@type\":\"WebPage\",\"@id\":\"https:\/\/sagradafamilia-tickets.com\/cookies_policy\/\",\"url\":\"https:\/\/sagradafamilia-tickets.com\/cookies_policy\/\",\"name\":\"Pol\u00edtica de Cookies - Sagrada Familia Barcelona\",\"isPartOf\":{\"@id\":\"https:\/\/sagradafamilia-tickets.com\/#website\"},\"datePublished\":\"2022-07-05T11:31:16+00:00\",\"dateModified\":\"2023-03-22T14:35:15+00:00\",\"breadcrumb\":{\"@id\":\"https:\/\/sagradafamilia-tickets.com\/cookies_policy\/#breadcrumb\"},\"inLanguage\":\"es\",\"potentialAction\":[{\"@type\":\"ReadAction\",\"target\":[\"https:\/\/sagradafamilia-tickets.com\/cookies_policy\/\"]}]},{\"@type\":\"BreadcrumbList\",\"@id\":\"https:\/\/sagradafamilia-tickets.com\/cookies_policy\/#breadcrumb\",\"itemListElement\":[{\"@type\":\"ListItem\",\"position\":1,\"name\":\"Home\",\"item\":\"https:\/\/sagradafamilia-tickets.com\/\"},{\"@type\":\"ListItem\",\"position\":2,\"name\":\"Pol\u00edtica de Cookies\"}]},{\"@type\":\"WebSite\",\"@id\":\"https:\/\/sagradafamilia-tickets.com\/#website\",\"url\":\"https:\/\/sagradafamilia-tickets.com\/\",\"name\":\"Sagrada Familia Barcelona\",\"description\":\"Book Your Tickets &amp; Tours\",\"publisher\":{\"@id\":\"https:\/\/sagradafamilia-tickets.com\/#organization\"},\"potentialAction\":[{\"@type\":\"SearchAction\",\"target\":{\"@type\":\"EntryPoint\",\"urlTemplate\":\"https:\/\/sagradafamilia-tickets.com\/?s={search_term_string}\"},\"query-input\":\"required name=search_term_string\"}],\"inLanguage\":\"es\"},{\"@type\":\"Organization\",\"@id\":\"https:\/\/sagradafamilia-tickets.com\/#organization\",\"name\":\"Sagrada Familia Barcelona\",\"url\":\"https:\/\/sagradafamilia-tickets.com\/\",\"logo\":{\"@type\":\"ImageObject\",\"inLanguage\":\"es\",\"@id\":\"https:\/\/sagradafamilia-tickets.com\/#\/schema\/logo\/image\/\",\"url\":\"https:\/\/sagradafamilia-tickets.com\/wp-content\/uploads\/2022\/08\/Sagrada-Familia-Tick.png\",\"contentUrl\":\"https:\/\/sagradafamilia-tickets.com\/wp-content\/uploads\/2022\/08\/Sagrada-Familia-Tick.png\",\"width\":526,\"height\":50,\"caption\":\"Sagrada Familia Barcelona\"},\"image\":{\"@id\":\"https:\/\/sagradafamilia-tickets.com\/#\/schema\/logo\/image\/\"}}]}<\/script>\n<!-- \/ Yoast SEO plugin. -->","yoast_head_json":{"title":"Pol\u00edtica de Cookies - Sagrada Familia Barcelona","robots":{"index":"noindex","follow":"follow","max-snippet":"max-snippet:-1","max-image-preview":"max-image-preview:large","max-video-preview":"max-video-preview:-1"},"og_locale":"es_ES","og_type":"article","og_title":"Pol\u00edtica de Cookies - Sagrada Familia Barcelona","og_description":"POL\u00cdTICA DE COOKIES \u00a0 \u00a0 IDENTIFICACI\u00d3N Y DATOS DE CONTACTO DEL RESPONSABLE , con NIF n\u00ba , con domicilio social en la Calle Balmes n\u00ba 32, Principal 2\u00aa, C.P. 08007 de la ciudad de Barcelona (Espa\u00f1a) e inscrita en el Registro Mercantil de (Barcelona) al Tomo 47314, Folio 29 (en adelante, el \u201cTitular\u201d), es responsable &hellip; Pol\u00edtica de Cookies Leer m\u00e1s &raquo;","og_url":"https:\/\/sagradafamilia-tickets.com\/cookies_policy\/","og_site_name":"Sagrada Familia Barcelona","article_modified_time":"2023-03-22T14:35:15+00:00","og_image":[{"url":"https:\/\/sagradafamilia-tickets.com\/wp-content\/uploads\/2023\/03\/Itcubation-S.R.L.png"}],"twitter_card":"summary_large_image","twitter_misc":{"Tiempo de lectura":"5 minutos"},"schema":{"@context":"https:\/\/schema.org","@graph":[{"@type":"WebPage","@id":"https:\/\/sagradafamilia-tickets.com\/cookies_policy\/","url":"https:\/\/sagradafamilia-tickets.com\/cookies_policy\/","name":"Pol\u00edtica de Cookies - Sagrada Familia Barcelona","isPartOf":{"@id":"https:\/\/sagradafamilia-tickets.com\/#website"},"datePublished":"2022-07-05T11:31:16+00:00","dateModified":"2023-03-22T14:35:15+00:00","breadcrumb":{"@id":"https:\/\/sagradafamilia-tickets.com\/cookies_policy\/#breadcrumb"},"inLanguage":"es","potentialAction":[{"@type":"ReadAction","target":["https:\/\/sagradafamilia-tickets.com\/cookies_policy\/"]}]},{"@type":"BreadcrumbList","@id":"https:\/\/sagradafamilia-tickets.com\/cookies_policy\/#breadcrumb","itemListElement":[{"@type":"ListItem","position":1,"name":"Home","item":"https:\/\/sagradafamilia-tickets.com\/"},{"@type":"ListItem","position":2,"name":"Pol\u00edtica de Cookies"}]},{"@type":"WebSite","@id":"https:\/\/sagradafamilia-tickets.com\/#website","url":"https:\/\/sagradafamilia-tickets.com\/","name":"Sagrada Familia Barcelona","description":"Book Your Tickets &amp; Tours","publisher":{"@id":"https:\/\/sagradafamilia-tickets.com\/#organization"},"potentialAction":[{"@type":"SearchAction","target":{"@type":"EntryPoint","urlTemplate":"https:\/\/sagradafamilia-tickets.com\/?s={search_term_string}"},"query-input":"required name=search_term_string"}],"inLanguage":"es"},{"@type":"Organization","@id":"https:\/\/sagradafamilia-tickets.com\/#organization","name":"Sagrada Familia Barcelona","url":"https:\/\/sagradafamilia-tickets.com\/","logo":{"@type":"ImageObject","inLanguage":"es","@id":"https:\/\/sagradafamilia-tickets.com\/#\/schema\/logo\/image\/","url":"https:\/\/sagradafamilia-tickets.com\/wp-content\/uploads\/2022\/08\/Sagrada-Familia-Tick.png","contentUrl":"https:\/\/sagradafamilia-tickets.com\/wp-content\/uploads\/2022\/08\/Sagrada-Familia-Tick.png","width":526,"height":50,"caption":"Sagrada Familia Barcelona"},"image":{"@id":"https:\/\/sagradafamilia-tickets.com\/#\/schema\/logo\/image\/"}}]}},"_links":{"self":[{"href":"https:\/\/sagradafamilia-tickets.com\/es\/wp-json\/wp\/v2\/pages\/16973"}],"collection":[{"href":"https:\/\/sagradafamilia-tickets.com\/es\/wp-json\/wp\/v2\/pages"}],"about":[{"href":"https:\/\/sagradafamilia-tickets.com\/es\/wp-json\/wp\/v2\/types\/page"}],"author":[{"embeddable":true,"href":"https:\/\/sagradafamilia-tickets.com\/es\/wp-json\/wp\/v2\/users\/4"}],"replies":[{"embeddable":true,"href":"https:\/\/sagradafamilia-tickets.com\/es\/wp-json\/wp\/v2\/comments?post=16973"}],"version-history":[{"count":10,"href":"https:\/\/sagradafamilia-tickets.com\/es\/wp-json\/wp\/v2\/pages\/16973\/revisions"}],"predecessor-version":[{"id":75795,"href":"https:\/\/sagradafamilia-tickets.com\/es\/wp-json\/wp\/v2\/pages\/16973\/revisions\/75795"}],"wp:attachment":[{"href":"https:\/\/sagradafamilia-tickets.com\/es\/wp-json\/wp\/v2\/media?parent=16973"}],"curies":[{"name":"wp","href":"https:\/\/api.w.org\/{rel}","templated":true}]}}