{"id":78319,"date":"2023-03-28T13:54:40","date_gmt":"2023-03-28T12:54:40","guid":{"rendered":"https:\/\/sagradafamilia-tickets.com\/oeffnungszeiten-der-sagrada-familia\/"},"modified":"2023-03-28T13:54:44","modified_gmt":"2023-03-28T12:54:44","slug":"oeffnungszeiten-der-sagrada-familia","status":"publish","type":"page","link":"https:\/\/sagradafamilia-tickets.com\/de\/oeffnungszeiten-der-sagrada-familia\/","title":{"rendered":"\u00d6ffnungszeiten der Sagrada Familia"},"content":{"rendered":"\t\t<div data-elementor-type=\"wp-page\" data-elementor-id=\"78319\" class=\"elementor elementor-78319 elementor-3232\">\n\t\t\t\t\t\t<div class=\"elementor-inner\">\n\t\t\t\t<div class=\"elementor-section-wrap\">\n\t\t\t\t\t\t\t\t\t<section class=\"elementor-section elementor-top-section elementor-element elementor-element-608995a0 elementor-section-full_width elementor-section-height-min-height elementor-section-height-default elementor-section-items-middle\" data-id=\"608995a0\" data-element_type=\"section\" data-settings=\"{&quot;background_background&quot;:&quot;classic&quot;}\">\n\t\t\t\t\t\t\t<div class=\"elementor-background-overlay\"><\/div>\n\t\t\t\t\t\t\t<div class=\"elementor-container elementor-column-gap-default\">\n\t\t\t\t\t\t\t<div class=\"elementor-row\">\n\t\t\t\t\t<div class=\"elementor-column elementor-col-100 elementor-top-column elementor-element elementor-element-1df58d95\" data-id=\"1df58d95\" data-element_type=\"column\">\n\t\t\t<div class=\"elementor-column-wrap elementor-element-populated\">\n\t\t\t\t\t\t\t<div class=\"elementor-widget-wrap\">\n\t\t\t\t\t\t<div class=\"elementor-element elementor-element-e9e9e38 elementor-widget elementor-widget-heading\" data-id=\"e9e9e38\" data-element_type=\"widget\" data-widget_type=\"heading.default\">\n\t\t\t\t<div class=\"elementor-widget-container\">\n\t\t\t<h1 class=\"elementor-heading-title elementor-size-default\">\u00d6ffnungszeiten der Sagrada Fam\u00edlia<\/h1>\t\t<\/div>\n\t\t\t\t<\/div>\n\t\t\t\t\t\t<\/div>\n\t\t\t\t\t<\/div>\n\t\t<\/div>\n\t\t\t\t\t\t\t\t<\/div>\n\t\t\t\t\t<\/div>\n\t\t<\/section>\n\t\t\t\t<section class=\"elementor-section elementor-top-section elementor-element elementor-element-c219c46 elementor-section-boxed elementor-section-height-default elementor-section-height-default\" data-id=\"c219c46\" data-element_type=\"section\">\n\t\t\t\t\t\t<div class=\"elementor-container elementor-column-gap-default\">\n\t\t\t\t\t\t\t<div class=\"elementor-row\">\n\t\t\t\t\t<div class=\"elementor-column elementor-col-100 elementor-top-column elementor-element elementor-element-c45b833\" data-id=\"c45b833\" data-element_type=\"column\">\n\t\t\t<div class=\"elementor-column-wrap elementor-element-populated\">\n\t\t\t\t\t\t\t<div class=\"elementor-widget-wrap\">\n\t\t\t\t\t\t<div class=\"elementor-element elementor-element-b54c4d6 elementor-widget elementor-widget-woocommerce-breadcrumb\" data-id=\"b54c4d6\" data-element_type=\"widget\" data-widget_type=\"woocommerce-breadcrumb.default\">\n\t\t\t\t<div class=\"elementor-widget-container\">\n\t\t\t<nav class=\"woocommerce-breadcrumb\">Startseite<\/nav>\t\t<\/div>\n\t\t\t\t<\/div>\n\t\t\t\t\t\t<\/div>\n\t\t\t\t\t<\/div>\n\t\t<\/div>\n\t\t\t\t\t\t\t\t<\/div>\n\t\t\t\t\t<\/div>\n\t\t<\/section>\n\t\t\t\t<section class=\"elementor-section elementor-top-section elementor-element elementor-element-7f33b9f elementor-section-boxed elementor-section-height-default elementor-section-height-default\" data-id=\"7f33b9f\" data-element_type=\"section\">\n\t\t\t\t\t\t<div class=\"elementor-container elementor-column-gap-default\">\n\t\t\t\t\t\t\t<div class=\"elementor-row\">\n\t\t\t\t\t<div class=\"elementor-column elementor-col-100 elementor-top-column elementor-element elementor-element-7eae1b8\" data-id=\"7eae1b8\" data-element_type=\"column\">\n\t\t\t<div class=\"elementor-column-wrap elementor-element-populated\">\n\t\t\t\t\t\t\t<div class=\"elementor-widget-wrap\">\n\t\t\t\t\t\t<div class=\"elementor-element elementor-element-27413a2 elementor-widget elementor-widget-text-editor\" data-id=\"27413a2\" data-element_type=\"widget\" data-widget_type=\"text-editor.default\">\n\t\t\t\t<div class=\"elementor-widget-container\">\n\t\t\t\t\t\t\t\t<div class=\"elementor-text-editor elementor-clearfix\">\n\t\t\t\t<p>Die Sagrada Fam\u00edlia ist das ganze Jahr \u00fcber f\u00fcr Besucher ge\u00f6ffnet. Die \u00d6ffnungstage und -zeiten k\u00f6nnen in einigen F\u00e4llen von der Direktion ge\u00e4ndert werden, wenn besondere Veranstaltungen in der Basilika stattfinden. Siehe unten den Zeitplan.<\/p>\n\t\t\t\t\t<\/div>\n\t\t\t\t\t\t<\/div>\n\t\t\t\t<\/div>\n\t\t\t\t\t\t<\/div>\n\t\t\t\t\t<\/div>\n\t\t<\/div>\n\t\t\t\t\t\t\t\t<\/div>\n\t\t\t\t\t<\/div>\n\t\t<\/section>\n\t\t\t\t<section class=\"elementor-section elementor-top-section elementor-element elementor-element-11cc56c elementor-section-content-middle elementor-reverse-tablet elementor-reverse-mobile elementor-section-boxed elementor-section-height-default elementor-section-height-default\" data-id=\"11cc56c\" data-element_type=\"section\">\n\t\t\t\t\t\t<div class=\"elementor-container elementor-column-gap-default\">\n\t\t\t\t\t\t\t<div class=\"elementor-row\">\n\t\t\t\t\t<div class=\"elementor-column elementor-col-100 elementor-top-column elementor-element elementor-element-f8492b1\" data-id=\"f8492b1\" data-element_type=\"column\">\n\t\t\t<div class=\"elementor-column-wrap elementor-element-populated\">\n\t\t\t\t\t\t\t<div class=\"elementor-widget-wrap\">\n\t\t\t\t\t\t<div class=\"elementor-element elementor-element-5ffb50f elementor-widget elementor-widget-heading\" data-id=\"5ffb50f\" data-element_type=\"widget\" data-widget_type=\"heading.default\">\n\t\t\t\t<div class=\"elementor-widget-container\">\n\t\t\t<h2 class=\"elementor-heading-title elementor-size-default\">Die \u00d6ffnungszeiten<\/h2>\t\t<\/div>\n\t\t\t\t<\/div>\n\t\t\t\t<div class=\"elementor-element elementor-element-69689f2 elementor-widget-divider--view-line elementor-widget elementor-widget-divider\" data-id=\"69689f2\" data-element_type=\"widget\" data-widget_type=\"divider.default\">\n\t\t\t\t<div class=\"elementor-widget-container\">\n\t\t\t\t\t<div class=\"elementor-divider\">\n\t\t\t<span class=\"elementor-divider-separator\">\n\t\t\t\t\t\t<\/span>\n\t\t<\/div>\n\t\t\t\t<\/div>\n\t\t\t\t<\/div>\n\t\t\t\t<div class=\"elementor-element elementor-element-60b8695 elementor-widget elementor-widget-text-editor\" data-id=\"60b8695\" data-element_type=\"widget\" data-widget_type=\"text-editor.default\">\n\t\t\t\t<div class=\"elementor-widget-container\">\n\t\t\t\t\t\t\t\t<div class=\"elementor-text-editor elementor-clearfix\">\n\t\t\t\t<table>\n<tbody>\n<tr>\n<td>November bis Februar<\/td>\n<td><span style=\"font-weight: 400;\">9 AM bis 18 PM<\/span><\/td>\n<\/tr>\n<tr>\n<td>M\u00e4rz<\/td>\n<td>9 AM bis 19 PM<\/td>\n<\/tr>\n<tr>\n<td>April bis September<\/td>\n<td>9 AM bis 20 PM<\/td>\n<\/tr>\n<tr>\n<td>Oktober<\/td>\n<td>9 AM bis 19 PM<\/td>\n<\/tr>\n<tr>\n<td>25. und 26. Dezember \/ 1. und 6. Januar<\/td>\n<td><span style=\"font-weight: 400;\">9 AM bis 2 PM<\/span><\/td>\n<\/tr>\n<\/tbody>\n<\/table>\t\t\t\t\t<\/div>\n\t\t\t\t\t\t<\/div>\n\t\t\t\t<\/div>\n\t\t\t\t\t\t<\/div>\n\t\t\t\t\t<\/div>\n\t\t<\/div>\n\t\t\t\t\t\t\t\t<\/div>\n\t\t\t\t\t<\/div>\n\t\t<\/section>\n\t\t\t\t<section class=\"elementor-section elementor-top-section elementor-element elementor-element-9175c2d elementor-section-content-middle elementor-reverse-tablet elementor-reverse-mobile elementor-hidden-desktop elementor-hidden-tablet elementor-hidden-mobile elementor-section-boxed elementor-section-height-default elementor-section-height-default\" data-id=\"9175c2d\" data-element_type=\"section\">\n\t\t\t\t\t\t<div class=\"elementor-container elementor-column-gap-default\">\n\t\t\t\t\t\t\t<div class=\"elementor-row\">\n\t\t\t\t\t<div class=\"elementor-column elementor-col-100 elementor-top-column elementor-element elementor-element-dc36c7e\" data-id=\"dc36c7e\" data-element_type=\"column\">\n\t\t\t<div class=\"elementor-column-wrap elementor-element-populated\">\n\t\t\t\t\t\t\t<div class=\"elementor-widget-wrap\">\n\t\t\t\t\t\t<div class=\"elementor-element elementor-element-5d5c422 elementor-widget elementor-widget-heading\" data-id=\"5d5c422\" data-element_type=\"widget\" data-widget_type=\"heading.default\">\n\t\t\t\t<div class=\"elementor-widget-container\">\n\t\t\t<h2 class=\"elementor-heading-title elementor-size-default\">\u00d6ffnungszeiten des Gaud\u00ed-Haus-Museums<\/h2>\t\t<\/div>\n\t\t\t\t<\/div>\n\t\t\t\t<div class=\"elementor-element elementor-element-c332608 elementor-widget-divider--view-line elementor-widget elementor-widget-divider\" data-id=\"c332608\" data-element_type=\"widget\" data-widget_type=\"divider.default\">\n\t\t\t\t<div class=\"elementor-widget-container\">\n\t\t\t\t\t<div class=\"elementor-divider\">\n\t\t\t<span class=\"elementor-divider-separator\">\n\t\t\t\t\t\t<\/span>\n\t\t<\/div>\n\t\t\t\t<\/div>\n\t\t\t\t<\/div>\n\t\t\t\t<div class=\"elementor-element elementor-element-185ccd0 elementor-widget elementor-widget-text-editor\" data-id=\"185ccd0\" data-element_type=\"widget\" data-widget_type=\"text-editor.default\">\n\t\t\t\t<div class=\"elementor-widget-container\">\n\t\t\t\t\t\t\t\t<div class=\"elementor-text-editor elementor-clearfix\">\n\t\t\t\t<p>Das Museum des Gaud\u00ed-Hauses ist das ganze Jahr \u00fcber f\u00fcr Besucher ge\u00f6ffnet. Siehe unten den Zeitplan.<\/p>\n<p><strong>\u00d6ffnungszeiten des Gaud\u00ed-Haus-Museums<\/strong><\/p>\n<table>\n<tbody>\n<tr>\n<td>\n<p>Oktober bis M\u00e4rz<\/p>\n<\/td>\n<td>\n<p>10 AM bis 18 PM<\/p>\n<\/td>\n<\/tr>\n<tr>\n<td>\n<p>April bis September<\/p>\n<\/td>\n<td>\n<p>9 AM bis 20 PM<\/p>\n<\/td>\n<\/tr>\n<tr>\n<td>\n<p>25. und 26. Dezember<br \/><span style=\"font-size: 16px;\">1. und 6. Januar<\/span><\/p>\n<\/td>\n<td>\n<p>10 AM bis 2PM<\/p>\n<\/td>\n<\/tr>\n<\/tbody>\n<\/table>\n\t\t\t\t\t<\/div>\n\t\t\t\t\t\t<\/div>\n\t\t\t\t<\/div>\n\t\t\t\t\t\t<\/div>\n\t\t\t\t\t<\/div>\n\t\t<\/div>\n\t\t\t\t\t\t\t\t<\/div>\n\t\t\t\t\t<\/div>\n\t\t<\/section>\n\t\t\t\t<section class=\"elementor-section elementor-top-section elementor-element elementor-element-39d3d34 elementor-section-content-middle elementor-reverse-tablet elementor-reverse-mobile elementor-section-boxed elementor-section-height-default elementor-section-height-default\" data-id=\"39d3d34\" data-element_type=\"section\">\n\t\t\t\t\t\t<div class=\"elementor-container elementor-column-gap-default\">\n\t\t\t\t\t\t\t<div class=\"elementor-row\">\n\t\t\t\t\t<div class=\"elementor-column elementor-col-100 elementor-top-column elementor-element elementor-element-a7b20c3\" data-id=\"a7b20c3\" data-element_type=\"column\">\n\t\t\t<div class=\"elementor-column-wrap elementor-element-populated\">\n\t\t\t\t\t\t\t<div class=\"elementor-widget-wrap\">\n\t\t\t\t\t\t<div class=\"elementor-element elementor-element-5cb4998 elementor-widget elementor-widget-heading\" data-id=\"5cb4998\" data-element_type=\"widget\" data-widget_type=\"heading.default\">\n\t\t\t\t<div class=\"elementor-widget-container\">\n\t\t\t<h2 class=\"elementor-heading-title elementor-size-default\">Dienstleistungen Stunden  <\/h2>\t\t<\/div>\n\t\t\t\t<\/div>\n\t\t\t\t<div class=\"elementor-element elementor-element-b530e89 elementor-widget-divider--view-line elementor-widget elementor-widget-divider\" data-id=\"b530e89\" data-element_type=\"widget\" data-widget_type=\"divider.default\">\n\t\t\t\t<div class=\"elementor-widget-container\">\n\t\t\t\t\t<div class=\"elementor-divider\">\n\t\t\t<span class=\"elementor-divider-separator\">\n\t\t\t\t\t\t<\/span>\n\t\t<\/div>\n\t\t\t\t<\/div>\n\t\t\t\t<\/div>\n\t\t\t\t<div class=\"elementor-element elementor-element-e2f66c1 elementor-widget elementor-widget-text-editor\" data-id=\"e2f66c1\" data-element_type=\"widget\" data-widget_type=\"text-editor.default\">\n\t\t\t\t<div class=\"elementor-widget-container\">\n\t\t\t\t\t\t\t\t<div class=\"elementor-text-editor elementor-clearfix\">\n\t\t\t\t<p>Die Sagrada Fam\u00edlia ist nicht nur ein einzigartiger Tempel, sondern auch eine funktionierende r\u00f6misch-katholische Kirche, in der jeden Sonntagmorgen um 9 Uhr und samstags um 20 Uhr eine Messe abgehalten wird. Der Gottesdienst dauert etwa 1 Stunde und wird in mehreren Sprachen abgehalten, um Einheimischen und Touristen gerecht zu werden. Der Eintritt ist frei.  <\/p>\n<p>Der Platz im Inneren ist begrenzt, daher gilt: Wer zuerst kommt, mahlt zuerst. Wenn Sie einen Gottesdienst besuchen m\u00f6chten, sollten Sie f\u00fcr die Sonntagsmesse vor 8.30 Uhr und f\u00fcr den Samstagsgottesdienst vor 19.30 Uhr am Eingang in der N\u00e4he der Krippenfassade sein. Es gibt einige besondere Termine f\u00fcr Gottesdienste, die im Laufe des Jahres stattfinden. Es ist wichtig, dass Sie sich gut kleiden und benehmen, wenn Sie die Messe besuchen.<\/p>\n\t\t\t\t\t<\/div>\n\t\t\t\t\t\t<\/div>\n\t\t\t\t<\/div>\n\t\t\t\t\t\t<\/div>\n\t\t\t\t\t<\/div>\n\t\t<\/div>\n\t\t\t\t\t\t\t\t<\/div>\n\t\t\t\t\t<\/div>\n\t\t<\/section>\n\t\t\t\t\t\t\t\t\t<\/div>\n\t\t\t<\/div>\n\t\t\t\t\t<\/div>\n\t\t","protected":false},"excerpt":{"rendered":"<p>\u00d6ffnungszeiten der Sagrada Fam\u00edlia Die Sagrada Fam\u00edlia ist das ganze Jahr \u00fcber f\u00fcr Besucher ge\u00f6ffnet. Die \u00d6ffnungstage und -zeiten k\u00f6nnen in einigen F\u00e4llen von der Direktion ge\u00e4ndert werden, wenn besondere Veranstaltungen in der Basilika stattfinden. Siehe unten den Zeitplan. Die \u00d6ffnungszeiten November bis Februar 9 AM bis 18 PM M\u00e4rz 9 AM bis 19 PM &hellip;<\/p>\n<p class=\"read-more\"> <a class=\"\" href=\"https:\/\/sagradafamilia-tickets.com\/de\/oeffnungszeiten-der-sagrada-familia\/\"> <span class=\"screen-reader-text\">\u00d6ffnungszeiten der Sagrada Familia<\/span> Weiterlesen &raquo;<\/a><\/p>\n","protected":false},"author":3,"featured_media":0,"parent":0,"menu_order":0,"comment_status":"closed","ping_status":"closed","template":"","meta":{"site-sidebar-layout":"no-sidebar","site-content-layout":"page-builder","ast-global-header-display":"","ast-main-header-display":"","ast-hfb-above-header-display":"","ast-hfb-below-header-display":"","ast-hfb-mobile-header-display":"","site-post-title":"disabled","ast-breadcrumbs-content":"","ast-featured-img":"disabled","footer-sml-layout":"","theme-transparent-header-meta":"default","adv-header-id-meta":"","stick-header-meta":"","header-above-stick-meta":"","header-main-stick-meta":"","header-below-stick-meta":""},"yoast_head":"<!-- This site is optimized with the Yoast SEO plugin v20.4 - https:\/\/yoast.com\/wordpress\/plugins\/seo\/ -->\n<title>\u00d6ffnungszeiten der Sagrada Familia | \u00dcberpr\u00fcfen Sie den Zeitplan<\/title>\n<meta name=\"description\" content=\"Die Sagrada Fam\u00edlia ist eine funktionierende r\u00f6misch-katholische Kirche, die das ganze Jahr \u00fcber f\u00fcr Besucher ge\u00f6ffnet ist. Hier k\u00f6nnen Sie das vollst\u00e4ndige Programm einsehen und Ihren Besuch planen\" \/>\n<meta name=\"robots\" content=\"noindex, follow, max-snippet:-1, max-image-preview:large, max-video-preview:-1\" \/>\n<meta property=\"og:locale\" content=\"de_DE\" \/>\n<meta property=\"og:type\" content=\"article\" \/>\n<meta property=\"og:title\" content=\"\u00d6ffnungszeiten der Sagrada Familia | \u00dcberpr\u00fcfen Sie den Zeitplan\" \/>\n<meta property=\"og:description\" content=\"Die Sagrada Fam\u00edlia ist eine funktionierende r\u00f6misch-katholische Kirche, die das ganze Jahr \u00fcber f\u00fcr Besucher ge\u00f6ffnet ist. Hier k\u00f6nnen Sie das vollst\u00e4ndige Programm einsehen und Ihren Besuch planen\" \/>\n<meta property=\"og:url\" content=\"https:\/\/sagradafamilia-tickets.com\/de\/oeffnungszeiten-der-sagrada-familia\/\" \/>\n<meta property=\"og:site_name\" content=\"Sagrada Familia Barcelona\" \/>\n<meta property=\"article:modified_time\" content=\"2023-03-28T12:54:44+00:00\" \/>\n<meta name=\"twitter:card\" content=\"summary_large_image\" \/>\n<meta name=\"twitter:label1\" content=\"Gesch\u00e4tzte Lesezeit\" \/>\n\t<meta name=\"twitter:data1\" content=\"1 Minute\" \/>\n<script type=\"application\/ld+json\" class=\"yoast-schema-graph\">{\"@context\":\"https:\/\/schema.org\",\"@graph\":[{\"@type\":\"WebPage\",\"@id\":\"https:\/\/sagradafamilia-tickets.com\/de\/oeffnungszeiten-der-sagrada-familia\/\",\"url\":\"https:\/\/sagradafamilia-tickets.com\/de\/oeffnungszeiten-der-sagrada-familia\/\",\"name\":\"\u00d6ffnungszeiten der Sagrada Familia | \u00dcberpr\u00fcfen Sie den Zeitplan\",\"isPartOf\":{\"@id\":\"https:\/\/sagradafamilia-tickets.com\/#website\"},\"datePublished\":\"2023-03-28T12:54:40+00:00\",\"dateModified\":\"2023-03-28T12:54:44+00:00\",\"description\":\"Die Sagrada Fam\u00edlia ist eine funktionierende r\u00f6misch-katholische Kirche, die das ganze Jahr \u00fcber f\u00fcr Besucher ge\u00f6ffnet ist. Hier k\u00f6nnen Sie das vollst\u00e4ndige Programm einsehen und Ihren Besuch planen\",\"breadcrumb\":{\"@id\":\"https:\/\/sagradafamilia-tickets.com\/de\/oeffnungszeiten-der-sagrada-familia\/#breadcrumb\"},\"inLanguage\":\"de-DE\",\"potentialAction\":[{\"@type\":\"ReadAction\",\"target\":[\"https:\/\/sagradafamilia-tickets.com\/de\/oeffnungszeiten-der-sagrada-familia\/\"]}]},{\"@type\":\"BreadcrumbList\",\"@id\":\"https:\/\/sagradafamilia-tickets.com\/de\/oeffnungszeiten-der-sagrada-familia\/#breadcrumb\",\"itemListElement\":[{\"@type\":\"ListItem\",\"position\":1,\"name\":\"Home\",\"item\":\"https:\/\/sagradafamilia-tickets.com\/\"},{\"@type\":\"ListItem\",\"position\":2,\"name\":\"\u00d6ffnungszeiten der Sagrada Familia\"}]},{\"@type\":\"WebSite\",\"@id\":\"https:\/\/sagradafamilia-tickets.com\/#website\",\"url\":\"https:\/\/sagradafamilia-tickets.com\/\",\"name\":\"Sagrada Familia Barcelona\",\"description\":\"Book Your Tickets &amp; Tours\",\"publisher\":{\"@id\":\"https:\/\/sagradafamilia-tickets.com\/#organization\"},\"potentialAction\":[{\"@type\":\"SearchAction\",\"target\":{\"@type\":\"EntryPoint\",\"urlTemplate\":\"https:\/\/sagradafamilia-tickets.com\/?s={search_term_string}\"},\"query-input\":\"required name=search_term_string\"}],\"inLanguage\":\"de-DE\"},{\"@type\":\"Organization\",\"@id\":\"https:\/\/sagradafamilia-tickets.com\/#organization\",\"name\":\"Sagrada Familia Barcelona\",\"url\":\"https:\/\/sagradafamilia-tickets.com\/\",\"logo\":{\"@type\":\"ImageObject\",\"inLanguage\":\"de-DE\",\"@id\":\"https:\/\/sagradafamilia-tickets.com\/#\/schema\/logo\/image\/\",\"url\":\"https:\/\/sagradafamilia-tickets.com\/wp-content\/uploads\/2022\/08\/Sagrada-Familia-Tick.png\",\"contentUrl\":\"https:\/\/sagradafamilia-tickets.com\/wp-content\/uploads\/2022\/08\/Sagrada-Familia-Tick.png\",\"width\":526,\"height\":50,\"caption\":\"Sagrada Familia Barcelona\"},\"image\":{\"@id\":\"https:\/\/sagradafamilia-tickets.com\/#\/schema\/logo\/image\/\"}}]}<\/script>\n<!-- \/ Yoast SEO plugin. -->","yoast_head_json":{"title":"\u00d6ffnungszeiten der Sagrada Familia | \u00dcberpr\u00fcfen Sie den Zeitplan","description":"Die Sagrada Fam\u00edlia ist eine funktionierende r\u00f6misch-katholische Kirche, die das ganze Jahr \u00fcber f\u00fcr Besucher ge\u00f6ffnet ist. Hier k\u00f6nnen Sie das vollst\u00e4ndige Programm einsehen und Ihren Besuch planen","robots":{"index":"noindex","follow":"follow","max-snippet":"max-snippet:-1","max-image-preview":"max-image-preview:large","max-video-preview":"max-video-preview:-1"},"og_locale":"de_DE","og_type":"article","og_title":"\u00d6ffnungszeiten der Sagrada Familia | \u00dcberpr\u00fcfen Sie den Zeitplan","og_description":"Die Sagrada Fam\u00edlia ist eine funktionierende r\u00f6misch-katholische Kirche, die das ganze Jahr \u00fcber f\u00fcr Besucher ge\u00f6ffnet ist. Hier k\u00f6nnen Sie das vollst\u00e4ndige Programm einsehen und Ihren Besuch planen","og_url":"https:\/\/sagradafamilia-tickets.com\/de\/oeffnungszeiten-der-sagrada-familia\/","og_site_name":"Sagrada Familia Barcelona","article_modified_time":"2023-03-28T12:54:44+00:00","twitter_card":"summary_large_image","twitter_misc":{"Gesch\u00e4tzte Lesezeit":"1 Minute"},"schema":{"@context":"https:\/\/schema.org","@graph":[{"@type":"WebPage","@id":"https:\/\/sagradafamilia-tickets.com\/de\/oeffnungszeiten-der-sagrada-familia\/","url":"https:\/\/sagradafamilia-tickets.com\/de\/oeffnungszeiten-der-sagrada-familia\/","name":"\u00d6ffnungszeiten der Sagrada Familia | \u00dcberpr\u00fcfen Sie den Zeitplan","isPartOf":{"@id":"https:\/\/sagradafamilia-tickets.com\/#website"},"datePublished":"2023-03-28T12:54:40+00:00","dateModified":"2023-03-28T12:54:44+00:00","description":"Die Sagrada Fam\u00edlia ist eine funktionierende r\u00f6misch-katholische Kirche, die das ganze Jahr \u00fcber f\u00fcr Besucher ge\u00f6ffnet ist. Hier k\u00f6nnen Sie das vollst\u00e4ndige Programm einsehen und Ihren Besuch planen","breadcrumb":{"@id":"https:\/\/sagradafamilia-tickets.com\/de\/oeffnungszeiten-der-sagrada-familia\/#breadcrumb"},"inLanguage":"de-DE","potentialAction":[{"@type":"ReadAction","target":["https:\/\/sagradafamilia-tickets.com\/de\/oeffnungszeiten-der-sagrada-familia\/"]}]},{"@type":"BreadcrumbList","@id":"https:\/\/sagradafamilia-tickets.com\/de\/oeffnungszeiten-der-sagrada-familia\/#breadcrumb","itemListElement":[{"@type":"ListItem","position":1,"name":"Home","item":"https:\/\/sagradafamilia-tickets.com\/"},{"@type":"ListItem","position":2,"name":"\u00d6ffnungszeiten der Sagrada Familia"}]},{"@type":"WebSite","@id":"https:\/\/sagradafamilia-tickets.com\/#website","url":"https:\/\/sagradafamilia-tickets.com\/","name":"Sagrada Familia Barcelona","description":"Book Your Tickets &amp; Tours","publisher":{"@id":"https:\/\/sagradafamilia-tickets.com\/#organization"},"potentialAction":[{"@type":"SearchAction","target":{"@type":"EntryPoint","urlTemplate":"https:\/\/sagradafamilia-tickets.com\/?s={search_term_string}"},"query-input":"required name=search_term_string"}],"inLanguage":"de-DE"},{"@type":"Organization","@id":"https:\/\/sagradafamilia-tickets.com\/#organization","name":"Sagrada Familia Barcelona","url":"https:\/\/sagradafamilia-tickets.com\/","logo":{"@type":"ImageObject","inLanguage":"de-DE","@id":"https:\/\/sagradafamilia-tickets.com\/#\/schema\/logo\/image\/","url":"https:\/\/sagradafamilia-tickets.com\/wp-content\/uploads\/2022\/08\/Sagrada-Familia-Tick.png","contentUrl":"https:\/\/sagradafamilia-tickets.com\/wp-content\/uploads\/2022\/08\/Sagrada-Familia-Tick.png","width":526,"height":50,"caption":"Sagrada Familia Barcelona"},"image":{"@id":"https:\/\/sagradafamilia-tickets.com\/#\/schema\/logo\/image\/"}}]}},"_links":{"self":[{"href":"https:\/\/sagradafamilia-tickets.com\/de\/wp-json\/wp\/v2\/pages\/78319"}],"collection":[{"href":"https:\/\/sagradafamilia-tickets.com\/de\/wp-json\/wp\/v2\/pages"}],"about":[{"href":"https:\/\/sagradafamilia-tickets.com\/de\/wp-json\/wp\/v2\/types\/page"}],"author":[{"embeddable":true,"href":"https:\/\/sagradafamilia-tickets.com\/de\/wp-json\/wp\/v2\/users\/3"}],"replies":[{"embeddable":true,"href":"https:\/\/sagradafamilia-tickets.com\/de\/wp-json\/wp\/v2\/comments?post=78319"}],"version-history":[{"count":1,"href":"https:\/\/sagradafamilia-tickets.com\/de\/wp-json\/wp\/v2\/pages\/78319\/revisions"}],"predecessor-version":[{"id":78320,"href":"https:\/\/sagradafamilia-tickets.com\/de\/wp-json\/wp\/v2\/pages\/78319\/revisions\/78320"}],"wp:attachment":[{"href":"https:\/\/sagradafamilia-tickets.com\/de\/wp-json\/wp\/v2\/media?parent=78319"}],"curies":[{"name":"wp","href":"https:\/\/api.w.org\/{rel}","templated":true}]}}